{"id":18628,"date":"2024-08-23T09:48:16","date_gmt":"2024-08-23T09:48:16","guid":{"rendered":"https:\/\/nakyxozy.cyon.site\/?post_type=product&#038;p=18628"},"modified":"2024-12-18T10:03:09","modified_gmt":"2024-12-18T10:03:09","slug":"omega-seamaster-aquaterra-co-axial-chronometer-36mm-full-set-serviced-warranty","status":"publish","type":"product","link":"https:\/\/chrono-scope.ch\/de\/produkt\/omega-seamaster-aquaterra-co-axial-chronometer-36mm-full-set-serviced-warranty\/","title":{"rendered":"SOLD &#8211; Omega Seamaster AquaTerra Co-Axial Chronometer 36mm, full set, serviced, warranty"},"content":{"rendered":"<p style=\"text-align: left\"><strong>MODELL \/ REFERENZ:<\/strong> Omega Seamaster Co-Axial Chronometer, Ref. 2504.50.00, Seriennummer 81&#8217;785&#8217;053.<\/p>\n<p style=\"text-align: left\"><strong>SPEZIFIKATIONEN:<\/strong><\/p>\n<p style=\"text-align: left\"><strong>DURCHMESSER:<\/strong> 36,2 mm<\/p>\n<p style=\"text-align: left\"><strong>DICKE: <\/strong>11 mm<\/p>\n<p style=\"text-align: left\"><strong>GEH\u00c4USE:<\/strong> Stahl<\/p>\n<p style=\"text-align: left\"><strong>BAND:<\/strong> Stahl<\/p>\n<p style=\"text-align: left\"><strong>ZIFFERN:<\/strong> Schwarz<\/p>\n<p style=\"text-align: left\"><strong>SCHLIESSER:<\/strong> Faltbare Schlie\u00dfe aus Stahl. Das Armband passt f\u00fcr ein Handgelenk von ca. 18,5 cm.<\/p>\n<p style=\"text-align: left\"><strong>GLAS:<\/strong> Kratzfestes Saphirglas<\/p>\n<p style=\"text-align: left\"><strong>UHRWERK:<\/strong> Automatisches Omega Kal. 2500. Chronometer mit Automatikaufzug (COSC-zertifiziert), Co-Axiales Hemmungswerk mit rhodinierter Oberfl\u00e4che. 48 Stunden Gangreserve, Frequenz 3,5 Hz<\/p>\n<p style=\"text-align: left\"><strong>ZUSTANDSBERICHT:<\/strong>Die Uhr ist in ausgezeichnetem Zustand mit nur minimalen Gebrauchsspuren.<br \/>\nDas Uhrwerk ist voll funktionsf\u00e4hig und wurde im Juli 2024 gewartet<\/p>\n<p style=\"text-align: left\"><strong>ZUBEH\u00d6R:<\/strong> Original-Garantiekarte, Anh\u00e4ngeetiketten, Omega-Service-Box, Gebrauchsanweisung.<\/p>\n<p style=\"text-align: left\"><strong>GARANTIE:<\/strong> Wir garantieren die Echtheit der Uhr. Wir gew\u00e4hren au\u00dferdem 24 Monate Garantie auf die korrekte Funktion dieses Zeitmessers. F\u00fcr alle Garantien gelten die Allgemeinen Gesch\u00e4ftsbedingungen.<\/p>\n<p style=\"text-align: left\">Bitte z\u00f6gern Sie nicht, Fragen zu stellen, wir werden sie gerne beantworten.<\/p>\n<p style=\"text-align: left\">Eine virtuelle oder pers\u00f6nliche Besichtigung ist nach Vereinbarung m\u00f6glich.<\/p>\n","protected":false},"excerpt":{"rendered":"<p style=\"text-align: left\">Wir freuen uns, eine attraktive <strong>Omega Seamaster AquaTerra Co-Axial Chronometer 36mm, ref 2504.50.00,<\/strong> in sehr gutem gebrauchten Zustand anbieten zu k\u00f6nnen.<br \/>\nDie Uhr wurde urspr\u00fcnglich im Mai 2004 verkauft und wurde gerade gewartet.<br \/>\n2 Jahre Garantie.<\/p>\n","protected":false},"featured_media":18559,"template":"","meta":{"om_disable_all_campaigns":false,"_monsterinsights_skip_tracking":false,"_monsterinsights_sitenote_active":false,"_monsterinsights_sitenote_note":"","_monsterinsights_sitenote_category":0},"product_brand":[],"product_cat":[61,71,74],"product_tag":[],"class_list":{"0":"post-18628","1":"product","2":"type-product","3":"status-publish","4":"has-post-thumbnail","6":"product_cat-omega-de","7":"product_cat-verkaufte-uhren","8":"product_cat-vintage-de","10":"first","11":"instock","12":"taxable","13":"shipping-taxable","14":"purchasable","15":"product-type-simple"},"aioseo_notices":[],"_links":{"self":[{"href":"https:\/\/chrono-scope.ch\/de\/wp-json\/wp\/v2\/product\/18628","targetHints":{"allow":["GET"]}}],"collection":[{"href":"https:\/\/chrono-scope.ch\/de\/wp-json\/wp\/v2\/product"}],"about":[{"href":"https:\/\/chrono-scope.ch\/de\/wp-json\/wp\/v2\/types\/product"}],"version-history":[{"count":6,"href":"https:\/\/chrono-scope.ch\/de\/wp-json\/wp\/v2\/product\/18628\/revisions"}],"predecessor-version":[{"id":21545,"href":"https:\/\/chrono-scope.ch\/de\/wp-json\/wp\/v2\/product\/18628\/revisions\/21545"}],"wp:featuredmedia":[{"embeddable":true,"href":"https:\/\/chrono-scope.ch\/de\/wp-json\/wp\/v2\/media\/18559"}],"wp:attachment":[{"href":"https:\/\/chrono-scope.ch\/de\/wp-json\/wp\/v2\/media?parent=18628"}],"wp:term":[{"taxonomy":"product_brand","embeddable":true,"href":"https:\/\/chrono-scope.ch\/de\/wp-json\/wp\/v2\/product_brand?post=18628"},{"taxonomy":"product_cat","embeddable":true,"href":"https:\/\/chrono-scope.ch\/de\/wp-json\/wp\/v2\/product_cat?post=18628"},{"taxonomy":"product_tag","embeddable":true,"href":"https:\/\/chrono-scope.ch\/de\/wp-json\/wp\/v2\/product_tag?post=18628"}],"curies":[{"name":"wp","href":"https:\/\/api.w.org\/{rel}","templated":true}]}}