{"id":18627,"date":"2024-08-26T09:10:13","date_gmt":"2024-08-26T09:10:13","guid":{"rendered":"https:\/\/nakyxozy.cyon.site\/?post_type=product&#038;p=18627"},"modified":"2024-11-20T08:44:20","modified_gmt":"2024-11-20T08:44:20","slug":"omega-speedmaster-moonwatch-professional-rhodium-display-back-serviced-warranty","status":"publish","type":"product","link":"https:\/\/chrono-scope.ch\/de\/produkt\/omega-speedmaster-moonwatch-professional-rhodium-display-back-serviced-warranty\/","title":{"rendered":"Omega Speedmaster Moonwatch \u201cProfessional Rhodium\u201d display back, serviced, warranty"},"content":{"rendered":"<p style=\"text-align: left\"><strong>MODELL \/ REFERENZ:<\/strong> eine Omega Speedmaster &#8222;Professional Rhodium&#8220; ref. 3592.50.00. Die Seriennummer 48&#8217;404&#8217;140 datiert sie auf 1999\/2000. Diese Referenz ist im Moonwatch only Buch auf Seite 332 beschrieben. Inventarnummer: 240807-3<\/p>\n<p style=\"text-align: left\"><strong>ZUSTANDSBERICHT_<\/strong> Bitte sehen Sie sich die hochaufl\u00f6senden, unver\u00e4nderten Bilder an, um den Zustand des Zeitmessers zu beurteilen.<\/p>\n<p style=\"text-align: left\"><strong>ZIFFERBLATT:<\/strong> Zifferblatt in originalem und sehr gutem Zustand.<\/p>\n<p style=\"text-align: left\"><strong>ZEIGER:\u00a0<\/strong>korrekt und original.<\/p>\n<p style=\"text-align: left\"><strong>GLAS:<\/strong> Von Omega signiertes Plexiglas mit einigen Oberfl\u00e4chenflecken. Es wird vor der Auslieferung vom Uhrmacher poliert.<\/p>\n<p style=\"text-align: left\"><strong>L\u00fcnette:<\/strong> Die L\u00fcnette ist in gutem Zustand mit nur geringen Gebrauchsspuren.<\/p>\n<p style=\"text-align: left\"><strong>GEH\u00c4USE:<\/strong> Das Geh\u00e4use ist in sehr gutem Zustand mit leichten Gebrauchsspuren<\/p>\n<p style=\"text-align: left\"><strong>GEH\u00c4USEBODEN:<\/strong> Der Geh\u00e4useboden aus Edelstahl \/ Saphirglas weist nur minimale Gebrauchsspuren auf<\/p>\n<p style=\"text-align: left\"><strong>UHRWERK:<\/strong> Das Uhrwerk wurde k\u00fcrzlich gewartet, l\u00e4uft gut und h\u00e4lt die Zeit ein. Der Chronograph startet, stoppt und stellt sich korrekt auf Null zur\u00fcck<\/p>\n<p style=\"text-align: left\"><strong>BAND:<\/strong> Original Omega-Edelstahlarmband Ref. 1498 mit 840 Endgliedern. Das Armband ist in sehr gutem Zustand mit geringen Gebrauchsspuren und leichter Dehnung. Es passt f\u00fcr ein Handgelenk von ca. 18 bis 18,5 cm. Zifferblatt, Glas, Krone, Geh\u00e4use, Uhrwerk, Armband und Schlie\u00dfe signiert Omega. Die Uhr ist voll funktionsf\u00e4hig.<\/p>\n<p style=\"text-align: left\"><strong>ZUBEH\u00d6R:<\/strong> Omega Service-Tasche.<\/p>\n<p style=\"text-align: left\"><strong>GARANTIE:<\/strong> Wir garantieren die Echtheit der Uhr. Wir gew\u00e4hren au\u00dferdem 12 Monate Garantie auf die korrekte Funktion dieses Zeitmessers. F\u00fcr alle Garantien gelten die Allgemeinen Gesch\u00e4ftsbedingungen. Bitte z\u00f6gern Sie nicht, Fragen zu stellen, wir werden sie gerne beantworten. Virtuelle oder pers\u00f6nliche Besichtigung nach Vereinbarung.<\/p>\n","protected":false},"excerpt":{"rendered":"<p style=\"text-align: left\"><strong>Omega Speedmaster &#8222;Professional Rhodium&#8220; Displayboden, gewartet <\/strong> Omega Speedmaster &#8222;Professional Rhodium&#8220; <strong>ref. 3592.50.00<\/strong> aus dem Jahr 2000 in ausgezeichnetem Zustand.<br \/>\nDas Highlight dieser zeitlosen Speedmaster ist das rhodinierte Cal 863 Uhrwerk, das durch den Displayboden sichtbar ist.<br \/>\nDas Uhrwerk wurde gewartet und die Uhr wird mit einer 12-monatigen Garantie geliefert.<\/p>\n","protected":false},"featured_media":31034,"template":"","meta":{"om_disable_all_campaigns":false,"_monsterinsights_skip_tracking":false,"_monsterinsights_sitenote_active":false,"_monsterinsights_sitenote_note":"","_monsterinsights_sitenote_category":0},"product_brand":[],"product_cat":[109,61],"product_tag":[],"class_list":{"0":"post-18627","1":"product","2":"type-product","3":"status-publish","4":"has-post-thumbnail","6":"product_cat-neo-vintage-de","7":"product_cat-omega-de","9":"first","10":"instock","11":"taxable","12":"shipping-taxable","13":"purchasable","14":"product-type-simple"},"aioseo_notices":[],"_links":{"self":[{"href":"https:\/\/chrono-scope.ch\/de\/wp-json\/wp\/v2\/product\/18627","targetHints":{"allow":["GET"]}}],"collection":[{"href":"https:\/\/chrono-scope.ch\/de\/wp-json\/wp\/v2\/product"}],"about":[{"href":"https:\/\/chrono-scope.ch\/de\/wp-json\/wp\/v2\/types\/product"}],"version-history":[{"count":5,"href":"https:\/\/chrono-scope.ch\/de\/wp-json\/wp\/v2\/product\/18627\/revisions"}],"predecessor-version":[{"id":20633,"href":"https:\/\/chrono-scope.ch\/de\/wp-json\/wp\/v2\/product\/18627\/revisions\/20633"}],"wp:featuredmedia":[{"embeddable":true,"href":"https:\/\/chrono-scope.ch\/de\/wp-json\/wp\/v2\/media\/31034"}],"wp:attachment":[{"href":"https:\/\/chrono-scope.ch\/de\/wp-json\/wp\/v2\/media?parent=18627"}],"wp:term":[{"taxonomy":"product_brand","embeddable":true,"href":"https:\/\/chrono-scope.ch\/de\/wp-json\/wp\/v2\/product_brand?post=18627"},{"taxonomy":"product_cat","embeddable":true,"href":"https:\/\/chrono-scope.ch\/de\/wp-json\/wp\/v2\/product_cat?post=18627"},{"taxonomy":"product_tag","embeddable":true,"href":"https:\/\/chrono-scope.ch\/de\/wp-json\/wp\/v2\/product_tag?post=18627"}],"curies":[{"name":"wp","href":"https:\/\/api.w.org\/{rel}","templated":true}]}}