{"id":18477,"date":"2024-08-16T11:32:47","date_gmt":"2024-08-16T11:32:47","guid":{"rendered":"https:\/\/nakyxozy.cyon.site\/product\/panerai-marina-militare-radiomir-composite-full-set-serviced\/"},"modified":"2024-08-16T11:32:47","modified_gmt":"2024-08-16T11:32:47","slug":"panerai-marina-militare-radiomir-composite-full-set-serviced","status":"publish","type":"product","link":"https:\/\/chrono-scope.ch\/de\/produkt\/panerai-marina-militare-radiomir-composite-full-set-serviced\/","title":{"rendered":"Panerai Marina Militare Radiomir Composite &#8211; full set, serviced"},"content":{"rendered":"<p style=\"text-align: left\"><strong>MODELL\/REFERENZ:<\/strong> Panerai Radiomir Composite &#8222;Marina Militare&#8220; 8 Giorni Referenz PAM 00339.<\/p>\n<p style=\"text-align: left\"><strong>ZIFFERN:<\/strong> Das braune &#8222;Sandwich&#8220;-Zifferblatt verf\u00fcgt \u00fcber beigefarbene arabische Super-Luminova-Ziffern und -Indizes sowie ein kleines Sekundenzifferblatt bei 9 Uhr.<\/p>\n<p style=\"text-align: left\"><strong>GEH\u00c4USE:<\/strong> Das Geh\u00e4use aus Verbundwerkstoff hat einen Durchmesser von 47 mm und einen verschraubten Aluminiumboden. Es ist bis zu 100 m wasserdicht.<\/p>\n<p style=\"text-align: left\"><strong>GLAS:<\/strong> Kratzfestes Saphirglas<\/p>\n<p style=\"text-align: left\"><strong>UHRWERK:<\/strong> Das Handaufzugswerk Cal. P.2002\/7 bietet dank seiner drei verschiedenen Federh\u00e4user eine Gangreserve von 3 Tagen. Es besteht aus 191 Komponenten, 21 Steinen und schl\u00e4gt mit 28.800 Halbschwingungen pro Stunde.  <\/p>\n<p style=\"text-align: left\"><strong>BAND:<\/strong> Custom-Armband in gebrauchtem Zustand mit original Panerai-Schlie\u00dfe.<\/p>\n<p style=\"text-align: left\"><strong>LIEFERUMFANG:<\/strong> Vollst\u00e4ndiges Set mit der originalen Pr\u00e4sentationsbox, allen Dokumenten und Servicepapieren von 2015.<\/p>\n<p style=\"text-align: left\"><strong>GARANTIE:<\/strong> Wir garantieren die Echtheit der Uhr. Au\u00dferdem gew\u00e4hren wir eine 12-monatige Garantie auf die einwandfreie Funktion dieses Zeitmessers. F\u00fcr alle Garantien gelten die Allgemeinen Gesch\u00e4ftsbedingungen. Bitte z\u00f6gern Sie nicht, Fragen zu stellen, wir werden sie gerne beantworten. Eine virtuelle oder pers\u00f6nliche Besichtigung ist nach Vereinbarung m\u00f6glich.<\/p>\n","protected":false},"excerpt":{"rendered":"<p style=\"text-align: left\"><strong>Panerai Radiomir Komposit Referenz PAM 00339<\/strong><\/p>\n<p style=\"text-align: left\">Es l\u00e4sst sich nicht leugnen, dass die reiche Geschichte von Panerai von zahllosen technischen Innovationen durchzogen ist, die die Uhrenwelt noch immer verzaubern.<br \/>\nDie vorliegende Radiomir ist mehr als geeignet, um das Streben der Marke nach Innovation mit der Verwendung eines Kompositgeh\u00e4uses zu bezeugen, das h\u00e4rter als Titan und leichter als herk\u00f6mmliche Keramikgeh\u00e4use (Zirkoniumdioxid) ist.<br \/>\nDiese Panerai aus dem Jahr 2011 stammt aus der Sammlung ihres Erstbesitzers und befindet sich in einem sehr guten Zustand mit geringen Gebrauchsspuren.  <\/p>\n<p style=\"text-align: left\">Bitte lesen Sie den Zustandsbericht sorgf\u00e4ltig durch und betrachten Sie die hochaufl\u00f6senden Bilder, um den Gesamtzustand der Uhr zu beurteilen.<\/p>\n","protected":false},"featured_media":18460,"template":"","meta":{"om_disable_all_campaigns":false,"_monsterinsights_skip_tracking":false,"_monsterinsights_sitenote_active":false,"_monsterinsights_sitenote_note":"","_monsterinsights_sitenote_category":0},"product_brand":[],"product_cat":[73],"product_tag":[],"class_list":{"0":"post-18477","1":"product","2":"type-product","3":"status-publish","4":"has-post-thumbnail","6":"product_cat-nicht-kategorisiert","8":"first","9":"instock","10":"taxable","11":"shipping-taxable","12":"purchasable","13":"product-type-simple"},"aioseo_notices":[],"_links":{"self":[{"href":"https:\/\/chrono-scope.ch\/de\/wp-json\/wp\/v2\/product\/18477","targetHints":{"allow":["GET"]}}],"collection":[{"href":"https:\/\/chrono-scope.ch\/de\/wp-json\/wp\/v2\/product"}],"about":[{"href":"https:\/\/chrono-scope.ch\/de\/wp-json\/wp\/v2\/types\/product"}],"version-history":[{"count":0,"href":"https:\/\/chrono-scope.ch\/de\/wp-json\/wp\/v2\/product\/18477\/revisions"}],"wp:featuredmedia":[{"embeddable":true,"href":"https:\/\/chrono-scope.ch\/de\/wp-json\/wp\/v2\/media\/18460"}],"wp:attachment":[{"href":"https:\/\/chrono-scope.ch\/de\/wp-json\/wp\/v2\/media?parent=18477"}],"wp:term":[{"taxonomy":"product_brand","embeddable":true,"href":"https:\/\/chrono-scope.ch\/de\/wp-json\/wp\/v2\/product_brand?post=18477"},{"taxonomy":"product_cat","embeddable":true,"href":"https:\/\/chrono-scope.ch\/de\/wp-json\/wp\/v2\/product_cat?post=18477"},{"taxonomy":"product_tag","embeddable":true,"href":"https:\/\/chrono-scope.ch\/de\/wp-json\/wp\/v2\/product_tag?post=18477"}],"curies":[{"name":"wp","href":"https:\/\/api.w.org\/{rel}","templated":true}]}}