{"id":18212,"date":"2024-08-13T09:59:43","date_gmt":"2024-08-13T09:59:43","guid":{"rendered":"https:\/\/nakyxozy.cyon.site\/product\/h-moser-cie-endeavour-small-seconds-bryan-ferry-le-100pcs-venturer-small-seconds-weissgold-komplett-set\/"},"modified":"2025-06-06T08:41:02","modified_gmt":"2025-06-06T08:41:02","slug":"h-moser-cie-endeavour-small-seconds-bryan-ferry-le-100pcs-venturer-small-seconds-weissgold-komplett-set","status":"publish","type":"product","link":"https:\/\/chrono-scope.ch\/de\/produkt\/h-moser-cie-endeavour-small-seconds-bryan-ferry-le-100pcs-venturer-small-seconds-weissgold-komplett-set\/","title":{"rendered":"SOLD &#8211; H.Moser &amp; Cie. Venturer Small Seconds white gold full set"},"content":{"rendered":"<p style=\"text-align: left\"><strong>SPEZIFIKATIONEN:<\/strong><strong>MODELL:<\/strong> Venture Small Seconds<\/p>\n<p style=\"text-align: left\"><strong>REFERENZ NUMMER:<\/strong> 2327-0200<\/p>\n<p style=\"text-align: left\"><strong>ZIFFERN+ZEIGER:<\/strong> Wei\u00df lackiert, gebl\u00e4ute Zeiger<\/p>\n<p style=\"text-align: left\"><strong>UHRWERK:<\/strong> Kaliber HMC 327, Handaufzugswerk; Frequenz 18.000 Halbschwingungen pro Stunde (2,5 Hz); 27 Lagersteine<\/p>\n<p style=\"text-align: left\"><strong>GEH\u00c4USE:<\/strong> Durchmesser 39 mm (ohne Krone)<\/p>\n<p style=\"text-align: left\"><strong>BAND:<\/strong> schwarzes handgen\u00e4htes Alligator-Ski-Lederband mit massiver Dornschlie\u00dfe aus Wei\u00dfgold<\/p>\n<p style=\"text-align: left\"><strong>GARANTIE:<\/strong> Wir garantieren die Echtheit der Uhr. Wir gew\u00e4hren au\u00dferdem 12 Monate Garantie auf die korrekte Funktion dieses Zeitmessers.<\/p>\n<p style=\"text-align: left\">Bitte z\u00f6gern Sie nicht, Fragen zu stellen, wir werden sie gerne beantworten. Virtuelle oder pers\u00f6nliche Besichtigung nur nach Vereinbarung.<\/p>\n<p style=\"text-align: left\">Wei\u00dfgoldversion mit einem wei\u00df lackierten Zifferblatt, das mit r\u00f6mischen Ziffern verziert ist und einen ganz anderen Neo-Vintage-Look bietet.<\/p>\n<p style=\"text-align: left\">Das raffinierte und ultra-raffinierte Zifferblatt ist eine moderne Neuinterpretation der Uhren aus den 1920er Jahren.<\/p>\n<p style=\"text-align: left\">Mit seinem konvexen Profil unter dem abgerundeten Saphirglas verf\u00fcgt dieser Zeitmesser &#8211; wie die \u00fcbrigen Venturer-Modelle &#8211; \u00fcber ein Zifferblatt und Zeiger mit gew\u00f6lbten R\u00e4ndern, die seine drei Dimensionen optimal zur Geltung bringen.<\/p>\n<p style=\"text-align: left\">Das Zifferblatt ist auf eine Platte gesetzt und wird durch die champagnerfarbenen Details auf einem von der L\u00fcnette getrennten Flansch akzentuiert, so dass es schwerelos im Geh\u00e4use zu schweben scheint.<\/p>\n<p style=\"text-align: left\">Die langen, spitz zulaufenden Zeiger sind aus gebl\u00e4utem Stahl gefertigt, in reinster Uhrmachertradition, bei der die Behandlung zur Erzielung der blauen Farbe schon immer ein Zeichen von Prestige war.<br \/>\nSie unterstreichen die Eleganz dieses Zeitmessers.<\/p>\n<p style=\"text-align: left\">Die kleine Sekunde erinnert an die historischen Taschenuhren von H. Moser &amp; Cie.<\/p>\n<p style=\"text-align: left\">Sie ist bei 6 Uhr versetzt und so nah wie m\u00f6glich am unteren Rand des Hauptzifferblatts positioniert &#8211; eine technische Meisterleistung, die dank des au\u00dfergew\u00f6hnlichen Uhrwerks dieser Kreation m\u00f6glich ist.<\/p>\n","protected":false},"excerpt":{"rendered":"<p style=\"text-align: left\">Wir sind stolz darauf, Ihnen eine wundersch\u00f6ne und seltene <strong>H. Moser Endeavour Venturer<\/strong> in neuwertigem Zustand zu pr\u00e4sentieren, komplett mit Box und Papieren, Erstbesitzeruhr.<\/p>\n<p style=\"text-align: left\">Die Uhr wurde im M\u00e4rz 2019 in St. Moritz, Schweiz, von einem autorisierten H\u00e4ndler verkauft. Es ist voll funktionsf\u00e4hig und hat 12 Monate Garantie. Umfang der Lieferung: Komplettes Set mit Innen- und Au\u00dfenkarton, Gebrauchsanweisung, Garantiekarte mit Stempel des autorisierten H\u00e4ndlers. Die Uhr wurde in der Schweiz verkauft und stammt von ihrem Erstbesitzer.<\/p>\n","protected":false},"featured_media":18190,"template":"","meta":{"om_disable_all_campaigns":false,"_monsterinsights_skip_tracking":false,"_monsterinsights_sitenote_active":false,"_monsterinsights_sitenote_note":"","_monsterinsights_sitenote_category":0},"product_brand":[],"product_cat":[59,71],"product_tag":[],"class_list":{"0":"post-18212","1":"product","2":"type-product","3":"status-publish","4":"has-post-thumbnail","6":"product_cat-contemporary-de","7":"product_cat-verkaufte-uhren","9":"first","10":"instock","11":"taxable","12":"shipping-taxable","13":"purchasable","14":"product-type-simple"},"aioseo_notices":[],"_links":{"self":[{"href":"https:\/\/chrono-scope.ch\/de\/wp-json\/wp\/v2\/product\/18212","targetHints":{"allow":["GET"]}}],"collection":[{"href":"https:\/\/chrono-scope.ch\/de\/wp-json\/wp\/v2\/product"}],"about":[{"href":"https:\/\/chrono-scope.ch\/de\/wp-json\/wp\/v2\/types\/product"}],"version-history":[{"count":4,"href":"https:\/\/chrono-scope.ch\/de\/wp-json\/wp\/v2\/product\/18212\/revisions"}],"predecessor-version":[{"id":26627,"href":"https:\/\/chrono-scope.ch\/de\/wp-json\/wp\/v2\/product\/18212\/revisions\/26627"}],"wp:featuredmedia":[{"embeddable":true,"href":"https:\/\/chrono-scope.ch\/de\/wp-json\/wp\/v2\/media\/18190"}],"wp:attachment":[{"href":"https:\/\/chrono-scope.ch\/de\/wp-json\/wp\/v2\/media?parent=18212"}],"wp:term":[{"taxonomy":"product_brand","embeddable":true,"href":"https:\/\/chrono-scope.ch\/de\/wp-json\/wp\/v2\/product_brand?post=18212"},{"taxonomy":"product_cat","embeddable":true,"href":"https:\/\/chrono-scope.ch\/de\/wp-json\/wp\/v2\/product_cat?post=18212"},{"taxonomy":"product_tag","embeddable":true,"href":"https:\/\/chrono-scope.ch\/de\/wp-json\/wp\/v2\/product_tag?post=18212"}],"curies":[{"name":"wp","href":"https:\/\/api.w.org\/{rel}","templated":true}]}}