{"id":18062,"date":"2024-08-12T11:07:20","date_gmt":"2024-08-12T11:07:20","guid":{"rendered":"https:\/\/nakyxozy.cyon.site\/product\/zrc-grands-fonds-1964-black-spirit-vollstaendiger-satz\/"},"modified":"2024-11-25T09:16:22","modified_gmt":"2024-11-25T09:16:22","slug":"zrc-grands-fonds-1964-black-spirit-vollstaendiger-satz","status":"publish","type":"product","link":"https:\/\/chrono-scope.ch\/de\/produkt\/zrc-grands-fonds-1964-black-spirit-vollstaendiger-satz\/","title":{"rendered":"SOLD &#8211; ZRC Grands Fonds 1964 Black Spirit \u2013 full set"},"content":{"rendered":"<p style=\"text-align: left\"><strong>DIE GESCHICHTE: <\/strong> &#8222;Die GF40225 ist elegant und l\u00e4ssig und besticht durch die k\u00fchne Kombination aus ihrem ikonischen schwarzen Geh\u00e4use und dem tropischen Zifferblatt.<br \/>\nDie Patina ist von Uhr zu Uhr unterschiedlich.<br \/>\nDie Grands Fonds 300 ist so einzigartig wie nie zuvor!<br \/>\nIhr sportlicher Vintage-Chic wird durch die Super-Luminova Old Radium-Akzente auf den Zeigern, Ziffern, Indexen und dem lollipopf\u00f6rmigen Sekundenzeiger noch verst\u00e4rkt.<br \/>\nF\u00fcr alle, die eine coole Einstellung haben, hat diese Taucheruhr alle Qualit\u00e4ten, um zu einem unverzichtbaren Bestandteil Ihrer Garderobe zu werden, den Sie unter allen Umst\u00e4nden tragen k\u00f6nnen.<br \/>\nMit ihrem kraftvollen Design und ihrem sportlichen Auftreten ist diese Grands Fonds 300 eine elegante Reise in die Vergangenheit.<\/p>\n<p style=\"text-align: left\"><strong>SPEZIFIKATIONEN:<\/strong><\/p>\n<p style=\"text-align: left\"><strong>GEH\u00c4USE:<\/strong> Monoblock-Geh\u00e4use.<br \/>\nVerschraubter Geh\u00e4useboden &amp; Krone<\/p>\n<p style=\"text-align: left\"><strong>DURCHMESSER:<\/strong> 40,5 mm (9-3h)<\/p>\n<p style=\"text-align: left\"><strong>MATERIAL:<\/strong> Nichtmagnetischer 316L-Stahl Vollst\u00e4ndig DLC.<br \/>\nISO764 Standard: 4800 A\/m<\/p>\n<p style=\"text-align: left\"><strong>L\u00dcNETTE:<\/strong> ECSTM-System (Patent N\u00b01462496). Einseitig drehbare, klassische 60-Klick-L\u00fcnette. Einsatz aus Keramik<\/p>\n<p style=\"text-align: left\"><strong>KRONE:<\/strong> Befindet sich bei 6H (Crown Protection SystemTM). Umgekehrtes Schraubgewinde mit doppelter Abdichtung<\/p>\n<p style=\"text-align: left\"><strong>GLAS:<\/strong> Saphir 4 mm gepolstert im Vintage-Glasbox-Stil<\/p>\n<p style=\"text-align: left\"><strong>WASSERWIDERSTAND:<\/strong> 300 Meter wasserdicht, getestet bis zu 800m<\/p>\n<p style=\"text-align: left\"><strong>UHRWERK<\/strong>: 25j ETA &#8222;Reglage Elabor\u00e9&#8220; Kal. 2824-2 oder 26j SELLITA &#8222;Reglage Elabor\u00e9&#8220; Kal.<br \/>\nSW200-1<\/p>\n<p style=\"text-align: left\"><strong>ARMBAND UND SCHLIESSE:<\/strong> Italienisches Kalbsleder, Dornschlie\u00dfe.<\/p>\n","protected":false},"excerpt":{"rendered":"<p style=\"text-align: left\">Zum Verkauf steht eine seltene<strong> ZRC Grands Fonds 1964 Black Spirit<\/strong>, vollst\u00e4ndiger Satz mit Box und Papieren.<\/p>\n<p style=\"text-align: left\"><strong>LIEFERUMFANG:<\/strong> Vollst\u00e4ndiges Set mit Innen- und Au\u00dfenbox, Bedienungsanleitung, Garantiekarte.<br \/>\nDie Uhr wurde im November 2019 von einem autorisierten Einzelh\u00e4ndler in Z\u00fcrich, Schweiz, verkauft.<\/p>\n<p><strong>GARANTIE:<\/strong> Wir garantieren die Echtheit der Uhr. Au\u00dferdem gew\u00e4hren wir eine 12-monatige Garantie auf die einwandfreie Funktion dieses Zeitmessers. Bitte z\u00f6gern Sie nicht, Fragen zu stellen, wir werden sie gerne beantworten. Virtuelle oder pers\u00f6nliche Besichtigung nur nach Vereinbarung.<\/p>\n","protected":false},"featured_media":18055,"template":"","meta":{"om_disable_all_campaigns":false,"_monsterinsights_skip_tracking":false,"_monsterinsights_sitenote_active":false,"_monsterinsights_sitenote_note":"","_monsterinsights_sitenote_category":0},"product_brand":[],"product_cat":[71],"product_tag":[],"class_list":{"0":"post-18062","1":"product","2":"type-product","3":"status-publish","4":"has-post-thumbnail","6":"product_cat-verkaufte-uhren","8":"first","9":"instock","10":"taxable","11":"shipping-taxable","12":"purchasable","13":"product-type-simple"},"aioseo_notices":[],"_links":{"self":[{"href":"https:\/\/chrono-scope.ch\/de\/wp-json\/wp\/v2\/product\/18062","targetHints":{"allow":["GET"]}}],"collection":[{"href":"https:\/\/chrono-scope.ch\/de\/wp-json\/wp\/v2\/product"}],"about":[{"href":"https:\/\/chrono-scope.ch\/de\/wp-json\/wp\/v2\/types\/product"}],"version-history":[{"count":5,"href":"https:\/\/chrono-scope.ch\/de\/wp-json\/wp\/v2\/product\/18062\/revisions"}],"predecessor-version":[{"id":20909,"href":"https:\/\/chrono-scope.ch\/de\/wp-json\/wp\/v2\/product\/18062\/revisions\/20909"}],"wp:featuredmedia":[{"embeddable":true,"href":"https:\/\/chrono-scope.ch\/de\/wp-json\/wp\/v2\/media\/18055"}],"wp:attachment":[{"href":"https:\/\/chrono-scope.ch\/de\/wp-json\/wp\/v2\/media?parent=18062"}],"wp:term":[{"taxonomy":"product_brand","embeddable":true,"href":"https:\/\/chrono-scope.ch\/de\/wp-json\/wp\/v2\/product_brand?post=18062"},{"taxonomy":"product_cat","embeddable":true,"href":"https:\/\/chrono-scope.ch\/de\/wp-json\/wp\/v2\/product_cat?post=18062"},{"taxonomy":"product_tag","embeddable":true,"href":"https:\/\/chrono-scope.ch\/de\/wp-json\/wp\/v2\/product_tag?post=18062"}],"curies":[{"name":"wp","href":"https:\/\/api.w.org\/{rel}","templated":true}]}}