{"id":17046,"date":"2024-07-10T10:41:51","date_gmt":"2024-07-10T10:41:51","guid":{"rendered":"https:\/\/nakyxozy.cyon.site\/product\/rolex-submariner-ref-5508-kleine-krone-tropisches-zifferblatt\/"},"modified":"2024-10-09T10:21:30","modified_gmt":"2024-10-09T10:21:30","slug":"rolex-submariner-ref-5508-kleine-krone-tropisches-zifferblatt","status":"publish","type":"product","link":"https:\/\/chrono-scope.ch\/de\/produkt\/rolex-submariner-ref-5508-kleine-krone-tropisches-zifferblatt\/","title":{"rendered":"SOLD &#8211; Rolex Submariner Ref. 5508 \u201cSmall Crown\u201d Tropical Dial"},"content":{"rendered":"<p style=\"text-align: left\"><strong>MODELL \/ REFERENZ:<\/strong> Rolex Submariner Referenz 5508. Die Seriennummer und der Geh\u00e4useboden datieren ihr Produktionsdatum auf das dritte Quartal 1958.<\/p>\n<p style=\"text-align: left\"><strong>ZIFFERN+ZEIGER:<\/strong> Das wundersch\u00f6ne &#8218;Swiss only&#8216;- und &#8218;Meters first&#8216;-Zifferblatt hat eine einzigartige tropische Patina angenommen, die sehr an den Cremaschaum auf Ihrem hei\u00dfen Morgenkaffee erinnert. Die wei\u00dfen und vergoldeten Aufdrucke sind ebenfalls gealtert, bleiben aber bis zum Kapitelring intakt. Das Zifferblatt zeigt keine Messwerte auf dem Geigerz\u00e4hler an.<br \/>\nDie gro\u00dfen Markierungen und die ikonischen Mercedes-Zeiger sind korrekt und intakt. Sie sind gealtert und haben eine passende &#8222;Mokka&#8220;-Farbe angenommen, die den Farbton des Zifferblatts wunderbar erg\u00e4nzt. Wahrscheinlich wurden sie irgendwann in der Vergangenheit neu verpackt.<\/p>\n<p style=\"text-align: left\"><strong>GLAS:<\/strong> Der Acrylkristall ist in sehr gutem Zustand mit leichten sichtbaren Gebrauchsspuren.<\/p>\n<p style=\"text-align: left\"><strong>GEH\u00c4USE:<\/strong> Das 37-mm-Geh\u00e4use der Oyster ist nach wie vor robust, mit scharfen Linien und gut definierten Abschr\u00e4gungen entlang der dicken, gleichm\u00e4\u00dfigen Bandanst\u00f6\u00dfe. Sie hat immer noch ihr korrektes Finish und weist einige Kampfspuren auf, vor allem an der unteren rechten Lasche. Es versteht sich von selbst, dass dieser Taucher keineswegs eine sichere K\u00f6nigin war.<br \/>\nDie bi-direktionale L\u00fcnette mit Aluminiumeinsatz hat auch schon einiges erlebt. Es begann zu tropisieren und weist entsprechende Abnutzungsspuren auf. Da dieses Exemplar von 1958 kein rotes Dreieck aufweist, ist die L\u00fcnette mit ihrer Leuchtperle wahrscheinlich ein sp\u00e4terer Ersatz.<\/p>\n<p style=\"text-align: left\"><strong>GEH\u00c4USEBODEN:<\/strong> Signierter Oyster Geh\u00e4useboden, der auf der Innenseite die korrekten Stempel und die Nomenklatur der Zeit tr\u00e4gt.<\/p>\n<p style=\"text-align: left\"><strong>KRONE:<\/strong> Die originale, 6 mm starke &#8222;Brevet&#8220;-Krone schlie\u00dft sicher und funktioniert wie vorgesehen.<\/p>\n<p style=\"text-align: left\"><strong>UHRWERK:<\/strong> Der Automatikaufzug Kal. 1530 ist voll funktionsf\u00e4hig und h\u00e4lt die Zeit gut ein.<\/p>\n<p style=\"text-align: left\"><strong>BAND:<\/strong> Rolex Oyster genietetes Armband ref. 7206 mit einer signierten Schlie\u00dfe, gestempelt 4\/71, und 80 Endgliedern. Es scheint korrekt zu sein, aber sp\u00e4ter zur Uhr.<\/p>\n<p style=\"text-align: left\"><strong>ZUBEH\u00d6R<\/strong>: Saffiano Leder Uhrenrolle.<\/p>\n<p style=\"text-align: left\"><strong>GARANTIE:<\/strong> Wir garantieren die Echtheit der Uhr. Au\u00dferdem gew\u00e4hren wir eine 12-monatige Garantie auf die einwandfreie Funktion dieses Zeitmessers. F\u00fcr alle Garantien gelten die Allgemeinen Gesch\u00e4ftsbedingungen.<br \/>\nBitte z\u00f6gern Sie nicht, Fragen zu stellen, wir werden sie gerne beantworten. Eine virtuelle oder pers\u00f6nliche Besichtigung ist nach Vereinbarung m\u00f6glich.<\/p>\n","protected":false},"excerpt":{"rendered":"<p style=\"text-align: left\"><strong>Rolex Submariner Ref. 5508 &#8222;Kleine Krone&#8220; Tropisches Zifferblatt<\/strong><\/p>\n<p style=\"text-align: left\">Wir sind stolz darauf, Ihnen eine der ansprechendsten und zugleich wiedererkennbarsten \u00c4sthetiken zu pr\u00e4sentieren, die Rolex je hervorgebracht hat: Die m\u00e4chtige Submariner Referenz 5508.<br \/>\nKein Wunder, dass die Submariner die Handgelenke von Ber\u00fchmtheiten wie Che Gevara, Jacques Cousteau oder sogar Agent 007, dargestellt von Sean Connery in Dr. No von 1962, zierte.<br \/>\nMit einer kurzen Produktionszeit von nur vier Jahren war die jetzige Referenz 5508 die Nachfolgerin der legend\u00e4ren James Bond Referenz 6538, die als letzte ihrer Art einen Tiefenmesser von 100 m und keinen Kronenschutz besa\u00df.<br \/>\nBei einer so kultigen Marke wie Rolex und einer sich st\u00e4ndig weiterentwickelnden Produktlinie wie der Submariner wiegt jede kleine \u00c4nderung schwer, vor allem, wenn es um das Ende eines Produktionskapitels und den Beginn einer neuen \u00c4ra geht&#8230; Aus diesem Grund wird die Referenz 5508 immer einen Platz im Herzen und am Handgelenk eines echten Sammlers haben.<br \/>\nBitte lesen Sie den Zustandsbericht sorgf\u00e4ltig durch und betrachten Sie die hochaufl\u00f6senden Bilder, um den Gesamtzustand der Uhr zu beurteilen.<\/p>\n","protected":false},"featured_media":17004,"template":"","meta":{"om_disable_all_campaigns":false,"_monsterinsights_skip_tracking":false,"_monsterinsights_sitenote_active":false,"_monsterinsights_sitenote_note":"","_monsterinsights_sitenote_category":0},"product_brand":[],"product_cat":[71],"product_tag":[],"class_list":{"0":"post-17046","1":"product","2":"type-product","3":"status-publish","4":"has-post-thumbnail","6":"product_cat-verkaufte-uhren","8":"first","9":"instock","10":"taxable","11":"shipping-taxable","12":"purchasable","13":"product-type-simple"},"aioseo_notices":[],"_links":{"self":[{"href":"https:\/\/chrono-scope.ch\/de\/wp-json\/wp\/v2\/product\/17046","targetHints":{"allow":["GET"]}}],"collection":[{"href":"https:\/\/chrono-scope.ch\/de\/wp-json\/wp\/v2\/product"}],"about":[{"href":"https:\/\/chrono-scope.ch\/de\/wp-json\/wp\/v2\/types\/product"}],"version-history":[{"count":1,"href":"https:\/\/chrono-scope.ch\/de\/wp-json\/wp\/v2\/product\/17046\/revisions"}],"predecessor-version":[{"id":19335,"href":"https:\/\/chrono-scope.ch\/de\/wp-json\/wp\/v2\/product\/17046\/revisions\/19335"}],"wp:featuredmedia":[{"embeddable":true,"href":"https:\/\/chrono-scope.ch\/de\/wp-json\/wp\/v2\/media\/17004"}],"wp:attachment":[{"href":"https:\/\/chrono-scope.ch\/de\/wp-json\/wp\/v2\/media?parent=17046"}],"wp:term":[{"taxonomy":"product_brand","embeddable":true,"href":"https:\/\/chrono-scope.ch\/de\/wp-json\/wp\/v2\/product_brand?post=17046"},{"taxonomy":"product_cat","embeddable":true,"href":"https:\/\/chrono-scope.ch\/de\/wp-json\/wp\/v2\/product_cat?post=17046"},{"taxonomy":"product_tag","embeddable":true,"href":"https:\/\/chrono-scope.ch\/de\/wp-json\/wp\/v2\/product_tag?post=17046"}],"curies":[{"name":"wp","href":"https:\/\/api.w.org\/{rel}","templated":true}]}}