{"id":16879,"date":"2024-07-08T10:57:31","date_gmt":"2024-07-08T10:57:31","guid":{"rendered":"https:\/\/nakyxozy.cyon.site\/product\/tudor-prince-date\/"},"modified":"2026-03-16T17:28:55","modified_gmt":"2026-03-16T17:28:55","slug":"tudor-prince-date","status":"publish","type":"product","link":"https:\/\/chrono-scope.ch\/de\/produkt\/tudor-prince-date\/","title":{"rendered":"SOLD-Tudor Oyster Prince Date Day \u201cJumbo\u201d ref. 7010\/0."},"content":{"rendered":"<p style=\"text-align: left;\"><strong>ZUSTANDSBERICHT:<\/strong> Bitte sehen Sie sich die unver\u00e4nderten hochaufl\u00f6senden Bilder an, um den Zustand des Zeitmessers zu beurteilen.<\/p>\n<p style=\"text-align: left;\"><strong>MODELL \/ REFERENZ:<\/strong> Tudor Oyster Prince Date Day &#8222;Jumbo&#8220; ref. 7010\/0. Die Uhr stammt aus der Zeit um 1975. Inventar-ID: RK-214<\/p>\n<p style=\"text-align: left;\"><strong>ZIFFERN + ZIEGER:<\/strong> Das metallisch blaue Zifferblatt mit einem sch\u00f6nen Sonnenschliff ist in neuwertigem Zustand mit intaktem Aufdruck und ohne Defekte oder Verf\u00e4rbungen.<\/p>\n<p style=\"text-align: left;\">Das Datumsfenster bei 3 Uhr und der Wochentag bei 12 Uhr sind beide mit sauberen Scheiben und einer franz\u00f6sischen Schrift f\u00fcr letztere versehen.<\/p>\n<p style=\"text-align: left;\">Die Stabindexe und die daneben liegenden Leuchtpunkte sind vollst\u00e4ndig intakt und haben einen dezenten Hauch von Patina angesetzt.<\/p>\n<p style=\"text-align: left;\">Die Leuchtstabzeiger sind korrekt und befinden sich in einem sch\u00f6nen Zustand mit leichten Altersspuren und unber\u00fchrten Tritiumeinlagen, die zum Farbton der Tritiumpunkte passen.<\/p>\n<p style=\"text-align: left;\"><strong>GLAS:<\/strong> Das Acrylglas ist ziemlich sauber und weist nur einige leichte Oberfl\u00e4chenflecken auf. Die Lupe Cyclops bei 3 Uhr ist klar und perfekt auf das Datumsfenster abgestimmt.<\/p>\n<p style=\"text-align: left;\"><strong>GEH\u00c4USE:<\/strong> Das Jumbo-Edelstahlgeh\u00e4use der Oyster misst 38 mm, ohne Krone, und die L\u00e4nge von Stange zu Stange betr\u00e4gt 46 mm. Sie bleibt stark mit scharfen Linien, dicken, gleichm\u00e4\u00dfigen Bandanst\u00f6\u00dfen und korrektem Finish, zusammen mit schwachen Kratzern \u00fcberall.<br \/>\nDie Referenznummer ist zwischen den oberen Nasen noch gut lesbar.<\/p>\n<p style=\"text-align: left;\"><strong>GEH\u00c4USEBODEN:<\/strong> Der Geh\u00e4useboden weist eine deutlich lesbare Gravur auf, die in eine teilweise schwache und intakte R\u00e4ndelung \u00fcbergeht. Es weist einige Kerben und normale Kratzer auf. Die Innenseite ist sauber und tr\u00e4gt die korrekten Stempel der Zeit.<\/p>\n<p style=\"text-align: left;\"><strong>KRONE:<\/strong> Die Rolex Twinlock-Krone l\u00e4sst sich fest verschrauben und herausziehen, damit das Aufziehen, die Zeiteinstellung und die Schnellverstellung richtig funktionieren.<\/p>\n<p style=\"text-align: left;\"><strong>UHRWERK:<\/strong> Das A.S. Kaliber 1895 mit Automatikaufzug tr\u00e4gt den Namen Tudor. wurde auf eine gute Zeitmessung gepr\u00fcft. Ist sauber und in ausgezeichnetem Zustand.<\/p>\n<p style=\"text-align: left;\"><strong>BAND:<\/strong> Das Oyster-Armband mit gefalteten Gliedern tr\u00e4gt die Referenz 7836 und 382B Endglieder. Die Schlie\u00dfe ist signiert und hat einen K4-Datumsstempel. Das Armband ist in insgesamt gutem Zustand mit minimalen Kratzern und nur leichter Dehnung. Es passt f\u00fcr ein Handgelenk von ca. 20 cm.<\/p>\n<p style=\"text-align: left;\"><strong>ZUBEH\u00d6R:<\/strong> Saffiano Leder Uhrenrolle.<br \/>\nDas Zifferblatt, der Geh\u00e4useboden, die Krone, die Schlie\u00dfe und das Uhrwerk sind mit Tudor oder Rolex signiert. Die Uhr ist voll funktionsf\u00e4hig und kann sofort getragen werden.<\/p>\n<p style=\"text-align: left;\"><strong>GARANTIE:<\/strong> Wir garantieren die Echtheit der Uhr. Wir gew\u00e4hren au\u00dferdem 12 Monate Garantie auf die korrekte Funktion dieses Zeitmessers. F\u00fcr alle Garantien gelten die Allgemeinen Gesch\u00e4ftsbedingungen.<br \/>\nBitte z\u00f6gern Sie nicht, Fragen zu stellen, wir werden sie gerne beantworten. Eine pers\u00f6nliche oder virtuelle Besichtigung ist nach Vereinbarung m\u00f6glich.<\/p>\n","protected":false},"excerpt":{"rendered":"<p style=\"text-align: left;\">Die <strong>Date+Day<\/strong>, die ab 1969 produziert wurde, ist eine der gr\u00f6\u00dften <strong>Tudor<\/strong> Uhren in der <strong>Oyster Prince Linie<\/strong>. Dieses erstaunliche und wundersch\u00f6n erhaltene Exemplar ist auch als &#8222;Jumbo&#8220; bekannt, da es eine f\u00fcr seine Zeit untypische Geh\u00e4usegr\u00f6\u00dfe von 38 mm aufweist.<br \/>\nDie Referenz 7017\/0 ist die pure Perfektion mit einer Kombination aus einem herrlichen blauen Zifferblatt und einer glatten L\u00fcnette, die ihr eine Allround-\u00c4sthetik verleiht. Die Uhr strahlt eine Raffinesse aus, die sie zur perfekten Wahl f\u00fcr elegantere Anl\u00e4sse macht, w\u00e4hrend sie im Herzen recht sportlich ist.<\/p>\n","protected":false},"featured_media":16871,"template":"","meta":{"om_disable_all_campaigns":false,"_monsterinsights_skip_tracking":false,"_monsterinsights_sitenote_active":false,"_monsterinsights_sitenote_note":"","_monsterinsights_sitenote_category":0},"product_brand":[],"product_cat":[71,74],"product_tag":[],"class_list":{"0":"post-16879","1":"product","2":"type-product","3":"status-publish","4":"has-post-thumbnail","6":"product_cat-verkaufte-uhren","7":"product_cat-vintage-de","9":"first","10":"instock","11":"taxable","12":"shipping-taxable","13":"purchasable","14":"product-type-simple"},"aioseo_notices":[],"_links":{"self":[{"href":"https:\/\/chrono-scope.ch\/de\/wp-json\/wp\/v2\/product\/16879","targetHints":{"allow":["GET"]}}],"collection":[{"href":"https:\/\/chrono-scope.ch\/de\/wp-json\/wp\/v2\/product"}],"about":[{"href":"https:\/\/chrono-scope.ch\/de\/wp-json\/wp\/v2\/types\/product"}],"version-history":[{"count":3,"href":"https:\/\/chrono-scope.ch\/de\/wp-json\/wp\/v2\/product\/16879\/revisions"}],"predecessor-version":[{"id":37704,"href":"https:\/\/chrono-scope.ch\/de\/wp-json\/wp\/v2\/product\/16879\/revisions\/37704"}],"wp:featuredmedia":[{"embeddable":true,"href":"https:\/\/chrono-scope.ch\/de\/wp-json\/wp\/v2\/media\/16871"}],"wp:attachment":[{"href":"https:\/\/chrono-scope.ch\/de\/wp-json\/wp\/v2\/media?parent=16879"}],"wp:term":[{"taxonomy":"product_brand","embeddable":true,"href":"https:\/\/chrono-scope.ch\/de\/wp-json\/wp\/v2\/product_brand?post=16879"},{"taxonomy":"product_cat","embeddable":true,"href":"https:\/\/chrono-scope.ch\/de\/wp-json\/wp\/v2\/product_cat?post=16879"},{"taxonomy":"product_tag","embeddable":true,"href":"https:\/\/chrono-scope.ch\/de\/wp-json\/wp\/v2\/product_tag?post=16879"}],"curies":[{"name":"wp","href":"https:\/\/api.w.org\/{rel}","templated":true}]}}