{"id":16397,"date":"2024-06-25T12:16:03","date_gmt":"2024-06-25T12:16:03","guid":{"rendered":"https:\/\/nakyxozy.cyon.site\/product\/jaeger-lecoultre-calatrava-cal-885-in-18k-gold-original-warranty-sold-by-vacheron-constantin-in-1968\/"},"modified":"2024-09-09T07:54:27","modified_gmt":"2024-09-09T07:54:27","slug":"jaeger-lecoultre-calatrava-cal-885-in-18k-gold-original-warranty-sold-by-vacheron-constantin-in-1968","status":"publish","type":"product","link":"https:\/\/chrono-scope.ch\/de\/produkt\/jaeger-lecoultre-calatrava-cal-885-in-18k-gold-original-warranty-sold-by-vacheron-constantin-in-1968\/","title":{"rendered":"SOLD &#8211; Jaeger-LeCoultre \u201cCalatrava\u201d Cal. 885 in 18k gold , original warranty, sold by Vacheron Constantin in 1968"},"content":{"rendered":"<p style=\"text-align: left\"><strong>SPEZIFIKATIONEN; ZUSTANDSBERICHT<\/strong>; bitte sehen Sie sich die hochaufl\u00f6senden Bilder an, um den Zustand der Uhr zu beurteilen. Bildnachweis f\u00fcr das Foto des JLC-Katalogs von 1967: blomman watch report<\/p>\n<p style=\"text-align: left\"><strong>REFERENZ &amp; SERIENNUMMER: <\/strong>JLC ref. E 20&#8217;000, Seriennummer 1.050.805<\/p>\n<p style=\"text-align: left\"><strong>ZIFFERN+ZEIGER:<\/strong><br \/>\n&#8211; Silbernes Zifferblatt mit Sonnenschliff und applizierten Indizes in nahezu neuwertigem Zustand.<br \/>\n&#8211; Alle Drucke sind gestochen scharf<br \/>\n&#8211; originales Zeigerspiel in gutem Zustand, mit der originalen Tritum-Lamelle.<\/p>\n<p style=\"text-align: left\"><strong>GLAS:<\/strong> Plexiglas in gutem Zustand mit kleinen Oberfl\u00e4chenflecken<\/p>\n<p style=\"text-align: left\"><strong>GEH\u00c4USE:<\/strong> 34 mm gro\u00dfes Geh\u00e4use aus 18 Karat Gelbgold (41 mm von Ansatz zu Ansatz) in gutem Zustand mit leichten Gebrauchsspuren.<\/p>\n<p style=\"text-align: left\"><strong>GEH\u00c4USEBODEN:<\/strong> Monocoque-Geh\u00e4use aus 18 Karat Gold in gutem Zustand mit leichten Gebrauchsspuren. Die Innenseite des Koffers ist mit den entsprechenden Stempeln und der Referenznummer &#8222;E 20 000&#8220; versehen.<\/p>\n<p style=\"text-align: left\"><strong>KRONE:<\/strong> JLC signierte Krone<\/p>\n<p style=\"text-align: left\"><strong>UHRWERK:<\/strong> Handaufzug JLC Cal. 885 in sauberem und voll funktionsf\u00e4higem Zustand. Das Uhrwerk wurde \u00fcberpr\u00fcft und l\u00e4uft einwandfrei.<\/p>\n<p style=\"text-align: left\"><strong>BAND:<\/strong> Allgemeines vergoldetes Millanaise-Armband. Verschiedene Lederarmb\u00e4nder mit JLC-Schnallen sind auf Anfrage erh\u00e4ltlich.<\/p>\n<p style=\"text-align: left\"><strong>ZUBEH\u00d6R:<\/strong> Original-Garantiedokument, Saffiano-Leder-Uhrenrolle. Eine zeitgem\u00e4\u00dfe Box und Lederarmb\u00e4nder mit einer JLC-Schlie\u00dfe sind auf Anfrage erh\u00e4ltlich.<\/p>\n<p style=\"text-align: left\"><strong>GARANTIE:<\/strong> Wir garantieren die Echtheit der Uhr. Wir gew\u00e4hren au\u00dferdem 12 Monate Garantie auf die korrekte Funktion dieses Zeitmessers. F\u00fcr alle Garantien gelten die Allgemeinen Gesch\u00e4ftsbedingungen.<br \/>\nBitte z\u00f6gern Sie nicht, Fragen zu stellen, wir werden sie gerne beantworten. Eine pers\u00f6nliche oder virtuelle Besichtigung ist nach Vereinbarung m\u00f6glich.<\/p>\n","protected":false},"excerpt":{"rendered":"<p style=\"text-align: left\">Vintage<strong> JLC &#8222;Calatrava&#8220; Kal. 885 in 18k Gold<\/strong> in ausgezeichnetem Vintage-Zustand mit Original-Garantiedokument von 1968.<br \/>\nDas Highlight dieser zeitlosen Sch\u00f6nheit ist das fast neuwertige Zifferblatt mit Sonnenschliff und applizierten Indexen. Diese JLC wurde am 19. September 1968 von Vacheron Constantin in Genf verkauft. Es ist voll funktionsf\u00e4hig und wird mit einer 12-monatigen Garantie geliefert.<\/p>\n","protected":false},"featured_media":16394,"template":"","meta":{"om_disable_all_campaigns":false,"_monsterinsights_skip_tracking":false,"_monsterinsights_sitenote_active":false,"_monsterinsights_sitenote_note":"","_monsterinsights_sitenote_category":0},"product_brand":[],"product_cat":[71],"product_tag":[],"class_list":{"0":"post-16397","1":"product","2":"type-product","3":"status-publish","4":"has-post-thumbnail","6":"product_cat-verkaufte-uhren","8":"first","9":"instock","10":"taxable","11":"shipping-taxable","12":"purchasable","13":"product-type-simple"},"aioseo_notices":[],"_links":{"self":[{"href":"https:\/\/chrono-scope.ch\/de\/wp-json\/wp\/v2\/product\/16397","targetHints":{"allow":["GET"]}}],"collection":[{"href":"https:\/\/chrono-scope.ch\/de\/wp-json\/wp\/v2\/product"}],"about":[{"href":"https:\/\/chrono-scope.ch\/de\/wp-json\/wp\/v2\/types\/product"}],"version-history":[{"count":1,"href":"https:\/\/chrono-scope.ch\/de\/wp-json\/wp\/v2\/product\/16397\/revisions"}],"predecessor-version":[{"id":18714,"href":"https:\/\/chrono-scope.ch\/de\/wp-json\/wp\/v2\/product\/16397\/revisions\/18714"}],"wp:featuredmedia":[{"embeddable":true,"href":"https:\/\/chrono-scope.ch\/de\/wp-json\/wp\/v2\/media\/16394"}],"wp:attachment":[{"href":"https:\/\/chrono-scope.ch\/de\/wp-json\/wp\/v2\/media?parent=16397"}],"wp:term":[{"taxonomy":"product_brand","embeddable":true,"href":"https:\/\/chrono-scope.ch\/de\/wp-json\/wp\/v2\/product_brand?post=16397"},{"taxonomy":"product_cat","embeddable":true,"href":"https:\/\/chrono-scope.ch\/de\/wp-json\/wp\/v2\/product_cat?post=16397"},{"taxonomy":"product_tag","embeddable":true,"href":"https:\/\/chrono-scope.ch\/de\/wp-json\/wp\/v2\/product_tag?post=16397"}],"curies":[{"name":"wp","href":"https:\/\/api.w.org\/{rel}","templated":true}]}}