{"id":16123,"date":"2024-06-19T13:44:44","date_gmt":"2024-06-19T13:44:44","guid":{"rendered":"https:\/\/nakyxozy.cyon.site\/product\/lang-heyne-moritz-red-gold-earths-declination-sold-silver-dial\/"},"modified":"2025-04-29T08:26:19","modified_gmt":"2025-04-29T08:26:19","slug":"lang-heyne-moritz-red-gold-earths-declination-sold-silver-dial","status":"publish","type":"product","link":"https:\/\/chrono-scope.ch\/de\/produkt\/lang-heyne-moritz-red-gold-earths-declination-sold-silver-dial\/","title":{"rendered":"Lang &amp; Heyne Moritz red gold &#8211; earth\u2019s declination &#8211; sold silver dial"},"content":{"rendered":"<p style=\"text-align: left\"><strong>SPEZIFIKATIONEN:<\/strong><\/p>\n<p style=\"text-align: left\"><strong>GEH\u00c4USE:<\/strong><\/p>\n<ul>\n<li style=\"text-align: left\">Durchmesser 44 mm, H\u00f6he 12,5 mm, wasserdicht bis zu 3 bar<\/li>\n<li style=\"text-align: left\">Saphirglas oben und unten<\/li>\n<li style=\"text-align: left\">Alligatorlederarmband, 18k Dornschlie\u00dfe<\/li>\n<\/ul>\n<p style=\"text-align: left\"><strong>UHRWERK<\/strong>:<\/p>\n<ul>\n<li style=\"text-align: left\">Handaufzugswerk Kaliber III<\/li>\n<li style=\"text-align: left\">46 Stunden Gangreserve<\/li>\n<li style=\"text-align: left\">Stunden- und Minutenanzeige, exzentrische Sekunde<\/li>\n<li style=\"text-align: left\">Mondphase, vollst\u00e4ndiger Kalender, Deklination<\/li>\n<li style=\"text-align: left\">Sekundenstopp<\/li>\n<\/ul>\n<p style=\"text-align: left\"><strong>DIAL:<\/strong><\/p>\n<ul>\n<li style=\"text-align: left\">Zifferblatt aus massivem Silber fein gestrahlt und in Champagnerwei\u00df gef\u00e4rbt<\/li>\n<li style=\"text-align: left\">Arabische Ziffern<\/li>\n<li style=\"text-align: left\">Minutenanzeige in rot<\/li>\n<li style=\"text-align: left\">Mond und Erdscheibe aus 18 Karat emailliertem Gold<\/li>\n<\/ul>\n<p style=\"text-align: left\"><strong>ZUSTAND:<\/strong><\/p>\n<ul>\n<li style=\"text-align: left\">Die Uhr ist in sehr gutem Zustand mit nur minimalen Gebrauchsspuren. Sie wurde von unserem Uhrmacher \u00fcberpr\u00fcft und zeigt eine starke Amplitude und gute Genauigkeit auf der Zeitwaage.<\/li>\n<\/ul>\n<p style=\"text-align: left\"><strong>UMFANG DER LIEFERUNG:<\/strong><\/p>\n<ul>\n<li style=\"text-align: left\">Set mit Box und einer Kopie des Auszugs aus dem Archiv von Lang &amp; Heyne.<\/li>\n<li style=\"text-align: left\">Es liegen Ausdrucke des E-Mail-Austauschs mit Lang &amp; Heyne vor, in denen best\u00e4tigt wird, dass die Uhr in deren Archiv registriert ist und nicht als gestohlen gemeldet wurde.<\/li>\n<\/ul>\n<p style=\"text-align: left\"><strong>GARANTIE:<\/strong> Wir garantieren die Echtheit der Uhr. Au\u00dferdem gew\u00e4hren wir 12 Monate Garantie auf die einwandfreie Funktion dieses Zeitmessers.<br \/>\nBitte z\u00f6gern Sie nicht, Fragen zu stellen, wir werden sie gerne beantworten. Virtuelle oder pers\u00f6nliche Besichtigung nur nach Vereinbarung<\/p>\n","protected":false},"excerpt":{"rendered":"<p style=\"text-align: left\"><strong>\u00c4u\u00dferst seltene Lang &amp; Heyne Moritz in 18k Rotgold<\/strong><br \/>\n<strong>Die Geschichte<\/strong><br \/>\nMit einem vollst\u00e4ndigen Kalender und einer zus\u00e4tzlichen, skurrilen Komplikation, die die Deklination der Erde anzeigt, d.h. die Neigung der Erde gegen\u00fcber der Sonne je nach Jahreszeit.<br \/>\nDas 44-mm-Geh\u00e4use aus Rotgold bietet ein markantes Geh\u00e4use f\u00fcr das feine mechanische Uhrwerk und der Saphirglasboden gibt einen faszinierenden Blick auf das Handaufzugskaliber frei. III.<br \/>\nDas Zifferblatt ist aus massivem Silber und hat eine Tag\/Nacht-Anzeige bei 4 Uhr in der Mitte. Mond- und Erdscheibe aus emailliertem 18-kar\u00e4tigem Gold.<br \/>\nDieses Modell wird zwar immer noch auf der Website von Lang &amp; Heyne ver\u00f6ffentlicht, aber es wird nicht mehr produziert. Die genaue Anzahl der produzierten Uhren ist nicht bekannt, aber nach unserem besten Wissen wurden nur Seriennummern unter 100 beobachtet.<br \/>\nDas vorliegende Exemplar tr\u00e4gt die Nummer 4 auf dem Zifferblatt und wurde im Oktober 2006 verkauft.<br \/>\nNur fr\u00fche Modelle tragen die Seriennummer auf dem Zifferblatt. Sp\u00e4tere Seriennummern sind nur noch auf dem Uhrwerk eingraviert. Der letzte bekannte Verkaufspreis lag bei 56&#8217;000 EUR plus Steuern.<\/p>\n","protected":false},"featured_media":16113,"template":"","meta":{"om_disable_all_campaigns":false,"_monsterinsights_skip_tracking":false,"_monsterinsights_sitenote_active":false,"_monsterinsights_sitenote_note":"","_monsterinsights_sitenote_category":0},"product_brand":[],"product_cat":[59],"product_tag":[],"class_list":{"0":"post-16123","1":"product","2":"type-product","3":"status-publish","4":"has-post-thumbnail","6":"product_cat-contemporary-de","8":"first","9":"instock","10":"taxable","11":"shipping-taxable","12":"purchasable","13":"product-type-simple"},"aioseo_notices":[],"_links":{"self":[{"href":"https:\/\/chrono-scope.ch\/de\/wp-json\/wp\/v2\/product\/16123","targetHints":{"allow":["GET"]}}],"collection":[{"href":"https:\/\/chrono-scope.ch\/de\/wp-json\/wp\/v2\/product"}],"about":[{"href":"https:\/\/chrono-scope.ch\/de\/wp-json\/wp\/v2\/types\/product"}],"version-history":[{"count":6,"href":"https:\/\/chrono-scope.ch\/de\/wp-json\/wp\/v2\/product\/16123\/revisions"}],"predecessor-version":[{"id":25416,"href":"https:\/\/chrono-scope.ch\/de\/wp-json\/wp\/v2\/product\/16123\/revisions\/25416"}],"wp:featuredmedia":[{"embeddable":true,"href":"https:\/\/chrono-scope.ch\/de\/wp-json\/wp\/v2\/media\/16113"}],"wp:attachment":[{"href":"https:\/\/chrono-scope.ch\/de\/wp-json\/wp\/v2\/media?parent=16123"}],"wp:term":[{"taxonomy":"product_brand","embeddable":true,"href":"https:\/\/chrono-scope.ch\/de\/wp-json\/wp\/v2\/product_brand?post=16123"},{"taxonomy":"product_cat","embeddable":true,"href":"https:\/\/chrono-scope.ch\/de\/wp-json\/wp\/v2\/product_cat?post=16123"},{"taxonomy":"product_tag","embeddable":true,"href":"https:\/\/chrono-scope.ch\/de\/wp-json\/wp\/v2\/product_tag?post=16123"}],"curies":[{"name":"wp","href":"https:\/\/api.w.org\/{rel}","templated":true}]}}