{"id":16092,"date":"2024-06-19T13:12:27","date_gmt":"2024-06-19T13:12:27","guid":{"rendered":"https:\/\/nakyxozy.cyon.site\/product\/lemania-tg-195-tre-kronor-ausgegeben-fuer-das-schwedische-militaer-1957\/"},"modified":"2024-10-24T12:21:13","modified_gmt":"2024-10-24T12:21:13","slug":"lemania-tg-195-tre-kronor-ausgegeben-fuer-das-schwedische-militaer-1957","status":"publish","type":"product","link":"https:\/\/chrono-scope.ch\/de\/produkt\/lemania-tg-195-tre-kronor-ausgegeben-fuer-das-schwedische-militaer-1957\/","title":{"rendered":"SOLD &#8211; Lemania TG 195 \u00ab Tre Kronor \u00bb issued to the Swedish Military 1957"},"content":{"rendered":"<p style=\"text-align: left\"><strong>MODELL \/ REFERENZ<\/strong>: Lemania Synchronisationsuhr f\u00fcr die schwedischen Streitkr\u00e4fte AKA &#8222;Tre Kronor&#8220;. Es wurde um 1957 herausgegeben.<\/p>\n<p style=\"text-align: left\"><strong>ZIFFERN+ZEIGER:<\/strong><br \/>\nDas schwarze Zifferblatt ist hochgl\u00e4nzend und mit einem scharfen Golddruck versehen, der sich vom Markenlogo bis zur \u00e4u\u00dferen Minutenanzeige erstreckt.<br \/>\nDie gesamte Oberfl\u00e4che ist gealtert und hat eine gleichm\u00e4\u00dfige, fleckige Patina entwickelt.<br \/>\nDie eleganten und schlanken Nadelzeiger sind mit Leuchtmasse gef\u00fcllt, ebenso wie der zentrale Sekundenzeiger.<br \/>\nDas Ensemble ist korrekt und in gutem \u00e4sthetischen Zustand.<br \/>\nDie Lume auf den Zeigern scheint original zu sein.<br \/>\nDie arabischen Ziffern sind sch\u00f6n gealtert.<br \/>\nWenn sie mit UV-Licht aktiviert wird, leuchtet die Lume auf dem Zifferblatt und den Zeigern.<\/p>\n<p style=\"text-align: left\"><strong>GLAS:<\/strong> Das Plexiglasglas ist in gutem Zustand und weist nur leichte Gebrauchsspuren auf.<\/p>\n<p style=\"text-align: left\"><strong>GEH\u00c4USE:<\/strong> Das 40 mm gro\u00dfe Edelstahlgeh\u00e4use schmiegt sich mit seinen langen, 46 mm langen Bandanst\u00f6\u00dfen an das Handgelenk und sorgt f\u00fcr eine moderne Pr\u00e4senz und einen bequemen Sitz. Das Stufengeh\u00e4use hat eine asymmetrische Konstruktion mit einer kr\u00e4ftigeren rechten Seite, um die Krone und den Dr\u00fccker besser vor versehentlichen St\u00f6\u00dfen zu sch\u00fctzen. Sie ist wahrscheinlich noch unpoliert und in urspr\u00fcnglicher Form mit dicken, gleichm\u00e4\u00dfigen Anst\u00f6\u00dfen und festen Stegen. Die Oberfl\u00e4che weist das originale geb\u00fcrstete Finish auf und zeigt durchweg Gebrauchsspuren und kleinere Schrammen, die dem Alter und dem Gebrauch angemessen sind.<\/p>\n<p style=\"text-align: left\"><strong>GEH\u00c4USEBODEN:<\/strong> Der Geh\u00e4useboden aus Edelstahl weist Gebrauchsspuren auf und ist h\u00f6chstwahrscheinlich unpoliert. Neben dem Produktionsjahr und der Nummer der Milit\u00e4rausgabe sind die drei Kronen sehr deutlich eingraviert und weisen darauf hin, dass die Uhr Eigentum des Staates ist.<br \/>\nDie Innenseite ist sauber, perlageverziert und tr\u00e4gt die zeitgem\u00e4\u00dfen Stempel und wenige Dienstmarken. Die antimagnetische Staubschutzh\u00fclle ist vorhanden und nicht besch\u00e4digt.<\/p>\n<p style=\"text-align: left\"><strong>KRONE + DR\u00dcCKER:<\/strong>Die Aufzugskrone ist unsigniert, wie es sich geh\u00f6rt, und weist einige leichte Kratzer auf. Auch der Pumpendr\u00fccker scheint original zu sein. Sie funktionieren perfekt wie vorgesehen: Durch Dr\u00fccken des oberen Dr\u00fcckers wird die Krone herausgezogen und der Sekundenzeiger auf Null zur\u00fcckgestellt. Erst wenn man die Krone wieder hineindr\u00fcckt, l\u00e4uft die Uhr wieder an.<\/p>\n<p style=\"text-align: left\"><strong>UHRWERK:<\/strong> Diese Lemania ist mit einem hauseigenen Kaliber 2225 ausgestattet, einer Version des legend\u00e4ren Chronographen Lemania 15TL.<br \/>\nDas Handaufzugswerk verf\u00fcgt bei Bet\u00e4tigung des Dr\u00fcckers \u00fcber eine Hacking-Second- und Flyback-Funktion und bietet damit optimale Voraussetzungen, um eine exakte Zeit einzustellen oder mehrere Uhren pr\u00e4zise zu synchronisieren.<br \/>\nDas signierte und nummerierte Uhrwerk wurde von unserem Uhrmacher \u00fcberpr\u00fcft. Es ist voll funktionsf\u00e4hig und h\u00e4lt die Zeit gut ein. Das Hacken\/R\u00fcckstellen der Sekunden funktioniert gut und die Krone springt bei Aktivierung ohne Probleme heraus.<\/p>\n<p style=\"text-align: left\"><strong>BAND:<\/strong> Die Uhr ist derzeit mit einem Bonklip-Stahlarmband im Vintage-Stil ausgestattet. Andere Gurtoptionen sind verf\u00fcgbar.<\/p>\n<p style=\"text-align: left\"><strong>ZUBEH\u00d6R<\/strong>: Saffiano Leder Uhrenrolle.<\/p>\n<p style=\"text-align: left\"><strong>GARANTIE:<\/strong> Wir garantieren die Echtheit der Uhr. Au\u00dferdem gew\u00e4hren wir eine 12-monatige Garantie auf die einwandfreie Funktion dieses Zeitmessers. F\u00fcr alle Garantien gelten die Allgemeinen Gesch\u00e4ftsbedingungen.<br \/>\nBitte z\u00f6gern Sie nicht, Fragen zu stellen, wir werden sie gerne beantworten. Eine virtuelle oder pers\u00f6nliche Besichtigung ist nach Vereinbarung m\u00f6glich.<\/p>\n","protected":false},"excerpt":{"rendered":"<p style=\"text-align: left\"><strong>LEMANIA TG 195 &#8220; Tre Kronor &#8222;<\/strong> f\u00fcr das schwedische Milit\u00e4r<br \/>\nWir sind stolz darauf, diese au\u00dfergew\u00f6hnlich gut erhaltene LEMANIA TG 195 &#8220; Tre Kronor &#8220; anbieten zu k\u00f6nnen, die f\u00fcr die schwedischen Streitkr\u00e4fte ausgegeben wurde.<br \/>\n<strong>Die Geschichte:<\/strong><br \/>\nJahrzehnte nach ihrer ersten Einf\u00fchrung ist der Text TG 195&#8243; auf dem Zifferblatt dieser Lemania immer noch geheimnisumwittert, und es gibt zahlreiche Spekulationen \u00fcber seine Herkunft und Bedeutung. Einige Theorien gehen davon aus, dass &#8222;TG&#8220; f\u00fcr &#8222;Tyg Grupp 195&#8220; oder &#8222;Task Group 195&#8220;, eine milit\u00e4rische Lagereinheit, stehen k\u00f6nnte, w\u00e4hrend andere argumentieren, dass es der Artilleriedivision zugewiesen worden sein k\u00f6nnte, beide innerhalb der schwedischen Streitkr\u00e4fte.<br \/>\nEine andere Theorie geht davon aus, dass es f\u00fcr &#8222;Tid Givare&#8220; steht, was auf Schwedisch &#8222;Zeitspender&#8220; bedeutet, und vielleicht ist die Bezeichnung &#8222;195&#8220; die Positionsnummer der Uhr in den Inventarverzeichnissen der schwedischen Armee&#8230;<br \/>\nEs gibt zwar viele Spekulationen, aber eines ist sicher: Die TG 195 ist ein absolut spektakul\u00e4res Beispiel f\u00fcr die Uhrmacherkunst der Jahrhundertmitte und mit einer speziellen Synchronisationsuhr von Lemania wie dieser ist es leicht zu verstehen, warum!<br \/>\n<strong>Zustandsbericht:<\/strong><br \/>\nBitte lesen Sie den Zustandsbericht sorgf\u00e4ltig durch und betrachten Sie die hochaufl\u00f6senden Bilder, um den Gesamtzustand der Uhr zu beurteilen.<\/p>\n","protected":false},"featured_media":16067,"template":"","meta":{"om_disable_all_campaigns":false,"_monsterinsights_skip_tracking":false,"_monsterinsights_sitenote_active":false,"_monsterinsights_sitenote_note":"","_monsterinsights_sitenote_category":0},"product_brand":[],"product_cat":[71],"product_tag":[],"class_list":{"0":"post-16092","1":"product","2":"type-product","3":"status-publish","4":"has-post-thumbnail","6":"product_cat-verkaufte-uhren","8":"first","9":"instock","10":"taxable","11":"shipping-taxable","12":"purchasable","13":"product-type-simple"},"aioseo_notices":[],"_links":{"self":[{"href":"https:\/\/chrono-scope.ch\/de\/wp-json\/wp\/v2\/product\/16092","targetHints":{"allow":["GET"]}}],"collection":[{"href":"https:\/\/chrono-scope.ch\/de\/wp-json\/wp\/v2\/product"}],"about":[{"href":"https:\/\/chrono-scope.ch\/de\/wp-json\/wp\/v2\/types\/product"}],"version-history":[{"count":1,"href":"https:\/\/chrono-scope.ch\/de\/wp-json\/wp\/v2\/product\/16092\/revisions"}],"predecessor-version":[{"id":19699,"href":"https:\/\/chrono-scope.ch\/de\/wp-json\/wp\/v2\/product\/16092\/revisions\/19699"}],"wp:featuredmedia":[{"embeddable":true,"href":"https:\/\/chrono-scope.ch\/de\/wp-json\/wp\/v2\/media\/16067"}],"wp:attachment":[{"href":"https:\/\/chrono-scope.ch\/de\/wp-json\/wp\/v2\/media?parent=16092"}],"wp:term":[{"taxonomy":"product_brand","embeddable":true,"href":"https:\/\/chrono-scope.ch\/de\/wp-json\/wp\/v2\/product_brand?post=16092"},{"taxonomy":"product_cat","embeddable":true,"href":"https:\/\/chrono-scope.ch\/de\/wp-json\/wp\/v2\/product_cat?post=16092"},{"taxonomy":"product_tag","embeddable":true,"href":"https:\/\/chrono-scope.ch\/de\/wp-json\/wp\/v2\/product_tag?post=16092"}],"curies":[{"name":"wp","href":"https:\/\/api.w.org\/{rel}","templated":true}]}}