{"id":15965,"date":"2024-06-10T11:28:26","date_gmt":"2024-06-10T11:28:26","guid":{"rendered":"https:\/\/nakyxozy.cyon.site\/product\/rolex-vintage-datejust-ref-1601-rare-blue-wide-boy-sigma-dial-from-1972\/"},"modified":"2024-07-17T09:46:51","modified_gmt":"2024-07-17T09:46:51","slug":"rolex-vintage-datejust-ref-1601-rare-blue-wide-boy-sigma-dial-from-1972","status":"publish","type":"product","link":"https:\/\/chrono-scope.ch\/de\/produkt\/rolex-vintage-datejust-ref-1601-rare-blue-wide-boy-sigma-dial-from-1972\/","title":{"rendered":"SOLD &#8211; Rolex Vintage Datejust Ref. 1601 &#8211; rare blue \u201cwide boy\u201d sigma dial from 1972"},"content":{"rendered":"<p style=\"text-align: left\"><strong>SPEZIFIKATIONEN; ZUSTANDSBERICHT<\/strong>; bitte sehen Sie sich die hochaufl\u00f6senden Bilder an, um den Zustand der Uhr zu beurteilen.<\/p>\n<p style=\"text-align: left\"><strong>MODELL \/ REFERENZ:<\/strong> Rolex Datejust Ref. 1601. Die Seriennummer 3&#8217;080&#8217;xxx datiert die Produktion auf etwa. 1972. Inventarnummer: 240521-4<\/p>\n<p style=\"text-align: left\"><strong>ZIFFERN+ZIGER:<\/strong> originales blaues Sigma-Zifferblatt in sehr gutem Zustand. Die Leuchtpunkte sind vorhanden und weisen eine sehr attraktive beige-braune Patina auf. Der Leuchtpunkt bei der 6 weist einen gewissen Leuchtkraftverlust auf. Die Schrift ist klar und deutlich. Das Datumsrad ist sauber.<br \/>\nDer originale H\u00f6rer ist in sehr gutem Zustand. Die Tritiumlumineszenz auf den Zeigern ist intakt und hat einen \u00e4hnlichen Farbton wie die Luminiszenzpunkte angenommen.<br \/>\nBei Aktivierung mit UV-Licht leuchten die Leuchtpunkte und die Zeiger auf und erl\u00f6schen dann.<\/p>\n<p style=\"text-align: left\"><strong>L\u00dcNETTE:<\/strong> Wei\u00dfgold L\u00fcnette in gutem Zustand mit leichten Gebrauchsspuren im Einklang mit dem Alter der Uhr.<\/p>\n<p style=\"text-align: left\"><strong>GLAS:<\/strong> Plexiglas in sehr gutem Zustand<\/p>\n<p style=\"text-align: left\"><strong>GEH\u00c4USE:<\/strong> 36-mm-Edelstahlgeh\u00e4use in gutem Zustand mit Gebrauchsspuren, die dem Alter der Uhr entsprechen. Die Nasen sind gut ausgepr\u00e4gt. Die Referenz und die Gravur der Seriennummer zwischen den Bandanst\u00f6\u00dfen sind klar und deutlich.<br \/>\nDer Abstand zwischen den Anst\u00f6\u00dfen betr\u00e4gt 43 mm, die Ansto\u00dfbreite 20 mm, die Dicke einschlie\u00dflich des Glases ungef\u00e4hr. 12 mm.<\/p>\n<p style=\"text-align: left\"><strong>GEH\u00c4USEBODEN:<\/strong> Der Original-Edelstahlboden weist leichte Oberfl\u00e4chenspuren auf. Der innere Geh\u00e4useboden ist werkseitig graviert und tr\u00e4gt die Referenznummer.<\/p>\n<p style=\"text-align: left\"><strong>KRONE:<\/strong> Rolex Twinlock verschraubte Krone<\/p>\n<p style=\"text-align: left\"><strong>UHRWERK und FUNKTION:<\/strong> sauberes und voll funktionsf\u00e4higes Automatikwerk Kal. 1570, 26 Lagersteine, 19800 Umdrehungen pro Minute. Das Uhrwerk l\u00e4uft kr\u00e4ftig und h\u00e4lt die Zeit gut ein.<\/p>\n<p style=\"text-align: left\"><strong>BAND:<\/strong> Rolex Jubilee-Armband 6251H mit 55 Endgliedern. Das Armband ist dehnbar, wie bei Vintage-Jubil\u00e4umsarmb\u00e4ndern \u00fcblich. Es passt f\u00fcr ein Handgelenk von ca. 19,5 cm \/ 7,5 Zoll.<\/p>\n<p style=\"text-align: left\"><strong>ZUBEH\u00d6R:<\/strong> Saffiano Leder Uhrenrolle. Eine alte Rolex Innen- und Au\u00dfenbox ist auf Anfrage erh\u00e4ltlich.<\/p>\n<p style=\"text-align: left\"><strong>GARANTIE:<\/strong> Wir garantieren die Echtheit der Uhr. Wir gew\u00e4hren au\u00dferdem 12 Monate Garantie auf die korrekte Funktion dieses Zeitmessers. F\u00fcr alle Garantien gelten die Allgemeinen Gesch\u00e4ftsbedingungen.<br \/>\nBitte z\u00f6gern Sie nicht, Fragen zu stellen, wir werden sie gerne beantworten. Virtuelle oder pers\u00f6nliche Besichtigung nach Vereinbarung.<\/p>\n","protected":false},"excerpt":{"rendered":"<p style=\"text-align: left\">Wir sind stolz darauf, Ihnen diese sch\u00f6ne <strong>Rolex Vintage Datejust Ref. 1601<\/strong> mit dem seltenen blauen &#8222;Wide Boy&#8220; Sigma-Zifferblatt aus dem Jahr 1972. Das seltene blaue Zifferblatt mit Sonnenschliff ist au\u00dfergew\u00f6hnlich gut erhalten.<br \/>\nZifferblatt, Krone, Geh\u00e4useboden, Uhrwerk und Armband signiert. Das Geh\u00e4use bleibt scharf und die Uhr und kommt mit 12 Monaten Garantie.<\/p>\n","protected":false},"featured_media":15959,"template":"","meta":{"om_disable_all_campaigns":false,"_monsterinsights_skip_tracking":false,"_monsterinsights_sitenote_active":false,"_monsterinsights_sitenote_note":"","_monsterinsights_sitenote_category":0},"product_brand":[],"product_cat":[71],"product_tag":[],"class_list":{"0":"post-15965","1":"product","2":"type-product","3":"status-publish","4":"has-post-thumbnail","6":"product_cat-verkaufte-uhren","8":"first","9":"instock","10":"taxable","11":"shipping-taxable","12":"purchasable","13":"product-type-simple"},"aioseo_notices":[],"_links":{"self":[{"href":"https:\/\/chrono-scope.ch\/de\/wp-json\/wp\/v2\/product\/15965","targetHints":{"allow":["GET"]}}],"collection":[{"href":"https:\/\/chrono-scope.ch\/de\/wp-json\/wp\/v2\/product"}],"about":[{"href":"https:\/\/chrono-scope.ch\/de\/wp-json\/wp\/v2\/types\/product"}],"version-history":[{"count":0,"href":"https:\/\/chrono-scope.ch\/de\/wp-json\/wp\/v2\/product\/15965\/revisions"}],"wp:featuredmedia":[{"embeddable":true,"href":"https:\/\/chrono-scope.ch\/de\/wp-json\/wp\/v2\/media\/15959"}],"wp:attachment":[{"href":"https:\/\/chrono-scope.ch\/de\/wp-json\/wp\/v2\/media?parent=15965"}],"wp:term":[{"taxonomy":"product_brand","embeddable":true,"href":"https:\/\/chrono-scope.ch\/de\/wp-json\/wp\/v2\/product_brand?post=15965"},{"taxonomy":"product_cat","embeddable":true,"href":"https:\/\/chrono-scope.ch\/de\/wp-json\/wp\/v2\/product_cat?post=15965"},{"taxonomy":"product_tag","embeddable":true,"href":"https:\/\/chrono-scope.ch\/de\/wp-json\/wp\/v2\/product_tag?post=15965"}],"curies":[{"name":"wp","href":"https:\/\/api.w.org\/{rel}","templated":true}]}}