{"id":15847,"date":"2024-06-07T11:52:41","date_gmt":"2024-06-07T11:52:41","guid":{"rendered":"https:\/\/nakyxozy.cyon.site\/product\/tudor-vintage-prince-oysterdate-jumbo-ref-7024\/"},"modified":"2026-03-16T15:02:34","modified_gmt":"2026-03-16T15:02:34","slug":"tudor-vintage-prince-oysterdate-jumbo-ref-7024","status":"publish","type":"product","link":"https:\/\/chrono-scope.ch\/de\/produkt\/tudor-vintage-prince-oysterdate-jumbo-ref-7024\/","title":{"rendered":"Tudor Vintage Prince Oysterdate Jumbo Ref. 7024"},"content":{"rendered":"<p style=\"text-align: left;\"><strong>MODELL \/ REFERENZ:<\/strong> Tudor Prince Oysterdate Jumbo, Ref.7024\/0. Die Seriennummer 744&#8217;028 datiert die Uhr auf ca. 1972. Inventarnummer: 240328-1<\/p>\n<p style=\"text-align: left;\"><strong>ZIFFERN+ZEIGER:<\/strong><\/p>\n<ul style=\"text-align: left;\">\n<li style=\"text-align: left;\">silbernes Zifferblatt mit appliziertem Tudor Logo und Indexen in sehr gutem Zustand mit nur minimalen Alterungsspuren<\/li>\n<li style=\"text-align: left;\">Druck: original und gestochen scharf<\/li>\n<li style=\"text-align: left;\">Das Datumsrad ist sauber<\/li>\n<li style=\"text-align: left;\">Die Leuchtpunkte auf dem Zifferblatt sind vorhanden und intakt. Die Leuchtmasse ist zu einem hellen Beigeton gealtert.<\/li>\n<li style=\"text-align: left;\">Zeiger: Die Tritiumlumineszenz auf den Zeigern ist intakt und hat einen hellbeigen Farbton angenommen.<\/li>\n<li style=\"text-align: left;\">Wenn sie mit UV-Licht aktiviert wird, leuchtet die Lume auf dem Zifferblatt und den Zeigern. Wenn die Lichtquelle entfernt wird, verblasst sie langsam.<\/li>\n<\/ul>\n<p style=\"text-align: left;\"><strong>GLAS:<\/strong> Plexiglas in gutem Zustand mit kleinen Oberfl\u00e4chenflecken<\/p>\n<p style=\"text-align: left;\"><strong>BEZEL:<\/strong> Flache Stahll\u00fcnette in gutem Zustand mit Gebrauchsspuren.<\/p>\n<p style=\"text-align: left;\"><strong>GEH\u00c4USE:<\/strong> 37,5 mm Edelstahlgeh\u00e4use mit leichten Gebrauchsspuren, die dem Alter der Uhr entsprechen. Das Geh\u00e4use misst 46 mm von Lug zu Lug. Die Gravur der Referenz- und Seriennummer zwischen den Anst\u00f6\u00dfen ist vorhanden.<\/p>\n<p style=\"text-align: left;\"><strong>GEH\u00c4USEBODEN:<\/strong> Edelstahl Rolex signiert Geh\u00e4useboden in gutem Zustand mit Gebrauchsspuren. Der innere Geh\u00e4useboden tr\u00e4gt die korrekten Werksgravuren.<\/p>\n<p style=\"text-align: left;\"><strong>KRONE:<\/strong> Original Rolex signierte Twinlock-Krone.<\/p>\n<p style=\"text-align: left;\"><strong>UHRWERK:<\/strong> Automatischer Aufzug ETA 2752 Uhrwerk in gutem und voll funktionsf\u00e4higem Zustand. Das Datum \u00e4ndert sich um Mitternacht. Das Uhrwerk l\u00e4uft kr\u00e4ftig und h\u00e4lt die Zeit gut ein, was auf eine k\u00fcrzliche Wartung hindeutet.<\/p>\n<p style=\"text-align: left;\"><strong>BAND:<\/strong> Edelstahlarmband im Oyster-Stil mit signierter Tudor-Schlie\u00dfe, gestempelt7836-M12, 282 Endglieder. Das Stahlarmband weist Gebrauchsspuren und eine gewisse Dehnung auf, was dem Alter der Uhr entspricht<\/p>\n<p style=\"text-align: left;\"><strong>ZUBEH\u00d6R:<\/strong> Saffiano Leder Uhrenrolle.<\/p>\n<p style=\"text-align: left;\"><strong>GARANTIE:<\/strong> Wir garantieren die Echtheit der Uhr. Wir gew\u00e4hren au\u00dferdem 12 Monate Garantie auf die korrekte Funktion dieses Zeitmessers. F\u00fcr alle Garantien gelten die Allgemeinen Gesch\u00e4ftsbedingungen.<br \/>\nBitte z\u00f6gern Sie nicht, Fragen zu stellen, wir werden sie gerne beantworten. Virtuelle oder pers\u00f6nliche Besichtigung nach Vereinbarung.<\/p>\n","protected":false},"excerpt":{"rendered":"<p style=\"text-align: left;\">Wir sind stolz darauf, Ihnen eine wundersch\u00f6ne Vintage <strong>Tudor Prince Oysterdate Jumbo Ref. 7024<\/strong> mit seltenem blauem Zifferblatt in hervorragendem Vintage-Zustand. Diese Tudor Jumbo mit Rotoraufzug und appliziertem Schildlogo hat eine starke Pr\u00e4senz am Handgelenk und bietet dennoch ein gutes Preis-Leistungs-Verh\u00e4ltnis.<br \/>\nZiffern, Krone, Geh\u00e4useboden, Uhrwerk und Schlie\u00dfe signiert. Die Uhr ist voll funktionsf\u00e4hig und wird mit einer 12-monatigen Garantie geliefert.<\/p>\n<p>SPEZIFIKATIONEN; ZUSTANDSBERICHT: Bitte sehen Sie sich die hochaufl\u00f6senden Bilder an, um den Zustand der Uhr zu beurteilen.<\/p>\n","protected":false},"featured_media":33109,"template":"","meta":{"om_disable_all_campaigns":false,"_monsterinsights_skip_tracking":false,"_monsterinsights_sitenote_active":false,"_monsterinsights_sitenote_note":"","_monsterinsights_sitenote_category":0},"product_brand":[],"product_cat":[361,74],"product_tag":[],"class_list":{"0":"post-15847","1":"product","2":"type-product","3":"status-publish","4":"has-post-thumbnail","6":"product_cat-tudor-de","7":"product_cat-vintage-de","9":"first","10":"instock","11":"taxable","12":"shipping-taxable","13":"purchasable","14":"product-type-simple"},"aioseo_notices":[],"_links":{"self":[{"href":"https:\/\/chrono-scope.ch\/de\/wp-json\/wp\/v2\/product\/15847","targetHints":{"allow":["GET"]}}],"collection":[{"href":"https:\/\/chrono-scope.ch\/de\/wp-json\/wp\/v2\/product"}],"about":[{"href":"https:\/\/chrono-scope.ch\/de\/wp-json\/wp\/v2\/types\/product"}],"version-history":[{"count":1,"href":"https:\/\/chrono-scope.ch\/de\/wp-json\/wp\/v2\/product\/15847\/revisions"}],"predecessor-version":[{"id":37642,"href":"https:\/\/chrono-scope.ch\/de\/wp-json\/wp\/v2\/product\/15847\/revisions\/37642"}],"wp:featuredmedia":[{"embeddable":true,"href":"https:\/\/chrono-scope.ch\/de\/wp-json\/wp\/v2\/media\/33109"}],"wp:attachment":[{"href":"https:\/\/chrono-scope.ch\/de\/wp-json\/wp\/v2\/media?parent=15847"}],"wp:term":[{"taxonomy":"product_brand","embeddable":true,"href":"https:\/\/chrono-scope.ch\/de\/wp-json\/wp\/v2\/product_brand?post=15847"},{"taxonomy":"product_cat","embeddable":true,"href":"https:\/\/chrono-scope.ch\/de\/wp-json\/wp\/v2\/product_cat?post=15847"},{"taxonomy":"product_tag","embeddable":true,"href":"https:\/\/chrono-scope.ch\/de\/wp-json\/wp\/v2\/product_tag?post=15847"}],"curies":[{"name":"wp","href":"https:\/\/api.w.org\/{rel}","templated":true}]}}