{"id":15762,"date":"2024-06-03T08:44:42","date_gmt":"2024-06-03T08:44:42","guid":{"rendered":"https:\/\/nakyxozy.cyon.site\/product\/omega-vintage-cal-30t2-reference-2383-3\/"},"modified":"2025-12-30T09:23:39","modified_gmt":"2025-12-30T09:23:39","slug":"omega-vintage-cal-30t2-reference-2383-3","status":"publish","type":"product","link":"https:\/\/chrono-scope.ch\/de\/produkt\/omega-vintage-cal-30t2-reference-2383-3\/","title":{"rendered":"SOLD &#8211; Omega Vintage Cal. 30T2 Reference 2383-3"},"content":{"rendered":"<p style=\"text-align: left\"><strong>MODELL \/ REFERENZ:<\/strong> Omega 30T2 Referenz 2383-3. Die Seriennummer 10 Millionen datiert das Produktionsjahr auf ca. 1944.<\/p>\n<p style=\"text-align: left\"><strong>ZIFFERN+ ZEIGER: <\/strong>Abgesehen von seinem minimalistischen und raffinierten Aussehen verspr\u00fcht das Eierschalen-Zifferblatt den Charme einer wundersch\u00f6n bearbeiteten Oberfl\u00e4che, die leicht gealtert ist und keine erkennbaren Sch\u00e4den oder Unvollkommenheiten aufweist<strong>.<\/strong> Von der Sechs-Uhr-Sekundenanzeige bis zur Eisenbahnminuterie ist der schwarze Aufdruck tadellos und vollst\u00e4ndig.<br \/>\nDie gemalten arabischen Ziffern sind gr\u00f6\u00dftenteils intakt und haben im Laufe der Zeit Flecken einer dunkleren Patina entwickelt. Die eleganten Spritzenzeiger haben eine intakte, aber etwas hellere Leuchtf\u00fcllung und sch\u00f6ne silberne Konturen.<\/p>\n<p style=\"text-align: left\"><strong>GLAS:<\/strong> Das Plexiglas ist in gutem Zustand, ohne gr\u00f6\u00dfere Sch\u00e4den. Es hat einige Flecken in der N\u00e4he der Peripherie des Bereichs zwischen 1 und 4 Uhr.<\/p>\n<p style=\"text-align: left\"><strong>GEH\u00c4USE:<\/strong> Das 35-mm-Edelstahlgeh\u00e4use hat ein schlankes Profil und gebohrte, nach unten gerichtete Bandanst\u00f6\u00dfe, die sich \u00fcber 42 mm erstrecken und f\u00fcr eine gute Pr\u00e4senz und einen bequemen Sitz sorgen. Es beh\u00e4lt seine starke Form bei, bis hin zu der abgestuften, abgeschr\u00e4gten L\u00fcnette. Die zuvor polierte Oberfl\u00e4che weist einige kleine Scharten und Kratzer auf, die dem Alter angemessen sind.<\/p>\n<p style=\"text-align: left\"><strong>GEH\u00c4USEBODEN:<\/strong> Der verschraubte Geh\u00e4useboden aus Edelstahl verf\u00fcgt \u00fcber sechs \u00d6ffnungsschlitze. Es ist in einem mittelm\u00e4\u00dfigen Zustand mit sichtbaren Kratzern.<br \/>\nDie Innenseite ist h\u00fcbsch verziert und mit der korrekten Nomenklatur f\u00fcr die damalige Zeit versehen.<\/p>\n<p style=\"text-align: left\"><strong>KRONE:<\/strong> Die geriffelte Krone ist in der Mitte mit einem klar definierten Omega-Logo versehen. Es handelt sich wahrscheinlich um einen Ersatz und funktioniert einwandfrei, vom Aufziehen bis zur Zeiteinstellung.<\/p>\n<p style=\"text-align: left\"><strong>UHRWERK:<\/strong> Diese Omega verf\u00fcgt \u00fcber eine fr\u00fche Version des hauseigenen Uhrwerks mit Handaufzug 30T2 PC, das mit 15 Steinen ausgestattet ist. Dies ist eine verbesserte Version der hoch angesehenen Cal. 30T2 durch eine Incabloc-Sto\u00dfsicherung.<br \/>\nSie ist nummeriert, und ihr mechanischer Zustand wurde \u00fcberpr\u00fcft, so dass sie sich leicht aufziehen l\u00e4sst und die Zeit einigerma\u00dfen gut h\u00e4lt.<\/p>\n<p style=\"text-align: left\"><strong>BAND:<\/strong> Erg\u00e4nzendes Armband aus echtem Leder mit braunem Krokodilmotiv. Sie misst 18 mm in der Breite und wird mit einer unsignierten Dornschlie\u00dfe aus Stahl geliefert.<\/p>\n<p style=\"text-align: left\"><strong>ZUBEH\u00d6R<\/strong>: keine.<\/p>\n<p style=\"text-align: left\"><strong>GARANTIE:<\/strong> Wir garantieren die Echtheit der Uhr. Au\u00dferdem gew\u00e4hren wir eine 12-monatige Garantie auf die einwandfreie Funktion dieses Zeitmessers. F\u00fcr alle Garantien gelten die Allgemeinen Gesch\u00e4ftsbedingungen.<br \/>\nBitte z\u00f6gern Sie nicht, Fragen zu stellen, wir werden sie gerne beantworten. Eine virtuelle oder pers\u00f6nliche Besichtigung ist nach Vereinbarung m\u00f6glich.<\/p>\n","protected":false},"excerpt":{"rendered":"<p style=\"text-align: left\">Wir pr\u00e4sentieren Ihnen stolz eine Uhr aus den 1940er Jahren, die ein milit\u00e4risches Design aufweist. Von den leuchtenden Spritzenzeigern \u00fcber die arabischen Ziffern bis hin zur Minuterie im Stil der Eisenbahn &#8211; lassen Sie sich von der<strong> Referenz 2383-3<\/strong> begeistern.<\/p>\n<p style=\"text-align: left\">Es ist kein Geheimnis, dass <strong>die<\/strong> Geschichte <strong>von Omega<\/strong> mit einer Vielzahl von reinen Zeitmessern geschm\u00fcckt ist. Dies ist auf den umfangreichen Katalog mechanisch brillanter Uhrwerke zur\u00fcckzuf\u00fchren, zu denen das Kal. 30T2 sicherlich geh\u00f6rt.<\/p>\n<p style=\"text-align: left\">Bitte lesen Sie den Zustandsbericht sorgf\u00e4ltig durch und betrachten Sie die hochaufl\u00f6senden Bilder, um den Gesamtzustand der Uhr zu beurteilen.<\/p>\n","protected":false},"featured_media":33067,"template":"","meta":{"om_disable_all_campaigns":false,"_monsterinsights_skip_tracking":false,"_monsterinsights_sitenote_active":false,"_monsterinsights_sitenote_note":"","_monsterinsights_sitenote_category":0},"product_brand":[],"product_cat":[61,71,74],"product_tag":[],"class_list":{"0":"post-15762","1":"product","2":"type-product","3":"status-publish","4":"has-post-thumbnail","6":"product_cat-omega-de","7":"product_cat-verkaufte-uhren","8":"product_cat-vintage-de","10":"first","11":"instock","12":"taxable","13":"shipping-taxable","14":"purchasable","15":"product-type-simple"},"aioseo_notices":[],"_links":{"self":[{"href":"https:\/\/chrono-scope.ch\/de\/wp-json\/wp\/v2\/product\/15762","targetHints":{"allow":["GET"]}}],"collection":[{"href":"https:\/\/chrono-scope.ch\/de\/wp-json\/wp\/v2\/product"}],"about":[{"href":"https:\/\/chrono-scope.ch\/de\/wp-json\/wp\/v2\/types\/product"}],"version-history":[{"count":3,"href":"https:\/\/chrono-scope.ch\/de\/wp-json\/wp\/v2\/product\/15762\/revisions"}],"predecessor-version":[{"id":34285,"href":"https:\/\/chrono-scope.ch\/de\/wp-json\/wp\/v2\/product\/15762\/revisions\/34285"}],"wp:featuredmedia":[{"embeddable":true,"href":"https:\/\/chrono-scope.ch\/de\/wp-json\/wp\/v2\/media\/33067"}],"wp:attachment":[{"href":"https:\/\/chrono-scope.ch\/de\/wp-json\/wp\/v2\/media?parent=15762"}],"wp:term":[{"taxonomy":"product_brand","embeddable":true,"href":"https:\/\/chrono-scope.ch\/de\/wp-json\/wp\/v2\/product_brand?post=15762"},{"taxonomy":"product_cat","embeddable":true,"href":"https:\/\/chrono-scope.ch\/de\/wp-json\/wp\/v2\/product_cat?post=15762"},{"taxonomy":"product_tag","embeddable":true,"href":"https:\/\/chrono-scope.ch\/de\/wp-json\/wp\/v2\/product_tag?post=15762"}],"curies":[{"name":"wp","href":"https:\/\/api.w.org\/{rel}","templated":true}]}}