{"id":15559,"date":"2024-05-14T09:52:59","date_gmt":"2024-05-14T09:52:59","guid":{"rendered":"https:\/\/nakyxozy.cyon.site\/product\/breitling-avi-1953-edition-platinum-limited-edition-of-153-pcs\/"},"modified":"2024-05-29T05:57:59","modified_gmt":"2024-05-29T05:57:59","slug":"breitling-avi-1953-edition-platinum-limited-edition-of-153-pcs","status":"publish","type":"product","link":"https:\/\/chrono-scope.ch\/de\/produkt\/breitling-avi-1953-edition-platinum-limited-edition-of-153-pcs\/","title":{"rendered":"SOLD &#8211; Breitling AVI 1953 EDITION Platinum, Limited Edition of 153 pcs"},"content":{"rendered":"<p><strong>LIEFERUMFANG:<\/strong> Vollst\u00e4ndiges Set mit Box, Bedienungsanleitung und Garantiekarte, wie auf den Bildern zu sehen.<\/p>\n<p style=\"text-align: left\"><strong>DIE GESCHICHTE:<\/strong><br \/>\nIn den 1950er Jahren war die urspr\u00fcngliche Co-Pilot Ref. 765 AVI neben einer anderen Breitling-Ikone: der Navitimer. Mit ihrem k\u00fchnen Design, der gravierten Drehl\u00fcnette und dem besonders gut lesbaren Zifferblatt wurde die 765 AVI als robuste und zuverl\u00e4ssige Fliegeruhr sofort zum perfekten Begleiter der Navitimer. Heute bietet die AVI 1953 Edition eine luxuri\u00f6se Abwandlung des urspr\u00fcnglichen Designs der Co-Pilot Ref. 765 AVI aus dem Jahr 1953. Das komplett blaue Zifferblatt, das von einem stark gew\u00f6lbten Hesalitglas gesch\u00fctzt wird, hat dieselben arabischen Ziffern wie die urspr\u00fcngliche Co-Pilot und verf\u00fcgt \u00fcber Ton in Ton gehaltene kleine Sekunden-, 15-Minuten- und 12-Stunden-Chronographenz\u00e4hler. Die von Hand aufgetragene Super-LumiNova Farbe wurde sorgf\u00e4ltig ausgew\u00e4hlt, um an das urspr\u00fcngliche Leuchtmaterial zu erinnern und verleiht der AVI 1953 Edition einen zus\u00e4tzlichen Hauch von Vintage-All\u00fcre.<\/p>\n<p style=\"text-align: left\"><strong>SPEZIFIKATIONEN:<\/strong><br \/>\nRef. LB0920131C1X1. Die AVI 1953 Edition verf\u00fcgt \u00fcber ein 41 mm gro\u00dfes Platingeh\u00e4use mit einer Wasserdichtigkeit von bis zu 3 bar (30 Meter). Angetrieben wird die AVI 1953 Edition durch das hauseigene Breitling Manufakturkaliber B09, ein COSC-zertifiziertes Handaufzugskaliber, das auf dem renommierten Breitling Kaliber 01 basiert.<\/p>\n<p style=\"text-align: left\"><strong>ZUBEH\u00d6R:<\/strong> Sie ist mit einem Lederarmband im Vintage-Stil und einer Dornschlie\u00dfe aus 18 Karat Wei\u00dfgold in einer auf 153 Exemplare limitierten Auflage erh\u00e4ltlich, wobei jedes Exemplar mit der Gravur &#8222;ONE OF 153&#8220; versehen ist.<\/p>\n<p style=\"text-align: left\"><strong>GARANTIE:<\/strong> Wir garantieren die Echtheit der Uhr. Die Uhr unterliegt der Breitling Herstellergarantie. Die Uhr kann f\u00fcr eine Garantieverl\u00e4ngerung online auf den Namen des zuk\u00fcnftigen Besitzers registriert werden.<br \/>\nBitte z\u00f6gern Sie nicht, Fragen zu stellen, wir werden sie gerne beantworten. Virtuelle oder pers\u00f6nliche Besichtigung nur nach Vereinbarung.<\/p>\n","protected":false},"excerpt":{"rendered":"<p style=\"text-align: left\">Wir sind stolz darauf, Ihnen diese <strong>Breitling AVI 1953 EDITION in Platin<\/strong> zu pr\u00e4sentieren, eine von 153 hergestellten Exemplaren. Sie ist in brandneuem Zustand, komplett mit Box und Papieren, Erstbesitzeruhr, v\u00f6llig ungetragen. Listenpreis 41&#8217;000 CHF.<\/p>\n","protected":false},"featured_media":15556,"template":"","meta":{"om_disable_all_campaigns":false,"_monsterinsights_skip_tracking":false,"_monsterinsights_sitenote_active":false,"_monsterinsights_sitenote_note":"","_monsterinsights_sitenote_category":0},"product_brand":[],"product_cat":[71],"product_tag":[],"class_list":{"0":"post-15559","1":"product","2":"type-product","3":"status-publish","4":"has-post-thumbnail","6":"product_cat-verkaufte-uhren","8":"first","9":"instock","10":"taxable","11":"shipping-taxable","12":"purchasable","13":"product-type-simple"},"aioseo_notices":[],"_links":{"self":[{"href":"https:\/\/chrono-scope.ch\/de\/wp-json\/wp\/v2\/product\/15559","targetHints":{"allow":["GET"]}}],"collection":[{"href":"https:\/\/chrono-scope.ch\/de\/wp-json\/wp\/v2\/product"}],"about":[{"href":"https:\/\/chrono-scope.ch\/de\/wp-json\/wp\/v2\/types\/product"}],"version-history":[{"count":0,"href":"https:\/\/chrono-scope.ch\/de\/wp-json\/wp\/v2\/product\/15559\/revisions"}],"wp:featuredmedia":[{"embeddable":true,"href":"https:\/\/chrono-scope.ch\/de\/wp-json\/wp\/v2\/media\/15556"}],"wp:attachment":[{"href":"https:\/\/chrono-scope.ch\/de\/wp-json\/wp\/v2\/media?parent=15559"}],"wp:term":[{"taxonomy":"product_brand","embeddable":true,"href":"https:\/\/chrono-scope.ch\/de\/wp-json\/wp\/v2\/product_brand?post=15559"},{"taxonomy":"product_cat","embeddable":true,"href":"https:\/\/chrono-scope.ch\/de\/wp-json\/wp\/v2\/product_cat?post=15559"},{"taxonomy":"product_tag","embeddable":true,"href":"https:\/\/chrono-scope.ch\/de\/wp-json\/wp\/v2\/product_tag?post=15559"}],"curies":[{"name":"wp","href":"https:\/\/api.w.org\/{rel}","templated":true}]}}