{"id":15118,"date":"2024-04-08T15:35:49","date_gmt":"2024-04-08T15:35:49","guid":{"rendered":"https:\/\/nakyxozy.cyon.site\/product\/omega-speedmaster-vintage-lcd-quarz\/"},"modified":"2025-05-15T15:22:24","modified_gmt":"2025-05-15T15:22:24","slug":"omega-speedmaster-vintage-lcd-quarz","status":"publish","type":"product","link":"https:\/\/chrono-scope.ch\/de\/produkt\/omega-speedmaster-vintage-lcd-quarz\/","title":{"rendered":"SOLD &#8211; Omega Speedmaster Vintage LCD Quarz"},"content":{"rendered":"<p style=\"text-align: left\"><strong>SPEZIFIKATIONEN; ZUSTANDSBERICHT: <\/strong>Bitte sehen Sie sich die hochaufl\u00f6senden Bilder an, um den Zustand der Uhr zu beurteilen.<\/p>\n<p style=\"text-align: left\"><strong>MODELL \/ REFERENZ:<\/strong> Omega Speedmaster Quartz , Ref. 186.0009, Seriennummer 00083369<\/p>\n<p style=\"text-align: left\"><strong>ZIFFERN:<br \/>\n<\/strong><\/p>\n<ul>\n<li style=\"text-align: left\">Das Zifferblatt besteht aus der schwarzen Maske unter dem Glas, das mit Omega und &#8222;Speedmaster Quartz&#8220; signiert ist. Es ist in sehr gutem Zustand mit allen Druck vorhanden und scharf.<\/li>\n<li style=\"text-align: left\">Die LCD-Segmente sind alle vorhanden und voll funktionsf\u00e4hig.<\/li>\n<\/ul>\n<p style=\"text-align: left\"><strong>GLAS:<\/strong> Mineralkristall in sehr gutem Zustand<\/p>\n<p style=\"text-align: left\"><strong>GEH\u00c4USE:<\/strong> Edelstahlgeh\u00e4use mit leichten Gebrauchsspuren, die dem Alter der Uhr entsprechen. Das Geh\u00e4use misst ca. 33,5 mm x 40 mm (ohne Dr\u00fccker).<\/p>\n<p style=\"text-align: left\"><strong>GEH\u00c4USEBODEN:<\/strong> Edelstahlboden in gutem Zustand, mit leichten Gebrauchsspuren<\/p>\n<p style=\"text-align: left\"><strong>KRONE &amp; DR\u00dcCKER:<\/strong> original unsignierte Dr\u00fccker.<\/p>\n<p style=\"text-align: left\"><strong>UHRWERK:<\/strong> Omega Kal. 1620, voll funktionsf\u00e4hig. Es wurden neue Batterien eingebaut.<\/p>\n<p style=\"text-align: left\"><strong>BAND:<\/strong> Original Omega ref. 1318.291 &#8211; 42 Edelstahlarmband mit signierter Faltschlie\u00dfe. Das Armband weist Gebrauchsspuren auf, die dem Alter der Uhr entsprechen.<\/p>\n<p style=\"text-align: left\"><strong>ZUBEH\u00d6R:<\/strong> Saffiano Leder Uhrenrolle.<br \/>\nZifferblatt, Geh\u00e4use, Uhrwerk und Armband signiert Omega. Alle Funktionen funktionieren wie vorgesehen.<\/p>\n<p style=\"text-align: left\"><strong>GARANTIE:<\/strong> Wir garantieren die Echtheit der Uhr. Wir gew\u00e4hren au\u00dferdem 12 Monate Garantie auf die korrekte Funktion dieses Zeitmessers. F\u00fcr alle Garantien gelten die Allgemeinen Gesch\u00e4ftsbedingungen.<br \/>\nBitte z\u00f6gern Sie nicht, Fragen zu stellen, wir werden sie gerne beantworten.<br \/>\nVirtuelle oder pers\u00f6nliche Besichtigung nach Vereinbarung m\u00f6glich ist<\/p>\n","protected":false},"excerpt":{"rendered":"<p style=\"text-align: left\">Coole<strong> Vintage Omega Speedmaster Quarz ref. 186.0009 \/ 396.0809<\/strong> aus den sp\u00e4ten 1970er Jahren in vollem Originalzustand.<br \/>\nAlle Funktionen funktionieren wie gew\u00fcnscht. Das Licht zur Beleuchtung des LCD-Bildschirms funktioniert ebenfalls. Die Uhr wird mit 12 Monaten Garantie geliefert.<\/p>\n","protected":false},"featured_media":15088,"template":"","meta":{"om_disable_all_campaigns":false,"_monsterinsights_skip_tracking":false,"_monsterinsights_sitenote_active":false,"_monsterinsights_sitenote_note":"","_monsterinsights_sitenote_category":0},"product_brand":[],"product_cat":[71],"product_tag":[],"class_list":{"0":"post-15118","1":"product","2":"type-product","3":"status-publish","4":"has-post-thumbnail","6":"product_cat-verkaufte-uhren","8":"first","9":"instock","10":"taxable","11":"shipping-taxable","12":"purchasable","13":"product-type-simple"},"aioseo_notices":[],"_links":{"self":[{"href":"https:\/\/chrono-scope.ch\/de\/wp-json\/wp\/v2\/product\/15118","targetHints":{"allow":["GET"]}}],"collection":[{"href":"https:\/\/chrono-scope.ch\/de\/wp-json\/wp\/v2\/product"}],"about":[{"href":"https:\/\/chrono-scope.ch\/de\/wp-json\/wp\/v2\/types\/product"}],"version-history":[{"count":1,"href":"https:\/\/chrono-scope.ch\/de\/wp-json\/wp\/v2\/product\/15118\/revisions"}],"predecessor-version":[{"id":25923,"href":"https:\/\/chrono-scope.ch\/de\/wp-json\/wp\/v2\/product\/15118\/revisions\/25923"}],"wp:featuredmedia":[{"embeddable":true,"href":"https:\/\/chrono-scope.ch\/de\/wp-json\/wp\/v2\/media\/15088"}],"wp:attachment":[{"href":"https:\/\/chrono-scope.ch\/de\/wp-json\/wp\/v2\/media?parent=15118"}],"wp:term":[{"taxonomy":"product_brand","embeddable":true,"href":"https:\/\/chrono-scope.ch\/de\/wp-json\/wp\/v2\/product_brand?post=15118"},{"taxonomy":"product_cat","embeddable":true,"href":"https:\/\/chrono-scope.ch\/de\/wp-json\/wp\/v2\/product_cat?post=15118"},{"taxonomy":"product_tag","embeddable":true,"href":"https:\/\/chrono-scope.ch\/de\/wp-json\/wp\/v2\/product_tag?post=15118"}],"curies":[{"name":"wp","href":"https:\/\/api.w.org\/{rel}","templated":true}]}}