{"id":14910,"date":"2024-04-05T10:12:44","date_gmt":"2024-04-05T10:12:44","guid":{"rendered":"https:\/\/nakyxozy.cyon.site\/product\/omega-speedmaster-professional-moonwatch-tritium-dial-omega-service\/"},"modified":"2024-11-29T09:35:50","modified_gmt":"2024-11-29T09:35:50","slug":"omega-speedmaster-professional-moonwatch-tritium-dial-omega-service","status":"publish","type":"product","link":"https:\/\/chrono-scope.ch\/de\/produkt\/omega-speedmaster-professional-moonwatch-tritium-dial-omega-service\/","title":{"rendered":"SOLD &#8211; Omega Speedmaster Professional Moonwatch tritium dial, Omega Service"},"content":{"rendered":"<p style=\"text-align: left\"><strong>MODELL \/ REFERENZ:<\/strong> eine Omega Speedmaster Professional ref. 3590.50.00. Die Seriennummer 48&#8217;277&#8217;917 datiert ihn auf ca. 1992<\/p>\n<p style=\"text-align: left\"><strong>ZUSTANDSBERICHT_<\/strong> Bitte sehen Sie sich die hochaufl\u00f6senden, unver\u00e4nderten Bilder an, um den Zustand des Zeitmessers zu beurteilen.<\/p>\n<p style=\"text-align: left\"><strong>ZIFFERN:<\/strong> Zifferblatt im originalen und sehr guten Zustand. Die Tritiumlume auf dem Zifferblatt hat eine sch\u00f6ne Patina entwickelt.<\/p>\n<p style=\"text-align: left\"><strong>GLAS: <\/strong>Omega signiertes Plexiglas mit kleinen Oberfl\u00e4chenabdr\u00fccken.<\/p>\n<p style=\"text-align: left\"><strong>L\u00dcNETTE: <\/strong>Die L\u00fcnette ist in gutem Zustand mit nur geringen Gebrauchsspuren.<\/p>\n<p style=\"text-align: left\"><strong>GEH\u00c4USE:<\/strong>\u00a0 Das Geh\u00e4use ist in gutem Zustand mit leichten Gebrauchsspuren<\/p>\n<p style=\"text-align: left\"><strong>GEH\u00c4USEBODEN:<\/strong>\u00a0Der Geh\u00e4useboden aus Edelstahl \/ Saphirglas weist leichte Gebrauchsspuren auf<\/p>\n<p style=\"text-align: left\"><strong>UHRWERK<\/strong>:\u00a0 Das Uhrwerk wurde k\u00fcrzlich gewartet, l\u00e4uft gut und h\u00e4lt die Zeit ein. Der Chronograph startet, stoppt und stellt sich korrekt auf Null zur\u00fcck<\/p>\n<p style=\"text-align: left\"><strong>BAND:<\/strong> Original Omega-Alligatorband mit Omega-Dornschlie\u00dfe. Der Band ist in leicht gebrauchtem Zustand.<\/p>\n<p style=\"text-align: left\">Zifferblatt, Glas, Krone, Geh\u00e4use, Uhrwerk, Armband und Schlie\u00dfe signiert Omega. Die Uhr ist voll funktionsf\u00e4hig.<\/p>\n<p style=\"text-align: left\"><strong>ZUBEH\u00d6R:<\/strong> Bucherer Box, Omega Service Garantiekarte ab September 2021, Bucherer und Omega Rechnungen.<\/p>\n<p style=\"text-align: left\"><strong>GARANTIE:<\/strong> Wir garantieren die Echtheit der Uhr. Wir gew\u00e4hren au\u00dferdem 12 Monate Garantie auf die korrekte Funktion dieses Zeitmessers. F\u00fcr alle Garantien gelten die Allgemeinen Gesch\u00e4ftsbedingungen.<br \/>\nBitte z\u00f6gern Sie nicht, Fragen zu stellen, wir werden sie gerne beantworten. Virtuelle oder pers\u00f6nliche Besichtigung nach Vereinbarung.<\/p>\n","protected":false},"excerpt":{"rendered":"<p style=\"text-align: left\"><strong>Omega Speedmaster Professional ref. 3590.50.00<\/strong> aus den 1990er Jahren in ausgezeichnetem Vintage-Zustand. Das Highlight dieser zeitlosen Speedmaster ist das originale schwarze Tritium-Zifferblatt mit attraktiver Patina und das ikonische Cal. 861 Uhrwerk. Alle Funktionen funktionieren einwandfrei, und die Uhr wird mit einer 12-monatigen Garantie geliefert. Die Uhr wurde im November 2021 von Bucherer Luzern im Rahmen des Certified Pre-Owned-Programms verkauft und verf\u00fcgt \u00fcber eine Omega-Servicekarte.<\/p>\n","protected":false},"featured_media":14901,"template":"","meta":{"om_disable_all_campaigns":false,"_monsterinsights_skip_tracking":false,"_monsterinsights_sitenote_active":false,"_monsterinsights_sitenote_note":"","_monsterinsights_sitenote_category":0},"product_brand":[],"product_cat":[71],"product_tag":[],"class_list":{"0":"post-14910","1":"product","2":"type-product","3":"status-publish","4":"has-post-thumbnail","6":"product_cat-verkaufte-uhren","8":"first","9":"instock","10":"taxable","11":"shipping-taxable","12":"purchasable","13":"product-type-simple"},"aioseo_notices":[],"_links":{"self":[{"href":"https:\/\/chrono-scope.ch\/de\/wp-json\/wp\/v2\/product\/14910","targetHints":{"allow":["GET"]}}],"collection":[{"href":"https:\/\/chrono-scope.ch\/de\/wp-json\/wp\/v2\/product"}],"about":[{"href":"https:\/\/chrono-scope.ch\/de\/wp-json\/wp\/v2\/types\/product"}],"version-history":[{"count":3,"href":"https:\/\/chrono-scope.ch\/de\/wp-json\/wp\/v2\/product\/14910\/revisions"}],"predecessor-version":[{"id":20970,"href":"https:\/\/chrono-scope.ch\/de\/wp-json\/wp\/v2\/product\/14910\/revisions\/20970"}],"wp:featuredmedia":[{"embeddable":true,"href":"https:\/\/chrono-scope.ch\/de\/wp-json\/wp\/v2\/media\/14901"}],"wp:attachment":[{"href":"https:\/\/chrono-scope.ch\/de\/wp-json\/wp\/v2\/media?parent=14910"}],"wp:term":[{"taxonomy":"product_brand","embeddable":true,"href":"https:\/\/chrono-scope.ch\/de\/wp-json\/wp\/v2\/product_brand?post=14910"},{"taxonomy":"product_cat","embeddable":true,"href":"https:\/\/chrono-scope.ch\/de\/wp-json\/wp\/v2\/product_cat?post=14910"},{"taxonomy":"product_tag","embeddable":true,"href":"https:\/\/chrono-scope.ch\/de\/wp-json\/wp\/v2\/product_tag?post=14910"}],"curies":[{"name":"wp","href":"https:\/\/api.w.org\/{rel}","templated":true}]}}