{"id":14646,"date":"2024-02-29T12:55:46","date_gmt":"2024-02-29T12:55:46","guid":{"rendered":"https:\/\/nakyxozy.cyon.site\/product\/omega-speedmaster-reduced-tritium-dial-serviced-guarantee\/"},"modified":"2024-08-27T10:07:49","modified_gmt":"2024-08-27T10:07:49","slug":"omega-speedmaster-reduced-tritium-dial-serviced-guarantee","status":"publish","type":"product","link":"https:\/\/chrono-scope.ch\/de\/produkt\/omega-speedmaster-reduced-tritium-dial-serviced-guarantee\/","title":{"rendered":"SOLD &#8211; Omega Speedmaster reduced, tritium dial , serviced, guarantee"},"content":{"rendered":"<p style=\"text-align: left\"><strong>MODELL<\/strong> \/ <strong>REFERENZ:<\/strong> Omega Speedmaster reduziert . 3510.50.00. die Seriennummer 55&#8217;432&#8217;246 datiert diese Speedmaster auf ca. 1995<\/p>\n<p><strong>ZUSTANDSBERICHT_<\/strong> Bitte sehen Sie sich die hochaufl\u00f6senden Bilder an, um den Zustand des Zeitmessers zu beurteilen.<\/p>\n<ul>\n<li>Ziffern und Zeiger sind in neuwertigem Zustand und behalten die urspr\u00fcngliche Tritium-Leuchtmasse, die einen sch\u00f6nen braunen Farbton angenommen hat.<\/li>\n<li>Omega signiert Plexiglas ist in gutem Zustand mit leichten Oberfl\u00e4chen Kratzer.<\/li>\n<li>Die L\u00fcnette ist in sehr gutem Zustand mit nur leichten Gebrauchsspuren<\/li>\n<li>Das Geh\u00e4use ist in sehr gutem Zustand mit geringen Gebrauchsspuren<\/li>\n<li>Der Geh\u00e4useboden aus Edelstahl tr\u00e4gt das Seahorse-Logo und die Seriennummer.<\/li>\n<li>Das Uhrwerk wurde gewartet, l\u00e4uft gut und h\u00e4lt die Zeit gut ein.<\/li>\n<li>Der Chronograph startet, stoppt und stellt sich korrekt auf Null zur\u00fcck<\/li>\n<li>Original Omega-Edelstahlarmband Ref. 1469\/32 mit 811 Endgliedern. Das Armband ist in gutem Zustand mit geringen Gebrauchsspuren und nur leichter Dehnung. Es passt f\u00fcr ein Handgelenk von ca. 17,5 cm.<\/li>\n<li>Ziffern, Glas, Krone, Geh\u00e4use, Uhrwerk und Schlie\u00dfe signiert Omega.<\/li>\n<\/ul>\n<p style=\"text-align: left\"><strong>ZUBEH\u00d6R:<\/strong> Saffiano Leder Uhrenrolle.<\/p>\n<p style=\"text-align: left\"><strong>GARANTIE:<\/strong><br \/>\nWir garantieren die Echtheit der Uhr. Wir gew\u00e4hren au\u00dferdem 12 Monate Garantie auf die korrekte Funktion dieses Zeitmessers. F\u00fcr alle Garantien gelten die Allgemeinen Gesch\u00e4ftsbedingungen.<\/p>\n<p style=\"text-align: left\">Bitte z\u00f6gern Sie nicht, Fragen zu stellen, wir werden sie gerne beantworten. Virtuelle oder pers\u00f6nliche Besichtigung nur nach Vereinbarung.<\/p>\n","protected":false},"excerpt":{"rendered":"<p>Zum Verkauf steht eine <strong>Omega Speedmaster reduziert<\/strong> mit Tritium-Zifferblatt in ausgezeichnetem gebrauchten Zustand. Das Uhrwerk wurde gewartet, alle Funktionen funktionieren einwandfrei, und die Uhr wird mit einer 12-monatigen Garantie geliefert.<\/p>\n","protected":false},"featured_media":14610,"template":"","meta":{"om_disable_all_campaigns":false,"_monsterinsights_skip_tracking":false,"_monsterinsights_sitenote_active":false,"_monsterinsights_sitenote_note":"","_monsterinsights_sitenote_category":0},"product_brand":[],"product_cat":[71],"product_tag":[],"class_list":{"0":"post-14646","1":"product","2":"type-product","3":"status-publish","4":"has-post-thumbnail","6":"product_cat-verkaufte-uhren","8":"first","9":"instock","10":"taxable","11":"shipping-taxable","12":"purchasable","13":"product-type-simple"},"aioseo_notices":[],"_links":{"self":[{"href":"https:\/\/chrono-scope.ch\/de\/wp-json\/wp\/v2\/product\/14646","targetHints":{"allow":["GET"]}}],"collection":[{"href":"https:\/\/chrono-scope.ch\/de\/wp-json\/wp\/v2\/product"}],"about":[{"href":"https:\/\/chrono-scope.ch\/de\/wp-json\/wp\/v2\/types\/product"}],"version-history":[{"count":1,"href":"https:\/\/chrono-scope.ch\/de\/wp-json\/wp\/v2\/product\/14646\/revisions"}],"predecessor-version":[{"id":18642,"href":"https:\/\/chrono-scope.ch\/de\/wp-json\/wp\/v2\/product\/14646\/revisions\/18642"}],"wp:featuredmedia":[{"embeddable":true,"href":"https:\/\/chrono-scope.ch\/de\/wp-json\/wp\/v2\/media\/14610"}],"wp:attachment":[{"href":"https:\/\/chrono-scope.ch\/de\/wp-json\/wp\/v2\/media?parent=14646"}],"wp:term":[{"taxonomy":"product_brand","embeddable":true,"href":"https:\/\/chrono-scope.ch\/de\/wp-json\/wp\/v2\/product_brand?post=14646"},{"taxonomy":"product_cat","embeddable":true,"href":"https:\/\/chrono-scope.ch\/de\/wp-json\/wp\/v2\/product_cat?post=14646"},{"taxonomy":"product_tag","embeddable":true,"href":"https:\/\/chrono-scope.ch\/de\/wp-json\/wp\/v2\/product_tag?post=14646"}],"curies":[{"name":"wp","href":"https:\/\/api.w.org\/{rel}","templated":true}]}}