{"id":14463,"date":"2024-02-28T10:06:29","date_gmt":"2024-02-28T10:06:29","guid":{"rendered":"https:\/\/nakyxozy.cyon.site\/product\/tudor-vintage-tudor-submariner-ref-79090-blue-dial-faded-bezel\/"},"modified":"2026-03-16T15:03:47","modified_gmt":"2026-03-16T15:03:47","slug":"tudor-vintage-tudor-submariner-ref-79090-blue-dial-faded-bezel","status":"publish","type":"product","link":"https:\/\/chrono-scope.ch\/de\/produkt\/tudor-vintage-tudor-submariner-ref-79090-blue-dial-faded-bezel\/","title":{"rendered":"RESERVED &#8211; Tudor Vintage Tudor Submariner Ref. 79090 blue dial faded bezel"},"content":{"rendered":"<p style=\"text-align: left;\"><strong>MODELL \/ REFERENZ:<\/strong> Tudor Prince Date Ref. 79090. Die Seriennummer B535866 datiert diesen Tudor auf etwa. 1994.<\/p>\n<p style=\"text-align: left;\"><strong>SPEZIFIKATIONEN; ZUSTANDSBERICHT<\/strong>; bitte sehen Sie sich die hochaufl\u00f6senden Bilder an, um den Zustand der Uhr zu beurteilen.<\/p>\n<p style=\"text-align: left;\"><strong>ZIFFERN+ZEIGER:<\/strong><\/p>\n<ul style=\"text-align: left;\">\n<li style=\"text-align: left;\">Sehr sauberes und originales, gl\u00e4nzendes dunkelblaues Zifferblatt mit aufgedrucktem Tudor-Logo und Tritium-Indexen.<\/li>\n<li style=\"text-align: left;\">Zeiger: Originalzeiger mit Tritium-Lumineszenz.<\/li>\n<li style=\"text-align: left;\">Die Leuchtmasse auf dem Zifferblatt und den Zeigern reflektiert, wenn sie mit UV-Licht aktiviert wird, und verblasst, wenn die Lichtquelle entfernt wird.<\/li>\n<li style=\"text-align: left;\">Druck: original und gestochen scharf<\/li>\n<li style=\"text-align: left;\">Das Datumsrad ist sauber<\/li>\n<\/ul>\n<p style=\"text-align: left;\"><strong>GLAS<\/strong>: Plexiglas in gutem Zustand mit geringen Gebrauchsspuren.<\/p>\n<p style=\"text-align: left;\"><strong>L\u00dcNETTE:<\/strong> original, leicht verblasst L\u00fcnette ist in ausgezeichnetem Zustand. Der originale Leuchtpunkt ist vorhanden.<\/p>\n<p style=\"text-align: left;\"><strong>GEH\u00c4USE:<\/strong> 40-mm-Edelstahlgeh\u00e4use mit nur leichten Gebrauchsspuren, die dem Alter der Uhr entsprechen. Die Anst\u00f6\u00dfe sind scharf und der Fall scheint unpoliert zu sein. Die Referenz- und Seriennummern zwischen den \u00d6sen sind klar und deutlich zu erkennen.<\/p>\n<p style=\"text-align: left;\"><strong>GEH\u00c4USEBODEN:<\/strong> Edelstahl Rolex signiert Geh\u00e4useboden in gutem Zustand mit Gebrauchsspuren. Der innere Geh\u00e4useboden ist mit den richtigen Stempeln und Gravuren versehen.<\/p>\n<p style=\"text-align: left;\"><strong>KRONE:<\/strong> Original Rolex signierte Triplock-Krone.<\/p>\n<p style=\"text-align: left;\"><strong>UHRWERK:<\/strong> automatischer Aufzug ETA 2784 Uhrwerk in sehr gutem und voll funktionsf\u00e4higem Zustand. Die Uhr verf\u00fcgt \u00fcber eine Funktion zur schnellen Einstellung des Datums. Das Datum \u00e4ndert sich um Mitternacht. Das Uhrwerk l\u00e4uft stark und h\u00e4lt die Zeit sehr gut, was auf eine k\u00fcrzliche Wartung hindeutet.<\/p>\n<p style=\"text-align: left;\"><strong>BAND:<\/strong> Original, Tudor signiert 9315 Auster Armb\u00e4nder mit 380B Endglieder. Das Armband ist in gutem Zustand mit etwas Stretch, wie \u00fcblich f\u00fcr Vintage-Armb\u00e4nder. Es passt f\u00fcr ein Handgelenk von ca. 18,5 bis 19 cm.<\/p>\n<p style=\"text-align: left;\"><strong>ZUBEH\u00d6R<\/strong>: Saffiano Leder Uhrenrolle.<\/p>\n<p style=\"text-align: left;\"><strong>GARANTIE:<\/strong> Wir garantieren die Echtheit der Uhr. Wir gew\u00e4hren au\u00dferdem 12 Monate Garantie auf die korrekte Funktion dieses Zeitmessers. F\u00fcr alle Garantien gelten die Allgemeinen Gesch\u00e4ftsbedingungen.<br \/>\nBitte z\u00f6gern Sie nicht, Fragen zu stellen, wir werden sie gerne beantworten. Virtuelle oder pers\u00f6nliche Besichtigung nach Vereinbarung.<\/p>\n","protected":false},"excerpt":{"rendered":"<p style=\"text-align: left;\">Zum Verkauf steht eine seltene <strong>Vintage Tudor Submariner Ref. 79090<\/strong> mit dem begehrten blauen Zifferblatt und L\u00fcnette. Das originale Tritium-Zifferblatt und die Zeiger weisen eine leichte Patina auf, die dieser alten Tudor Sub viel Charme verleiht. Die Uhr ist in einem insgesamt hervorragenden Zustand und kommt mit 12 Monaten Garantie.<br \/>\nDie Ref. 79090 verf\u00fcgt \u00fcber ein von Rolex signiertes Geh\u00e4use und eine Krone und ist die letzte Tudor Submariner mit Plexiglas.<\/p>\n","protected":false},"featured_media":14421,"template":"","meta":{"om_disable_all_campaigns":false,"_monsterinsights_skip_tracking":false,"_monsterinsights_sitenote_active":false,"_monsterinsights_sitenote_note":"","_monsterinsights_sitenote_category":0},"product_brand":[],"product_cat":[71],"product_tag":[],"class_list":{"0":"post-14463","1":"product","2":"type-product","3":"status-publish","4":"has-post-thumbnail","6":"product_cat-verkaufte-uhren","8":"first","9":"instock","10":"taxable","11":"shipping-taxable","12":"purchasable","13":"product-type-simple"},"aioseo_notices":[],"_links":{"self":[{"href":"https:\/\/chrono-scope.ch\/de\/wp-json\/wp\/v2\/product\/14463","targetHints":{"allow":["GET"]}}],"collection":[{"href":"https:\/\/chrono-scope.ch\/de\/wp-json\/wp\/v2\/product"}],"about":[{"href":"https:\/\/chrono-scope.ch\/de\/wp-json\/wp\/v2\/types\/product"}],"version-history":[{"count":5,"href":"https:\/\/chrono-scope.ch\/de\/wp-json\/wp\/v2\/product\/14463\/revisions"}],"predecessor-version":[{"id":37633,"href":"https:\/\/chrono-scope.ch\/de\/wp-json\/wp\/v2\/product\/14463\/revisions\/37633"}],"wp:featuredmedia":[{"embeddable":true,"href":"https:\/\/chrono-scope.ch\/de\/wp-json\/wp\/v2\/media\/14421"}],"wp:attachment":[{"href":"https:\/\/chrono-scope.ch\/de\/wp-json\/wp\/v2\/media?parent=14463"}],"wp:term":[{"taxonomy":"product_brand","embeddable":true,"href":"https:\/\/chrono-scope.ch\/de\/wp-json\/wp\/v2\/product_brand?post=14463"},{"taxonomy":"product_cat","embeddable":true,"href":"https:\/\/chrono-scope.ch\/de\/wp-json\/wp\/v2\/product_cat?post=14463"},{"taxonomy":"product_tag","embeddable":true,"href":"https:\/\/chrono-scope.ch\/de\/wp-json\/wp\/v2\/product_tag?post=14463"}],"curies":[{"name":"wp","href":"https:\/\/api.w.org\/{rel}","templated":true}]}}