{"id":14341,"date":"2024-02-05T13:53:09","date_gmt":"2024-02-05T13:53:09","guid":{"rendered":"https:\/\/nakyxozy.cyon.site\/product\/omega-seamaster-soccer-timer-ref-st-145-019-prototyp-zifferblatt\/"},"modified":"2025-02-28T11:13:52","modified_gmt":"2025-02-28T11:13:52","slug":"omega-seamaster-soccer-timer-ref-st-145-019-prototyp-zifferblatt","status":"publish","type":"product","link":"https:\/\/chrono-scope.ch\/de\/produkt\/omega-seamaster-soccer-timer-ref-st-145-019-prototyp-zifferblatt\/","title":{"rendered":"Omega Seamaster \u201cSoccer Timer\u201d Ref. ST 145.019 \u2013 prototype dial"},"content":{"rendered":"<p style=\"text-align: left\"><strong>MODELL \/ REFERENZ:<\/strong> Omega Seamaster &#8222;Soccer Timer&#8220; Chronograph, ref 145.019 mit einem blauen Zifferblatt in Einhornqualit\u00e4t. Die 29-Millionen-Seriennummer setzt das Produktionsdatum auf etwa 1969 fest.<\/p>\n<p style=\"text-align: left\"><strong>ZIFFERN+ZEIGER: <\/strong>Das matte, wei\u00dfe und tiefblaue Zifferblatt ist erstaunlich gut erhalten und beh\u00e4lt einen scharfen Aufdruck bis hin zur Regatta-L\u00fcnette, die als zus\u00e4tzlicher Farbklecks auch f\u00fcr sich allein zu sehen ist.<\/p>\n<ul>\n<li style=\"text-align: left\">Die versenkten Hilfszifferbl\u00e4tter mit ihren mehrfarbigen Innenbereichen sind ebenfalls sauber und klar.<\/li>\n<li style=\"text-align: left\">Der Minutenz\u00e4hler bei 3 Uhr ist mit einem 45-Minuten-Indikator unter der &#8222;30&#8220; versehen, der die &#8222;spezielle Fu\u00dfball&#8220;-Skala anzeigt, daher der Spitzname der Referenz<\/li>\n<li style=\"text-align: left\">Die gesamte Oberfl\u00e4che ist sanft gealtert, was zu einer sch\u00f6nen und gleichm\u00e4\u00dfig verteilten Patina gef\u00fchrt hat.<\/li>\n<li style=\"text-align: left\">Die schwarzen und roten, mit Tritium beschichteten Zeiger bilden einen hervorragenden Kontrast zur blauen Oberfl\u00e4che. Sie sind in einem ehrlichen Vintage-Zustand und weisen einige altersbedingte Oxidationen auf.<br \/>\nDas Luminanzmaterial ist intakt und hat im Laufe der Zeit eine vanillefarbene F\u00e4rbung angenommen, die fast mit den Tritium-Indexen \u00fcbereinstimmt.<\/li>\n<li style=\"text-align: left\">Der makellose zentrale Chronographenzeiger ist in Wei\u00df gehalten und sorgt f\u00fcr perfekte Ablesbarkeit.<\/li>\n<\/ul>\n<p style=\"text-align: left\"><strong>PS: <\/strong>Fu\u00dfballuhren hatten in der Regel entweder ein wei\u00dfes oder graues Zifferblatt. Eine blaue Variante ist bisher so gut wie unbekannt<strong>, <\/strong>abgesehen von einer anderen, die 2018 auf einer Omega-GTG in Wien gesichtet wurde. Es gibt keine zus\u00e4tzliche Dokumentation, daher ist jeder Beitrag zu diesem Thema mehr als willkommen.<\/p>\n<p style=\"text-align: left\"><strong>GLAS:<\/strong> Der Hesalitkristall weist einige Haarrisse und eine gut ausgepr\u00e4gte Omega-Signatur in der Mitte auf.<\/p>\n<p style=\"text-align: left\"><strong>GEH\u00c4USE:<\/strong> Dieser Chronograph hat ein sehr modernes Format mit einem 41-mm-Edelstahlgeh\u00e4use in Tonneau-Form, das f\u00fcr eine lange Lebensdauer ausgelegt ist. Die kurzen Bandanst\u00f6\u00dfe tragen zu einer besseren Tragbarkeit bei. Sie erstrecken sich von der Spitze bis zum Ende \u00fcber 46,5 cm und verleihen dem Geh\u00e4use eine hervorragende Pr\u00e4senz am Handgelenk.<br \/>\nDas Geh\u00e4use ist nach wie vor stabil und beh\u00e4lt seine urspr\u00fcngliche satinierte Oberfl\u00e4che und die sehr scharfen \u00e4u\u00dferen Linien bis hin zu den gut definierten Fasen bei. Es weist jedoch einige altersgem\u00e4\u00dfe Gebrauchsspuren auf, die sich in Form von Kratzern auf der Oberfl\u00e4che zeigen.<\/p>\n<p style=\"text-align: left\"><strong>GEH\u00c4USEBODEN:<\/strong> Der verschraubte Edelstahlboden verf\u00fcgt \u00fcber sechs \u00d6ffnungsschlitze und ein schlankes Profil, das f\u00fcr ein angenehmes Tragegef\u00fchl am Handgelenk sorgt.<br \/>\nDie urspr\u00fcngliche Oberfl\u00e4che scheint seit fast sechs Jahrzehnten unver\u00e4ndert zu sein. Das Seepferdchen-Medaillon in der Mitte und der eingravierte Text bleiben sehr gut sichtbar und lesbar. Genau wie der Fall, ist es in ehrlichen Vintage-Zustand angesichts der Oberfl\u00e4che Kratzer \u00fcberall.<br \/>\nDie Innenseite ist sauber, mit Perlage verziert und tr\u00e4gt die zeitgem\u00e4\u00dfe Nomenklatur, einschlie\u00dflich der Referenznummer und der EPSA-Punze.<\/p>\n<p style=\"text-align: left\"><strong>KRONE + DR\u00dcCKER:<\/strong> Die Hauptaufzugskrone und die L\u00fcnetten-Drehkrone bei 10 Uhr tragen die Omega-Signatur. Letzteres ist wahrscheinlich ein Ersatz, aber beide funktionieren wie vorgesehen.<br \/>\nDie Pump-Chronographendr\u00fccker sind korrekt. Sie starten, stoppen und setzen das Chronographenmodul knackig zur\u00fcck.<\/p>\n<p style=\"text-align: left\"><strong>UHRWERK:<\/strong> Wie die Moonwatch aus demselben Jahr wird auch dieser Soccer Timer von dem nockengeschalteten Kaliber 861 angetrieben, das auf dem Lemania 1873 basiert.<br \/>\nDas kupferfarbene Uhrwerk mit Handaufzug verf\u00fcgt \u00fcber ein Chronographenlayout mit zwei Dr\u00fcckern und drei Registern. Sie verf\u00fcgt \u00fcber eine laufende kleine Sekunde bei 9 Uhr, einen zentralen Sekundenzeiger und zwei Hilfszifferbl\u00e4tter f\u00fcr die Aufzeichnung bei 3 bzw. 6 Uhr.<br \/>\nDas signierte Uhrwerk ist sauber, nummeriert und wurde von unserem Uhrmacher \u00fcberpr\u00fcft. Sie l\u00e4sst sich gut aufziehen, tickt stark und h\u00e4lt die Zeit genau ein. Der Chronograph startet, stoppt und stellt sich reibungslos zur\u00fcck.<\/p>\n<p style=\"text-align: left\"><strong>BAND:<\/strong> Um ihrem sportlichen Charme gerecht zu werden, wird die Uhr mit einem perforierten, schwarzen 22-mm-Lederarmband geliefert, das mit einer von Omega signierten Dornschlie\u00dfe aus Edelstahl versehen ist.<\/p>\n<p style=\"text-align: left\"><strong>ZUBEH\u00d6R:<\/strong> Original Omega Pr\u00e4sentationsbox.<\/p>\n<p style=\"text-align: left\"><strong>GARANTIE:<\/strong> Wir garantieren die Echtheit der Uhr. Au\u00dferdem gew\u00e4hren wir eine 12-monatige Garantie auf die einwandfreie Funktion dieses Zeitmessers. Alle Garantien unterliegen den Allgemeinen Gesch\u00e4ftsbedingungen von ChronoScope Collector Watches, Schweiz.<\/p>\n<p style=\"text-align: left\">Bitte z\u00f6gern Sie nicht, Fragen zu stellen, wir werden sie gerne beantworten. Eine virtuelle oder pers\u00f6nliche Besichtigung ist nach Vereinbarung m\u00f6glich.<\/p>\n","protected":false},"excerpt":{"rendered":"<p>ChronoScope Sammleruhren bietet eine seltsam spezifische und wahnsinnig praktische Werkzeuguhr mit einem kreativen Design, das aus einer \u00c4ra stammt, die die vorherrschenden Normen herausforderte. Stolz zeigt sie einen Pop von leuchtenden Farben und eine neu entstandene Kissenform, die unbestreitbar zur Ikone der 1970er Jahre wurde. Begr\u00fc\u00dfen Sie ohne Umschweife eine <strong>Omega Seamaster, die ihresgleichen sucht: Die &#8220; Soccer Timer &#8222;, Referenz 145.019. <\/strong><\/p>\n<p>Seit ihrer Einf\u00fchrung im Jahr 1948 ist die Seamaster-Reihe das Flaggschiff der Omega-Kollektion. Sie wird bis heute am l\u00e4ngsten produziert und hat im Laufe der Jahre eine bemerkenswerte Anpassungsf\u00e4higkeit bewiesen. W\u00e4hrend die Welt 1969 wegen der Mondlandung den Atem anhielt und das ber\u00fcchtigte Kal. 861 der Speedmaster die Hauptrolle spielte, hatte Omega andere Pl\u00e4ne mit ihr, diesmal auf dem Fu\u00dfballplatz.<\/p>\n<p>Der Legende nach befand sich das Uhrwerk in einer speziellen Seamaster f\u00fcr Schiedsrichter, die ausschlie\u00dflich dazu bestimmt war, die 45 Minuten der Halbzeitpause eines Fu\u00dfballspiels bei der Weltmeisterschaft in Mexiko in den 1970er Jahren mit der Pr\u00e4zision von Strenge zu messen. Ob diese Geschichte nun wahr ist oder nicht, das Mojo der Uhr erinnert an die glorreichen Zeiten von Pel\u00e9 und Gerd M\u00fcller, und allein deshalb k\u00f6nnen wir nur sagen: Ja! Ja BITTE!<\/p>\n<p>Dieser Soccer Timer ist nicht nur ein St\u00fcck Uhrmachergeschichte, denn wenn ein ganz besonderes Design von der Funktion diktiert wird. Es ist auch eine gro\u00dfartige M\u00f6glichkeit, Ihr Handgelenk zu differenzieren und gleichzeitig von den Vorteilen eines legend\u00e4ren Kalibers zu profitieren.<\/p>\n<p style=\"text-align: left\">Bitte lesen Sie den Zustandsbericht sorgf\u00e4ltig durch und betrachten Sie die hochaufl\u00f6senden Bilder, um den Gesamtzustand der Uhr zu beurteilen.<\/p>\n","protected":false},"featured_media":15644,"template":"","meta":{"om_disable_all_campaigns":false,"_monsterinsights_skip_tracking":false,"_monsterinsights_sitenote_active":false,"_monsterinsights_sitenote_note":"","_monsterinsights_sitenote_category":0},"product_brand":[],"product_cat":[61,74],"product_tag":[],"class_list":{"0":"post-14341","1":"product","2":"type-product","3":"status-publish","4":"has-post-thumbnail","6":"product_cat-omega-de","7":"product_cat-vintage-de","9":"first","10":"instock","11":"taxable","12":"shipping-taxable","13":"purchasable","14":"product-type-simple"},"aioseo_notices":[],"_links":{"self":[{"href":"https:\/\/chrono-scope.ch\/de\/wp-json\/wp\/v2\/product\/14341","targetHints":{"allow":["GET"]}}],"collection":[{"href":"https:\/\/chrono-scope.ch\/de\/wp-json\/wp\/v2\/product"}],"about":[{"href":"https:\/\/chrono-scope.ch\/de\/wp-json\/wp\/v2\/types\/product"}],"version-history":[{"count":1,"href":"https:\/\/chrono-scope.ch\/de\/wp-json\/wp\/v2\/product\/14341\/revisions"}],"predecessor-version":[{"id":24459,"href":"https:\/\/chrono-scope.ch\/de\/wp-json\/wp\/v2\/product\/14341\/revisions\/24459"}],"wp:featuredmedia":[{"embeddable":true,"href":"https:\/\/chrono-scope.ch\/de\/wp-json\/wp\/v2\/media\/15644"}],"wp:attachment":[{"href":"https:\/\/chrono-scope.ch\/de\/wp-json\/wp\/v2\/media?parent=14341"}],"wp:term":[{"taxonomy":"product_brand","embeddable":true,"href":"https:\/\/chrono-scope.ch\/de\/wp-json\/wp\/v2\/product_brand?post=14341"},{"taxonomy":"product_cat","embeddable":true,"href":"https:\/\/chrono-scope.ch\/de\/wp-json\/wp\/v2\/product_cat?post=14341"},{"taxonomy":"product_tag","embeddable":true,"href":"https:\/\/chrono-scope.ch\/de\/wp-json\/wp\/v2\/product_tag?post=14341"}],"curies":[{"name":"wp","href":"https:\/\/api.w.org\/{rel}","templated":true}]}}