{"id":14234,"date":"2024-01-24T12:37:51","date_gmt":"2024-01-24T12:37:51","guid":{"rendered":"https:\/\/nakyxozy.cyon.site\/product\/panerai-radiomir-gmt-alarm-full-set-limited-edition-of-500pcs\/"},"modified":"2024-06-17T13:00:25","modified_gmt":"2024-06-17T13:00:25","slug":"panerai-radiomir-gmt-alarm-full-set-limited-edition-of-500pcs","status":"publish","type":"product","link":"https:\/\/chrono-scope.ch\/de\/produkt\/panerai-radiomir-gmt-alarm-full-set-limited-edition-of-500pcs\/","title":{"rendered":"SOLD &#8211; Panerai Radiomir GMT Alarm full set, Limited Edition of 500pcs"},"content":{"rendered":"<p style=\"text-align: left\"><strong>MODELL\/REFERENZ:<\/strong> Panerai PAM98, GMT Alarm, ref.OP6563, Seriennummer 258\/500.<br \/>\n<strong>SPEZIFIKATIONEN<\/strong>; <strong>ZUSTANDSBERICHT;<\/strong> bitte beachten Sie die hochaufl\u00f6senden Bilder, da sie ein wichtiger Bestandteil der Beschreibung sind.<br \/>\nPanerai Radiomir GMT Alarm aus Edelstahl, Automatik, Gr\u00f6\u00dfe 42 mm. Panerai Referenz PAM 98 mit Edelstahlgeh\u00e4use und -l\u00fcnette, Ausstellungsboden, schwarzem Zifferblatt, Leuchtmarkierungen und -zeigern, vergr\u00f6\u00dferter Datumsanzeige, 47 Stunden Gangreserve, GMT-Funktionsfenster bei 6 Uhr, Alarm, Saphirglas. Braunes Panerai-Lederband mit Panerai-Dornschlie\u00dfe aus Stahl. Limitierte Auflage von 500 St\u00fcck.<\/p>\n<p style=\"text-align: left\">&#8211; Das Zifferblatt und die Zeiger sind in einem neuwertigen Zustand.<br \/>\n&#8211; Der Koffer weist leichte Gebrauchsspuren auf. Bitte sehen Sie sich die Bilder an<br \/>\n&#8211; Das Uhrwerk l\u00e4uft kr\u00e4ftig und h\u00e4lt die Zeit gut ein. Alle Funktionen funktionieren einwandfrei, und der Alarm ert\u00f6nt deutlich.<br \/>\n&#8211; Armband: Original Panerai Alligatorband mit Panerai Faltschlie\u00dfe. Die R\u00fcckseite der Riemen weist leichte Gebrauchsspuren auf.<\/p>\n<p style=\"text-align: left\"><strong>ZUBEH\u00d6R:<\/strong> Innen- und Au\u00dfenverpackung, Handb\u00fccher, Garantiekarte.<\/p>\n<p style=\"text-align: left\"><strong>GARANTIE:<\/strong><br \/>\nWir garantieren die Echtheit der Uhr. Wir gew\u00e4hren au\u00dferdem 12 Monate Garantie auf die korrekte Funktion dieses Zeitmessers. F\u00fcr alle Garantien gelten die Allgemeinen Gesch\u00e4ftsbedingungen.<br \/>\nBitte z\u00f6gern Sie nicht, Fragen zu stellen, wir werden sie gerne beantworten. Pers\u00f6nliche oder virtuelle Besichtigung nur nach Vereinbarung.<\/p>\n","protected":false},"excerpt":{"rendered":"<p><strong>Panerai Radiomir GMT Alarm Limited Edition, PAM98, vollst\u00e4ndiger Satz aus dem Jahr 2007.<\/strong><br \/>\nZum Verkauf steht diese seltene Radiomir PAM98 mit automatischem Weckerwerk und GMT-Funktion. Es wurde 2007 in der Schweiz verkauft und war Teil einer limitierten Auflage von nur 500 St\u00fcck. Es wird als komplettes Set mit allen Kartons und Dokumenten geliefert. Alle Funktionen funktionieren wie gew\u00fcnscht. 12 Monate Garantie.<\/p>\n","protected":false},"featured_media":14204,"template":"","meta":{"om_disable_all_campaigns":false,"_monsterinsights_skip_tracking":false,"_monsterinsights_sitenote_active":false,"_monsterinsights_sitenote_note":"","_monsterinsights_sitenote_category":0},"product_brand":[],"product_cat":[71],"product_tag":[],"class_list":{"0":"post-14234","1":"product","2":"type-product","3":"status-publish","4":"has-post-thumbnail","6":"product_cat-verkaufte-uhren","8":"first","9":"instock","10":"taxable","11":"shipping-taxable","12":"purchasable","13":"product-type-simple"},"aioseo_notices":[],"_links":{"self":[{"href":"https:\/\/chrono-scope.ch\/de\/wp-json\/wp\/v2\/product\/14234","targetHints":{"allow":["GET"]}}],"collection":[{"href":"https:\/\/chrono-scope.ch\/de\/wp-json\/wp\/v2\/product"}],"about":[{"href":"https:\/\/chrono-scope.ch\/de\/wp-json\/wp\/v2\/types\/product"}],"version-history":[{"count":0,"href":"https:\/\/chrono-scope.ch\/de\/wp-json\/wp\/v2\/product\/14234\/revisions"}],"wp:featuredmedia":[{"embeddable":true,"href":"https:\/\/chrono-scope.ch\/de\/wp-json\/wp\/v2\/media\/14204"}],"wp:attachment":[{"href":"https:\/\/chrono-scope.ch\/de\/wp-json\/wp\/v2\/media?parent=14234"}],"wp:term":[{"taxonomy":"product_brand","embeddable":true,"href":"https:\/\/chrono-scope.ch\/de\/wp-json\/wp\/v2\/product_brand?post=14234"},{"taxonomy":"product_cat","embeddable":true,"href":"https:\/\/chrono-scope.ch\/de\/wp-json\/wp\/v2\/product_cat?post=14234"},{"taxonomy":"product_tag","embeddable":true,"href":"https:\/\/chrono-scope.ch\/de\/wp-json\/wp\/v2\/product_tag?post=14234"}],"curies":[{"name":"wp","href":"https:\/\/api.w.org\/{rel}","templated":true}]}}