{"id":14116,"date":"2024-01-18T14:19:48","date_gmt":"2024-01-18T14:19:48","guid":{"rendered":"https:\/\/nakyxozy.cyon.site\/product\/omega-speedmaster-reduced-racing-michael-schuhmacherred\/"},"modified":"2026-02-09T11:22:45","modified_gmt":"2026-02-09T11:22:45","slug":"omega-speedmaster-reduced-racing-michael-schuhmacherred","status":"publish","type":"product","link":"https:\/\/chrono-scope.ch\/de\/produkt\/omega-speedmaster-reduced-racing-michael-schuhmacherred\/","title":{"rendered":"SOLD &#8211; Omega Speedmaster reduced Racing \u201cMichael Schumacher\u201d,red"},"content":{"rendered":"<p style=\"text-align: left\"><strong>MODELL\/REFERENZ:<\/strong> Omega Speedmaster Reduced, Ref. 3810.61. Die Seriennummer 55\u2019414\u2019315 datiert diese Speedmaster auf ca. 1999.<\/p>\n<p style=\"text-align: left\"><strong>ZUSTANDSBERICHT:<\/strong> Bitte beachten Sie die hochaufl\u00f6senden Originalfotos, um den Zustand der Uhr zu beurteilen.<\/p>\n<p style=\"text-align: left\"><strong>Zifferblatt und Zeiger<\/strong> sind in neuwertigem Zustand und weisen die originale Tritium-Leuchtmasse auf, die eine sch\u00f6ne braune Patina entwickelt hat.<\/p>\n<p>Das Omega-signierte <strong>Plexiglas<\/strong> ist in sehr gutem Zustand mit leichten Oberfl\u00e4chenkratzern.<\/p>\n<p>Die<strong> L\u00fcnette<\/strong> ist in exzellentem Zustand.<\/p>\n<p>Das <strong>Geh\u00e4use<\/strong> ist in gutem Zustand mit nur leichten Gebrauchsspuren.<\/p>\n<p style=\"text-align: left\">Der <strong>Edelstahl-Geh\u00e4useboden<\/strong> tr\u00e4gt das Seepferdchen-Logo und die Seriennummer.<\/p>\n<p>Das <strong>automatische<\/strong> Omega Kaliber 1141 ist voll funktionsf\u00e4hig, l\u00e4uft pr\u00e4zise und h\u00e4lt die Zeit genau.<\/p>\n<p style=\"text-align: left\">Der <strong>Chronograph<\/strong> startet, stoppt und nullt korrekt.<\/p>\n<p style=\"text-align: left\">Originales <strong>Omega-Lederarmband<\/strong> mit Omega-Edelstahlschlie\u00dfe.<\/p>\n<p style=\"text-align: left\"><strong>Zifferblatt, Glas, Krone, Geh\u00e4use, Uhrwerk, Armband und Schlie\u00dfe sind mit Omega signiert.<\/strong><\/p>\n<p style=\"text-align: left\"><strong>ZUBEH\u00d6R:<\/strong> Uhrenrolle aus Saffiano-Leder.<\/p>\n<p style=\"text-align: left\"><strong>GARANTIE:<\/strong> Wir garantieren die Echtheit der Uhr. Zudem gew\u00e4hren wir 12 Monate Garantie auf die einwandfreie Funktion. Alle Garantiebedingungen unterliegen den Allgemeinen Gesch\u00e4ftsbedingungen.<\/p>\n<p style=\"text-align: left\">Bei Fragen stehen wir Ihnen gerne zur Verf\u00fcgung. Besichtigung nur nach Vereinbarung (virtuell oder pers\u00f6nlich).<\/p>\n","protected":false},"excerpt":{"rendered":"<div class=\"n4sEPd\">\n<div class=\"FFpbKc\">\n<div class=\"xMmqsf\" style=\"text-align: left\"><span class=\"jCAhz ChMk0b\"><span class=\"ryNqvb\"><strong>Omega Speedmaster Reduced Racing \u201eMichael Schuhmacher\u201c<\/strong> mit Tritium-Zifferblatt in sehr gutem, gebrauchtem Zustand.<\/span><\/span> <span class=\"jCAhz ChMk0b\"><span class=\"ryNqvb\">Das gl\u00e4nzende rote Zifferblatt sieht fantastisch aus, und die Leuchtmasse hat eine attraktive beige Patina entwickelt.<\/span><\/span> <span class=\"jCAhz ChMk0b\"><span class=\"ryNqvb\">Alle Funktionen sind einwandfrei, und die Uhr wird mit einer 12-monatigen Garantie geliefert.<\/span><\/span><\/div>\n<\/div>\n<\/div>\n","protected":false},"featured_media":29479,"template":"","meta":{"om_disable_all_campaigns":false,"_monsterinsights_skip_tracking":false,"_monsterinsights_sitenote_active":false,"_monsterinsights_sitenote_note":"","_monsterinsights_sitenote_category":0},"product_brand":[],"product_cat":[109,61,71],"product_tag":[],"class_list":{"0":"post-14116","1":"product","2":"type-product","3":"status-publish","4":"has-post-thumbnail","6":"product_cat-neo-vintage-de","7":"product_cat-omega-de","8":"product_cat-verkaufte-uhren","10":"first","11":"instock","12":"taxable","13":"shipping-taxable","14":"purchasable","15":"product-type-simple"},"aioseo_notices":[],"_links":{"self":[{"href":"https:\/\/chrono-scope.ch\/de\/wp-json\/wp\/v2\/product\/14116","targetHints":{"allow":["GET"]}}],"collection":[{"href":"https:\/\/chrono-scope.ch\/de\/wp-json\/wp\/v2\/product"}],"about":[{"href":"https:\/\/chrono-scope.ch\/de\/wp-json\/wp\/v2\/types\/product"}],"version-history":[{"count":4,"href":"https:\/\/chrono-scope.ch\/de\/wp-json\/wp\/v2\/product\/14116\/revisions"}],"predecessor-version":[{"id":35753,"href":"https:\/\/chrono-scope.ch\/de\/wp-json\/wp\/v2\/product\/14116\/revisions\/35753"}],"wp:featuredmedia":[{"embeddable":true,"href":"https:\/\/chrono-scope.ch\/de\/wp-json\/wp\/v2\/media\/29479"}],"wp:attachment":[{"href":"https:\/\/chrono-scope.ch\/de\/wp-json\/wp\/v2\/media?parent=14116"}],"wp:term":[{"taxonomy":"product_brand","embeddable":true,"href":"https:\/\/chrono-scope.ch\/de\/wp-json\/wp\/v2\/product_brand?post=14116"},{"taxonomy":"product_cat","embeddable":true,"href":"https:\/\/chrono-scope.ch\/de\/wp-json\/wp\/v2\/product_cat?post=14116"},{"taxonomy":"product_tag","embeddable":true,"href":"https:\/\/chrono-scope.ch\/de\/wp-json\/wp\/v2\/product_tag?post=14116"}],"curies":[{"name":"wp","href":"https:\/\/api.w.org\/{rel}","templated":true}]}}