{"id":13897,"date":"2024-01-11T14:53:18","date_gmt":"2024-01-11T14:53:18","guid":{"rendered":"https:\/\/nakyxozy.cyon.site\/product\/tudor-submariner-pointed-crown-guards-ref-7928-1960\/"},"modified":"2024-06-04T10:06:49","modified_gmt":"2024-06-04T10:06:49","slug":"tudor-submariner-pointed-crown-guards-ref-7928-1960","status":"publish","type":"product","link":"https:\/\/chrono-scope.ch\/de\/produkt\/tudor-submariner-pointed-crown-guards-ref-7928-1960\/","title":{"rendered":"SOLD &#8211; Tudor Submariner &#8222;Pointed Crown Guards&#8220; Ref. 7928. 1960"},"content":{"rendered":"<p style=\"text-align: left\"><strong>MODELL<\/strong> \/ <strong>REFERENZ:<\/strong> Tudor Oyster Prince Submariner Referenz 7928. Die Seriennummer datiert ihn auf ca. 1960.<\/p>\n<p style=\"text-align: left\"><strong>ZIFFERN+ZEIGER:<\/strong> Das mattschwarze Zifferblatt pr\u00e4sentiert das kleine Rosenlogo und einen intakten Silberdruck. Das offene Kapitel und die &#8222;T Swiss T&#8220;-Signatur bei 6 Uhr sind immer noch sch\u00f6n vorhanden. Es gibt einige regelm\u00e4\u00dfige Flecken aus dem Alter.<br \/>\nDie Tritiummarkierungen sind vorhanden und intakt, mit Ausnahme der 11-Uhr-Marke, die einen Riss aufweist. Sie sind gealtert und haben einen &#8222;erdigen&#8220; Gelbton angenommen.<br \/>\nDer lumenbeschichtete H\u00f6rer ist in hervorragendem Zustand und hat sich dem Farbton der Marker angepasst.<\/p>\n<p style=\"text-align: left\"><strong>GLAS:<\/strong> &#8222;Super-Dome&#8220;-Kristall in sehr gutem Zustand mit leichter sichtbarer Abnutzung.<\/p>\n<p style=\"text-align: left\"><strong>GEH\u00c4USE:<\/strong> Das 39-mm-Oyster-Geh\u00e4use ist in sehr gutem Zustand mit starken Linien und sichtbaren Fasen. Sie verf\u00fcgt \u00fcber eine sehr gesch\u00e4tzte &#8222;Pointed Crown Guards&#8220;-Variante und weist normale, dem Alter der Uhr entsprechende Gebrauchsspuren auf.<br \/>\nDer Aluminium-L\u00fcnetteneinsatz beginnt zu verblassen und weist einige &#8222;Kampfnarben&#8220; auf. Die leuchtende Perle fehlt.<\/p>\n<p style=\"text-align: left\"><strong>GEH\u00c4USEBODEN:<\/strong> Signierter Oyster-Geh\u00e4useboden, der die korrekten Stempel der Zeit tr\u00e4gt.<\/p>\n<p style=\"text-align: left\"><strong>KRONE:<\/strong> Signierte Rolex-Krone, die sicher schlie\u00dft und wie vorgesehen funktioniert.<\/p>\n<p style=\"text-align: left\"><strong>UHRWERK:<\/strong> Der Automatikaufzug Cal. 390 ist voll funktionsf\u00e4hig und h\u00e4lt die Zeit gut ein.<\/p>\n<p style=\"text-align: left\"><strong>BAND:<\/strong> Rolex Oyster-Nietenarmband mit signierter Schlie\u00dfe, gestempelt &#8222;2\/61&#8220; und 382 Endglieder. Der mittlere Teil des letzten Glieds der Schlie\u00dfe fehlt.<\/p>\n<p style=\"text-align: left\"><strong>ZUBEH\u00d6R<\/strong>: Saffiano Leder Uhrenrolle.<\/p>\n<p style=\"text-align: left\"><strong>GARANTIE:<\/strong> Wir garantieren die Echtheit der Uhr. Au\u00dferdem gew\u00e4hren wir eine 12-monatige Garantie auf die einwandfreie Funktion dieses Zeitmessers. F\u00fcr alle Garantien gelten die Allgemeinen Gesch\u00e4ftsbedingungen<\/p>\n<p style=\"text-align: left\">Bitte z\u00f6gern Sie nicht, Fragen zu stellen, wir werden sie gerne beantworten. Eine virtuelle oder pers\u00f6nliche Besichtigung ist nach Vereinbarung m\u00f6glich.<\/p>\n","protected":false},"excerpt":{"rendered":"<p style=\"text-align: left\"><strong>Tudor Oyster Prince Submariner &#8222;Pointed Crown Guards&#8220; Ref. 7928<\/strong><br \/>\nDie Tudor 7928 ist die erste Referenz, die einen Kronenschutz am Geh\u00e4use verwendet und den Weg zu einem der ikonischsten Sportmodelle der Marke ebnet, das von 1960 bis etwa 1968 produziert wurde.<br \/>\nDaraus ergaben sich verschiedene Ausf\u00fchrungen des Schutzteils des Geh\u00e4uses sowie der Gestaltung des Zifferblatts, die die konstante und dynamische Entwicklung innerhalb ein und derselben Referenz deutlich machten. Das vorliegende Exemplar aus dem Jahr 1960 hat markante, spitze Kronenschutzvorrichtungen, die ihm den Beinamen &#8222;Cornino&#8220; einbrachten.<br \/>\nIm Vergleich zu ihrem Rolex 5513-Doppelg\u00e4nger mit den gleichen Geh\u00e4useeigenschaften ist die vorliegende Tudor 7928 eine unglaubliche Gelegenheit, etwas wirklich Besonderes f\u00fcr einen Bruchteil des Preises zu erwerben.<br \/>\nBitte lesen Sie den Zustandsbericht sorgf\u00e4ltig durch und betrachten Sie die hochaufl\u00f6senden Bilder, um den Gesamtzustand der Uhr zu beurteilen.<\/p>\n","protected":false},"featured_media":13895,"template":"","meta":{"om_disable_all_campaigns":false,"_monsterinsights_skip_tracking":false,"_monsterinsights_sitenote_active":false,"_monsterinsights_sitenote_note":"","_monsterinsights_sitenote_category":0},"product_brand":[],"product_cat":[71],"product_tag":[],"class_list":{"0":"post-13897","1":"product","2":"type-product","3":"status-publish","4":"has-post-thumbnail","6":"product_cat-verkaufte-uhren","8":"first","9":"instock","10":"taxable","11":"shipping-taxable","12":"purchasable","13":"product-type-simple"},"aioseo_notices":[],"_links":{"self":[{"href":"https:\/\/chrono-scope.ch\/de\/wp-json\/wp\/v2\/product\/13897","targetHints":{"allow":["GET"]}}],"collection":[{"href":"https:\/\/chrono-scope.ch\/de\/wp-json\/wp\/v2\/product"}],"about":[{"href":"https:\/\/chrono-scope.ch\/de\/wp-json\/wp\/v2\/types\/product"}],"version-history":[{"count":0,"href":"https:\/\/chrono-scope.ch\/de\/wp-json\/wp\/v2\/product\/13897\/revisions"}],"wp:featuredmedia":[{"embeddable":true,"href":"https:\/\/chrono-scope.ch\/de\/wp-json\/wp\/v2\/media\/13895"}],"wp:attachment":[{"href":"https:\/\/chrono-scope.ch\/de\/wp-json\/wp\/v2\/media?parent=13897"}],"wp:term":[{"taxonomy":"product_brand","embeddable":true,"href":"https:\/\/chrono-scope.ch\/de\/wp-json\/wp\/v2\/product_brand?post=13897"},{"taxonomy":"product_cat","embeddable":true,"href":"https:\/\/chrono-scope.ch\/de\/wp-json\/wp\/v2\/product_cat?post=13897"},{"taxonomy":"product_tag","embeddable":true,"href":"https:\/\/chrono-scope.ch\/de\/wp-json\/wp\/v2\/product_tag?post=13897"}],"curies":[{"name":"wp","href":"https:\/\/api.w.org\/{rel}","templated":true}]}}