{"id":13845,"date":"2024-01-11T13:52:29","date_gmt":"2024-01-11T13:52:29","guid":{"rendered":"https:\/\/nakyxozy.cyon.site\/product\/rolex-gmt-master-pcg-underline-and-double-swiss-radial-dial\/"},"modified":"2025-06-16T09:41:52","modified_gmt":"2025-06-16T09:41:52","slug":"rolex-gmt-master-pcg-underline-and-double-swiss-radial-dial","status":"publish","type":"product","link":"https:\/\/chrono-scope.ch\/de\/produkt\/rolex-gmt-master-pcg-underline-and-double-swiss-radial-dial\/","title":{"rendered":"Rolex GMT Master PCG \u201cUnderline\u201d and \u201cDouble Swiss\u201d Radial dial"},"content":{"rendered":"<p style=\"text-align: left\"><strong>MODELL\/REFERENZ:<\/strong> Rolex GMT Master 1675. Die Seriennummer 875xxx datiert die Uhr auf 1963. <\/p>\n<p style=\"text-align: left\"><strong>SPEZIFIKATIONEN; ZUSTANDSBERICHT;<\/strong> bitte sehen Sie sich die hochaufl\u00f6senden Bilder an, da sie ein wichtiger Teil der Beschreibung sind.<\/p>\n<ul style=\"text-align: left\">\n<li>Ausgezeichnetes doppeltes Schweizer Radialzifferblatt<\/li>\n<li>Die Indizes wurden professionell mit Tritium neu beleuchtet.<\/li>\n<li>Passende Patina auf dem professionell wiederbeleuchteten Handapparat und dem kleinen GMT-Zeiger<\/li>\n<li>Exzellentes Geh\u00e4use mit spitzen Kronensch\u00fctzern<\/li>\n<li>Der innere Geh\u00e4useboden ist mit \u201e1675\u201c und \u201eI.63\u201c graviert.<\/li>\n<li>Sch\u00f6n verblasste Pepsi-L\u00fcnette<\/li>\n<li>Sauberes silbernes Datumsrad<\/li>\n<li>Das Uhrwerk wurde gewartet, l\u00e4uft gut und h\u00e4lt die Zeit gut ein.<\/li>\n<\/ul>\n<p style=\"text-align: left\"><strong>BAND:<\/strong> sp\u00e4ter 62510H Jubil\u00e4umsarmband, gestempelt \u201eE\u201c, mit 550 Endgliedern. Es passt f\u00fcr ein Handgelenk von ca. 18cm \/ 7 Zoll.<\/p>\n<p style=\"text-align: left\"><strong>GARANTIE:<\/strong><br \/>\nWir garantieren die Echtheit der Uhr. Wir gew\u00e4hren au\u00dferdem 12 Monate Garantie auf die korrekte Funktion dieses Zeitmessers. Alle Garantien unterliegen den Allgemeinen Gesch\u00e4ftsbedingungen.<br \/>\nBitte z\u00f6gern Sie nicht, Fragen zu stellen, wir werden sie gerne beantworten. Pers\u00f6nliche oder virtuelle Besichtigung nur nach Vereinbarung.<\/p>\n","protected":false},"excerpt":{"rendered":"<p style=\"text-align: left\">Im Auftrag eines Schweizer Kunden bieten wir eine sehr seltene <strong>Rolex GMT Master 1675 Pointed Crown Guards von 1963 mit \u201eUnderline\u201c und \u201eDouble Swiss\u201c Radial Dial <\/strong> an <strong>. <\/strong> <\/p>\n<p style=\"text-align: left\"><span data-contrast=\"auto\">Bitte lesen Sie den Zustandsbericht sorgf\u00e4ltig durch und betrachten Sie die hochaufl\u00f6senden Bilder, um den Gesamtzustand der Uhr zu beurteilen.<\/span><span data-ccp-props=\"{\"201341983\":0,\"335559739\":200,\"335559740\":276}\"> <\/span><\/p>\n","protected":false},"featured_media":26943,"template":"","meta":{"om_disable_all_campaigns":false,"_monsterinsights_skip_tracking":false,"_monsterinsights_sitenote_active":false,"_monsterinsights_sitenote_note":"","_monsterinsights_sitenote_category":0},"product_brand":[],"product_cat":[62,71],"product_tag":[],"class_list":{"0":"post-13845","1":"product","2":"type-product","3":"status-publish","4":"has-post-thumbnail","6":"product_cat-rolex-de","7":"product_cat-verkaufte-uhren","9":"first","10":"instock","11":"taxable","12":"shipping-taxable","13":"purchasable","14":"product-type-simple"},"aioseo_notices":[],"_links":{"self":[{"href":"https:\/\/chrono-scope.ch\/de\/wp-json\/wp\/v2\/product\/13845","targetHints":{"allow":["GET"]}}],"collection":[{"href":"https:\/\/chrono-scope.ch\/de\/wp-json\/wp\/v2\/product"}],"about":[{"href":"https:\/\/chrono-scope.ch\/de\/wp-json\/wp\/v2\/types\/product"}],"version-history":[{"count":1,"href":"https:\/\/chrono-scope.ch\/de\/wp-json\/wp\/v2\/product\/13845\/revisions"}],"predecessor-version":[{"id":26965,"href":"https:\/\/chrono-scope.ch\/de\/wp-json\/wp\/v2\/product\/13845\/revisions\/26965"}],"wp:featuredmedia":[{"embeddable":true,"href":"https:\/\/chrono-scope.ch\/de\/wp-json\/wp\/v2\/media\/26943"}],"wp:attachment":[{"href":"https:\/\/chrono-scope.ch\/de\/wp-json\/wp\/v2\/media?parent=13845"}],"wp:term":[{"taxonomy":"product_brand","embeddable":true,"href":"https:\/\/chrono-scope.ch\/de\/wp-json\/wp\/v2\/product_brand?post=13845"},{"taxonomy":"product_cat","embeddable":true,"href":"https:\/\/chrono-scope.ch\/de\/wp-json\/wp\/v2\/product_cat?post=13845"},{"taxonomy":"product_tag","embeddable":true,"href":"https:\/\/chrono-scope.ch\/de\/wp-json\/wp\/v2\/product_tag?post=13845"}],"curies":[{"name":"wp","href":"https:\/\/api.w.org\/{rel}","templated":true}]}}