{"id":13802,"date":"2024-01-11T13:32:40","date_gmt":"2024-01-11T13:32:40","guid":{"rendered":"https:\/\/nakyxozy.cyon.site\/product\/rolex-submariner-5513-gilt-swiss-only-meters-first-dial-1964-rivet-bracelet\/"},"modified":"2025-05-05T10:55:16","modified_gmt":"2025-05-05T10:55:16","slug":"rolex-submariner-5513-gilt-swiss-only-meters-first-dial-1964-rivet-bracelet","status":"publish","type":"product","link":"https:\/\/chrono-scope.ch\/de\/produkt\/rolex-submariner-5513-gilt-swiss-only-meters-first-dial-1964-rivet-bracelet\/","title":{"rendered":"Rolex Submariner 5513 gilt \u201cSWISS only\u201d meters first dial, 1964"},"content":{"rendered":"<p style=\"text-align: left\"><b><span data-contrast=\"auto\">MODELL \/ REFERENZ:<\/span><\/b><span data-contrast=\"none\"> Rolex Submariner Referenz 5513 &#8222;Meters First&#8220; und &#8222;Swiss Only&#8220; radial vergoldetes Zifferblatt. Die Seriennummer 1084XXX besagt, dass es sich um ein Modell von Anfang 1964 handelt.<\/span><\/p>\n<p style=\"text-align: left\"><b><span data-contrast=\"auto\">ZIFFERN:<\/span><\/b> <span data-contrast=\"auto\">Das radial gl\u00e4nzende Zifferblatt hat eine gleichm\u00e4\u00dfige, fleckige Patina entwickelt, ansonsten ist es sauber. Die Peripherie zeigt einige Abplatzungen vor allem in der N\u00e4he der 12 und 2 Uhr. Trotz des scharfen und vollst\u00e4ndigen Golddrucks sind der &#8222;Meters first&#8220;-Text sowie die &#8222;Swiss Only&#8220;-Signatur besonders begehrt und gesucht.<\/span><\/p>\n<p style=\"text-align: left\"><span data-contrast=\"auto\">Die Tritiummarkierungen sind original und wundersch\u00f6n und haben einen goldbraunen Ton angenommen.<\/span><\/p>\n<p style=\"text-align: left\"><span data-contrast=\"auto\">Der lumenbeschichtete H\u00f6rer ist original, in spektakul\u00e4rem Zustand und auf charmante Weise gealtert, um der Farbe der Markierungen zu entsprechen. <\/span><\/p>\n<p style=\"text-align: left\"><b><span data-contrast=\"auto\">GLAS:<\/span><\/b><span data-contrast=\"auto\"> Authentic Rolex &#8222;super dome&#8220; Kristall in sehr gutem Zustand mit leichten sichtbaren Verschlei\u00df.<\/span><\/p>\n<p style=\"text-align: left\"><b><span data-contrast=\"auto\">GEH\u00c4USE:<\/span><\/b><span data-contrast=\"auto\"> Das 40-mm-Oyster-Geh\u00e4use ist in sehr gutem Zustand mit gut ausgepr\u00e4gten Fasen, intakten Ansto\u00dfl\u00f6chern und Gebrauchsspuren, die dem Alter der Uhr entsprechen.<\/span><\/p>\n<p style=\"text-align: left\"><span data-contrast=\"auto\">Das Aluminium, &#8222;Fat Font&#8220; L\u00fcnette Einsatz hat superb gealtert und zeigt keine schweren Anzeichen von Gebrauch. Bitte sehen Sie sich die Bilder an. Die Tritium-Perle bei 12 ist intakt.<\/span><\/p>\n<p style=\"text-align: left\"><b><span data-contrast=\"auto\">GEH\u00c4USEBODEN:<\/span><br \/>\n<\/b><span data-contrast=\"auto\"> Signierter Oyster-Geh\u00e4useboden mit der Referenznummer und den Stempeln III.63.<\/span><\/p>\n<p style=\"text-align: left\"><b><span data-contrast=\"auto\">KROWNE:<\/span><br \/>\n<\/b><span data-contrast=\"auto\"> Signiert <\/span><span data-contrast=\"auto\">Rolex Krone, die verschraubt und funktioniert wie vorgesehen.<\/span><\/p>\n<p style=\"text-align: left\"><b><span data-contrast=\"auto\">UHRWERK:<\/span><br \/>\n<\/b><span data-contrast=\"auto\"> Das hauseigene, selbstaufziehende Kal. 1530 Uhrwerk ist voll funktionsf\u00e4hig<\/span><span data-contrast=\"auto\">.<\/span><\/p>\n<p style=\"text-align: left\"><b><span data-contrast=\"auto\">ARMBAND:<\/span><br \/>\n<\/b><span data-contrast=\"auto\"> Sehr gutes 7206 Rivet Oyster-Armband mit signierter Schlie\u00dfe und 75 Endgliedern.<\/span><\/p>\n<p style=\"text-align: left\"><b><span data-contrast=\"auto\">ZUBEH\u00d6R<\/span><\/b>: <span data-contrast=\"auto\">ChronoScope Collector Watches Saffiano Leder Uhrenrolle.<\/span><\/p>\n<p style=\"text-align: left\"><b><span data-contrast=\"auto\">GARANTIE:<\/span><\/b><span data-contrast=\"auto\"> Wir garantieren die Echtheit der Uhr. Au\u00dferdem gew\u00e4hren wir eine 12-monatige Garantie auf die einwandfreie Funktion dieses Zeitmessers. Alle Garantien unterliegen den Allgemeinen Gesch\u00e4ftsbedingungen von ChronoScope Collector Watches, Schweiz.<\/span><\/p>\n<p style=\"text-align: left\"><span data-contrast=\"auto\">Bitte z\u00f6gern Sie nicht, Fragen zu stellen, wir werden sie gerne beantworten. Eine virtuelle oder pers\u00f6nliche Besichtigung ist nach Vereinbarung m\u00f6glich.<\/span><\/p>\n","protected":false},"excerpt":{"rendered":"<p style=\"text-align: left\"><span data-contrast=\"auto\">Wenn wir versuchen, an das beste Portr\u00e4t einer klassischen Taucheruhr zu denken, kommt uns die <strong>Rolex Referenz 5513<\/strong> sofort in den Sinn, weil sie eine zweckm\u00e4\u00dfige Konstruktion ist, die ein einfaches Aussehen mit einem robusten Gef\u00fchl verbindet. Diese Referenz ist der unangefochtene K\u00f6nig der Langlebigkeit, wenn es um die Submariner-Produktion geht, die beeindruckenderweise von 1962 bis 1989 andauerte. <\/span><\/p>\n<p style=\"text-align: left\"><span data-contrast=\"auto\">Wenn Sie denken, dass die Referenz 5513 weit davon entfernt ist, selten zu sein, dann haben Sie recht, aber diese Variante ist so selten, wie sie nur sein kann, weil sie einige winzige Details aufweist, die f\u00fcr das scharfe Auge des <\/span><span data-contrast=\"auto\">aufmerksamen<\/span><span data-contrast=\"auto\"> Sammlers ausmachen. <\/span><\/p>\n<p style=\"text-align: left\"><span data-contrast=\"auto\">Das vergoldete Zifferblatt ist zwar schwer zu erkennen, aber es ist reich an Details: Die kleine Unterstreichung signalisiert den \u00dcbergang von der Radium-Lumine zur weniger radioaktiven Tritium-Alternative. Aber halt, da ist noch mehr! Der Golddruck ist das Ergebnis eines arbeitsintensiven Prozesses, bei dem die Farbe des darunter liegenden Messingrohlings an den Stellen sichtbar ist, an denen der schwarze Hintergrund nicht aufgebracht ist, oder einfach gesagt, ein negativ gedruckter Text, der auf der gl\u00e4nzenden Oberfl\u00e4che einen metallischen Glanz erzeugt.<\/span><\/p>\n<p style=\"text-align: left\"><span data-contrast=\"auto\">Die Meter erste Zifferblatt, das ehrliche Geh\u00e4use und Nieten Armband sind auch wunderbare Details, die diese sehr Submariner ein Showstopper, dass wie ein guter Ch\u00e2teau Latour gealtert machen !<\/span><\/p>\n<p style=\"text-align: left\"><span data-contrast=\"auto\">Bitte lesen Sie den Zustandsbericht sorgf\u00e4ltig durch und betrachten Sie die hochaufl\u00f6senden Bilder, um den Gesamtzustand der Uhr zu beurteilen.<\/span><\/p>\n","protected":false},"featured_media":13800,"template":"","meta":{"om_disable_all_campaigns":false,"_monsterinsights_skip_tracking":false,"_monsterinsights_sitenote_active":false,"_monsterinsights_sitenote_note":"","_monsterinsights_sitenote_category":0},"product_brand":[],"product_cat":[60,62,74],"product_tag":[],"class_list":{"0":"post-13802","1":"product","2":"type-product","3":"status-publish","4":"has-post-thumbnail","6":"product_cat-featured-de","7":"product_cat-rolex-de","8":"product_cat-vintage-de","10":"first","11":"instock","12":"taxable","13":"shipping-taxable","14":"purchasable","15":"product-type-simple"},"aioseo_notices":[],"_links":{"self":[{"href":"https:\/\/chrono-scope.ch\/de\/wp-json\/wp\/v2\/product\/13802","targetHints":{"allow":["GET"]}}],"collection":[{"href":"https:\/\/chrono-scope.ch\/de\/wp-json\/wp\/v2\/product"}],"about":[{"href":"https:\/\/chrono-scope.ch\/de\/wp-json\/wp\/v2\/types\/product"}],"version-history":[{"count":3,"href":"https:\/\/chrono-scope.ch\/de\/wp-json\/wp\/v2\/product\/13802\/revisions"}],"predecessor-version":[{"id":25742,"href":"https:\/\/chrono-scope.ch\/de\/wp-json\/wp\/v2\/product\/13802\/revisions\/25742"}],"wp:featuredmedia":[{"embeddable":true,"href":"https:\/\/chrono-scope.ch\/de\/wp-json\/wp\/v2\/media\/13800"}],"wp:attachment":[{"href":"https:\/\/chrono-scope.ch\/de\/wp-json\/wp\/v2\/media?parent=13802"}],"wp:term":[{"taxonomy":"product_brand","embeddable":true,"href":"https:\/\/chrono-scope.ch\/de\/wp-json\/wp\/v2\/product_brand?post=13802"},{"taxonomy":"product_cat","embeddable":true,"href":"https:\/\/chrono-scope.ch\/de\/wp-json\/wp\/v2\/product_cat?post=13802"},{"taxonomy":"product_tag","embeddable":true,"href":"https:\/\/chrono-scope.ch\/de\/wp-json\/wp\/v2\/product_tag?post=13802"}],"curies":[{"name":"wp","href":"https:\/\/api.w.org\/{rel}","templated":true}]}}