{"id":13578,"date":"2024-01-10T11:43:58","date_gmt":"2024-01-10T11:43:58","guid":{"rendered":"https:\/\/nakyxozy.cyon.site\/product\/minerva-big-eyes-waterproof-chronograph-ref-vd-712-warranty\/"},"modified":"2026-03-04T15:23:37","modified_gmt":"2026-03-04T15:23:37","slug":"minerva-big-eyes-waterproof-chronograph-ref-vd-712-warranty","status":"publish","type":"product","link":"https:\/\/chrono-scope.ch\/de\/produkt\/minerva-big-eyes-waterproof-chronograph-ref-vd-712-warranty\/","title":{"rendered":"SOLD &#8211; Minerva \u00ab Big Eyes \u00bb Waterproof Chronograph Ref. VD 712, Warranty"},"content":{"rendered":"<p style=\"text-align: left\"><strong>MODELL<\/strong> \/ <strong>REFERENZ:<\/strong> Minerva &#8222;Big Eyes&#8220; Wasserdichter Chronograph ref. VD 712, die aus den 1960er Jahren stammt.<\/p>\n<p style=\"text-align: left\"><strong>ZIFFERN+ZEIGER:<\/strong> Das silberne Zifferblatt mit Sonnenschliff bietet ein perfektes Gleichgewicht zwischen einem klaren, minimalistischen Erscheinungsbild und einer hervorragenden Ablesbarkeit dank der &#8222;Big Eyes&#8220;, die auf die \u00fcbergro\u00dfen, in den Motor gedrehten Hilfszifferbl\u00e4tter verweisen.<br \/>\nNormalerweise sind diese Minerva-Chronographen mit einem Leuchtzifferblatt ausgestattet, doch das vorliegende Exemplar verf\u00fcgt \u00fcber eine seltenere, nicht beleuchtete Konfiguration, die dieser Werkzeuguhr eine charmante, elegante Ausstrahlung verleiht, die durch die gut erhaltenen, l\u00e4nglichen Pfeilindizes unterstrichen wird, die ebenso wie die Dauphine-Zeiger in einem sehr willkommenen Goldton gehalten sind.<\/p>\n<p style=\"text-align: left\"><strong>GLAS:<\/strong> Der Acrylglas ist in sehr gutem Zustand und weist weder Chips noch gr\u00f6\u00dfere Kratzer auf.<\/p>\n<p style=\"text-align: left\"><strong>GEH\u00c4USE<\/strong>: Mit einem Sweetspot-Durchmesser von 36 mm ist das Edelstahlgeh\u00e4use dank der langen, gedrehten Bandanst\u00f6\u00dfe gut am Handgelenk zu tragen.<br \/>\nDas Geh\u00e4use scheint leicht oder gar nicht poliert zu sein, da es ein starkes Profil mit klar definierten Linien und gleichm\u00e4\u00dfigen Bandanst\u00f6\u00dfen aufweist.<br \/>\nEs weist jedoch alters- und gebrauchsbedingte leichte Abnutzungserscheinungen auf, die sich in einigen Oberfl\u00e4chenkratzern \u00e4u\u00dfern. Insgesamt ist es in einem sch\u00f6nen, tragbaren Vintage-Zustand.<\/p>\n<p style=\"text-align: left\"><strong>GEH\u00c4USEBODEN:<\/strong> Der verschraubte Edelstahlboden befindet sich in einem sch\u00f6nen \u00e4sthetischen Zustand, mit einigen Kratzern und \u00d6ffnungsspuren um die sechs Kerben. In der Mitte befinden sich ein gut ausgepr\u00e4gtes Logo und eine Referenznummer, umgeben von einem gut lesbaren eingravierten Text am Rand.<br \/>\nDie Innenseite ist sauber und mit einem konzentrischen Muster verziert. Sie tr\u00e4gt die Signatur von Minerva und die Seriennummer des Geh\u00e4uses.<\/p>\n<p style=\"text-align: left\"><strong>KRONE<\/strong> + <strong>DR\u00dcCKER:<\/strong> Diese Uhr kommt mit einem unsignierten &#8222;Pilz&#8220; Krone, die wahrscheinlich original scheint. Sie ist h\u00e4ufig bei diesen Minerva-Chronographen zu sehen. Sie zieht die Uhr auf und stellt die Zeit einwandfrei ein.<br \/>\nAuch die Pumpendr\u00fccker scheinen original zu sein. Sie starten, stoppen und setzen das Chronographenmodul perfekt zur\u00fcck.<\/p>\n<p style=\"text-align: left\"><strong>UHRWERK:<\/strong> Die vorliegende Minerva beherbergt das ber\u00fchmte Kaliber Valjoux 72, um ihre Funktionen zu beleben. Dieses f\u00fcr seine Leistung, Pr\u00e4zision und Robustheit bekannte Handaufzugswerk verf\u00fcgt \u00fcber ein Chronographenlayout mit zwei Dr\u00fcckern und drei Registern sowie ein S\u00e4ulenrad. Sie verf\u00fcgt \u00fcber eine laufende kleine Sekunde bei 9 Uhr, einen zentralen Sekundenzeiger und zwei Hilfszifferbl\u00e4tter f\u00fcr die Aufzeichnung bei 3 bzw. 6 Uhr.<br \/>\nDieses Kaliber ist signiert und wurde gepr\u00fcft. Sie h\u00e4lt die Zeit gut und die Chronographenfunktionen funktionieren wie vorgesehen.<\/p>\n<p><strong>BAND:<\/strong> Die Uhr wird mit einem braunen, strukturierten 18-mm-Armband mit wei\u00dfen N\u00e4hten und einer von Minerva signierten Dornschlie\u00dfe aus Edelstahl geliefert.<\/p>\n<p style=\"text-align: left\"><strong>ZUBEH\u00d6R<\/strong>: Saffiano Leder Uhrenrolle.<\/p>\n<p style=\"text-align: left\"><strong>GARANTIE:<\/strong> Wir garantieren die Echtheit der Uhr. Au\u00dferdem gew\u00e4hren wir eine 12-monatige Garantie auf die einwandfreie Funktion dieses Zeitmessers. F\u00fcr alle Garantien gelten die Allgemeinen Gesch\u00e4ftsbedingungen.<\/p>\n<p style=\"text-align: left\">Bitte z\u00f6gern Sie nicht, Fragen zu stellen, wir werden sie gerne beantworten. Eine virtuelle oder pers\u00f6nliche Besichtigung ist nach Vereinbarung m\u00f6glich.<\/p>\n","protected":false},"excerpt":{"rendered":"<p style=\"text-align: left\"><strong>Minerva &#8220; Big Eyes &#8220; Wasserdichter Chronograph Ref. VD 712<\/strong><br \/>\nWir sind stolz darauf, diesen sportlichen, aber dennoch raffinierten Chronographen von Minerva anbieten zu k\u00f6nnen, einer Marke, die als eine der erfolgreichsten Manufakturen des letzten Jahrhunderts bei engagierten Sammlern bereits gro\u00dfe Aufmerksamkeit erregt hat.<br \/>\nWie Minerva &#8211; die G\u00f6ttin der tausend Werke &#8211; ist auch der vorliegende Chronograph mit seinem wasserdichten, robusten Geh\u00e4use und dem sagenumwobenen Valjoux 72 ein w\u00fcrdiger Vertreter des kompromisslosen Strebens der Marke nach Perfektion im Inneren und \u00c4u\u00dferen.<br \/>\nBitte lesen Sie den Zustandsbericht sorgf\u00e4ltig durch und betrachten Sie die hochaufl\u00f6senden Bilder, um den Gesamtzustand der Uhr zu beurteilen.<\/p>\n","protected":false},"featured_media":32921,"template":"","meta":{"om_disable_all_campaigns":false,"_monsterinsights_skip_tracking":false,"_monsterinsights_sitenote_active":false,"_monsterinsights_sitenote_note":"","_monsterinsights_sitenote_category":0},"product_brand":[],"product_cat":[71,74],"product_tag":[],"class_list":{"0":"post-13578","1":"product","2":"type-product","3":"status-publish","4":"has-post-thumbnail","6":"product_cat-verkaufte-uhren","7":"product_cat-vintage-de","9":"first","10":"instock","11":"taxable","12":"shipping-taxable","13":"purchasable","14":"product-type-simple"},"aioseo_notices":[],"_links":{"self":[{"href":"https:\/\/chrono-scope.ch\/de\/wp-json\/wp\/v2\/product\/13578","targetHints":{"allow":["GET"]}}],"collection":[{"href":"https:\/\/chrono-scope.ch\/de\/wp-json\/wp\/v2\/product"}],"about":[{"href":"https:\/\/chrono-scope.ch\/de\/wp-json\/wp\/v2\/types\/product"}],"version-history":[{"count":1,"href":"https:\/\/chrono-scope.ch\/de\/wp-json\/wp\/v2\/product\/13578\/revisions"}],"predecessor-version":[{"id":37052,"href":"https:\/\/chrono-scope.ch\/de\/wp-json\/wp\/v2\/product\/13578\/revisions\/37052"}],"wp:featuredmedia":[{"embeddable":true,"href":"https:\/\/chrono-scope.ch\/de\/wp-json\/wp\/v2\/media\/32921"}],"wp:attachment":[{"href":"https:\/\/chrono-scope.ch\/de\/wp-json\/wp\/v2\/media?parent=13578"}],"wp:term":[{"taxonomy":"product_brand","embeddable":true,"href":"https:\/\/chrono-scope.ch\/de\/wp-json\/wp\/v2\/product_brand?post=13578"},{"taxonomy":"product_cat","embeddable":true,"href":"https:\/\/chrono-scope.ch\/de\/wp-json\/wp\/v2\/product_cat?post=13578"},{"taxonomy":"product_tag","embeddable":true,"href":"https:\/\/chrono-scope.ch\/de\/wp-json\/wp\/v2\/product_tag?post=13578"}],"curies":[{"name":"wp","href":"https:\/\/api.w.org\/{rel}","templated":true}]}}