{"id":13449,"date":"2023-12-27T14:28:02","date_gmt":"2023-12-27T14:28:02","guid":{"rendered":"https:\/\/nakyxozy.cyon.site\/product\/uhrmacherschule-solothurn-valjoux-23\/"},"modified":"2024-05-14T11:24:53","modified_gmt":"2024-05-14T11:24:53","slug":"uhrmacherschule-solothurn-valjoux-23","status":"publish","type":"product","link":"https:\/\/chrono-scope.ch\/de\/produkt\/uhrmacherschule-solothurn-valjoux-23\/","title":{"rendered":"SOLD &#8211; &#8222;Uhrmacherschule Solothurn&#8220; Valjoux 23"},"content":{"rendered":"<p style=\"text-align: left\"><strong>MODELL<\/strong> \/ <strong>REFERENZ:<\/strong> Clamshell-Chronograph der Uhrmacherschule Solothurn.<\/p>\n<p style=\"text-align: left\"><strong>ZIFFERN+ZEIGER:<\/strong> Das elfenbeinfarbene Zifferblatt ist durch seine minimal gepunktete Oberfl\u00e4che, die einheitliche Farbe und die vertieften, maschinell gedrehten Hilfszifferbl\u00e4tter kopazetisch. Der Druck ist noch scharf und perfekt erhalten. Das Bi-Compax-Display zeigt die laufende Sekunde bei neun Uhr und einen 30-Minuten-Z\u00e4hler bei 3 Uhr an.<br \/>\nDie arabischen Ziffern sind intakt und scheinen irgendwann in der Vergangenheit fachm\u00e4nnisch \u00fcberarbeitet worden zu sein. Der gebl\u00e4ute Stahlzeiger ist in gutem Zustand und verf\u00fcgt \u00fcber intakte Leuchteinlagen, die zwar zu oxidieren beginnen, aber immer noch zur Farbe der Indexe passen.<\/p>\n<p style=\"text-align: left\"><strong>GLAS:<\/strong> Das speziell aufgeweitete Kristall ist unsigniert und in ausgezeichnetem Zustand, praktisch ohne gr\u00f6\u00dfere Spuren oder Oberfl\u00e4chenkratzer.<\/p>\n<p style=\"text-align: left\"><strong>GEH\u00c4USE:<\/strong> Das aus Edelstahl gefertigte Geh\u00e4use ist ein seltenes, wasserdichtes &#8222;Pop-out&#8220;-Geh\u00e4use, auch bekannt als &#8222;Monocoque&#8220;-Geh\u00e4use. Die zweischalige Konstruktion f\u00fchlt sich robust an und beh\u00e4lt mit einem Durchmesser von 35 mm im Sweetspot und 42 mm von Ansatz zu Ansatz ihr wahres Wesen.<br \/>\nMit einigen Schrammen und Kratzern vor allem auf der konkaven L\u00fcnette, das Geh\u00e4use ist immer noch in einem sch\u00f6nen Zustand in Anbetracht seines Alters und zeigt keine Anzeichen von \u00dcberpolitur, oder viel \u00fcberhaupt. Sie hat starke Profillinien, eine geb\u00fcrstete Oberfl\u00e4che und sogar nach unten gerichtete Bandanst\u00f6\u00dfe.<\/p>\n<p style=\"text-align: left\"><strong>GEH\u00c4USEBODEN:<\/strong> Der Geh\u00e4useboden wird auf der R\u00fcckseite der Bandanst\u00f6\u00dfe durch 4 Madenschrauben gehalten, die den Druck aufrechterhalten und das gesamte Geh\u00e4use zusammenhalten. Der Gesamtzustand ist sehr gut, wenn man die kleinen Oberfl\u00e4chenabsch\u00fcrfungen und die konzentrische Oberfl\u00e4che betrachtet.<br \/>\nDie Innenseite des Geh\u00e4uses ist mit einer Perlierung versehen und tr\u00e4gt die Patentnummer 189190 sowie den Namen des Geh\u00e4useherstellers: Schmitz Fr\u00e8res.<\/p>\n<p style=\"text-align: left\"><strong>KRONE+TREIBER:<\/strong> Die \u00fcbergro\u00dfe Aufzugskrone ist original, obwohl sie unsigniert ist. Sie ist in gutem Zustand und funktioniert einwandfrei, vom Aufziehen bis zur Zeiteinstellung. Die Chronographendr\u00fccker mit Dichtungen funktionieren einwandfrei. Sie starten, stoppen und setzen das Chronographenmodul exakt um 12 Uhr zur\u00fcck.<\/p>\n<p style=\"text-align: left\"><strong>UHRWERK:<\/strong> Das rhodinierte, 17-steinige Valjoux 23 mit S\u00e4ulenrad verf\u00fcgt \u00fcber eine Bi-Compax-Anzeige f\u00fcr eine konstante laufende Sekunde bei neun Uhr und einen 30-Minuten-Rekorder bei drei Uhr. Als Sahneh\u00e4ubchen wurde das Uhrwerk zus\u00e4tzlich mit einem wundersch\u00f6nen Genfer Dekor verziert, das die Authentizit\u00e4t der reinen Uhrmacherkunst unterstreicht.<br \/>\nDas Uhrwerk ist sauber und wurde von unserem Uhrmacher \u00fcberpr\u00fcft, so dass es stark l\u00e4uft und die Zeit gut h\u00e4lt. Sie wird aufgezogen, eingestellt und der Chronograph auf Null zur\u00fcckgesetzt.<\/p>\n<p style=\"text-align: left\"><strong>BRACELET:<\/strong> Die Uhr ist mit einem brandneuen, gl\u00e4nzenden 18-mm-Armband mit N\u00e4hten und einer unsignierten Dornschlie\u00dfe aus Edelstahl ausgestattet.<\/p>\n<p><strong>ZUBEH\u00d6R<\/strong>: Saffiano Leder Uhrenrolle.<br \/>\nDie Chronographenfunktion erweist sich als unglaublich vielseitige Zeitkomplikation, die sich in verschiedenen Situationen als n\u00fctzlich erweist. In Kombination mit den wasserdichten Eigenschaften f\u00fcllte das Clamshell-Geh\u00e4use eine kritische L\u00fccke, die von milit\u00e4rischen bis hin zu sportlichen Zeitmessungsaktivit\u00e4ten reichte und zu einem sprunghaften Anstieg seiner Popularit\u00e4t f\u00fchrte.<\/p>\n<p style=\"text-align: left\"><strong>GARANTIE:<\/strong> Wir garantieren die Echtheit der Uhr. Au\u00dferdem gew\u00e4hren wir eine 12-monatige Garantie auf die einwandfreie Funktion dieses Zeitmessers. F\u00fcr alle Garantien gelten die Allgemeinen Gesch\u00e4ftsbedingungen.<br \/>\nBitte z\u00f6gern Sie nicht, Fragen zu stellen, wir werden sie gerne beantworten. Eine virtuelle oder pers\u00f6nliche Besichtigung ist nach Vereinbarung m\u00f6glich.<\/p>\n","protected":false},"excerpt":{"rendered":"<p style=\"text-align: left\">Wir sind stolz darauf, diese seltene und faszinierende &#8222;Schuluhr&#8220; oder &#8222;montre \u00e9cole&#8220; zu pr\u00e4sentieren, die als Abschlusspr\u00fcfung der Solothurner Uhrmacherschule ausgestellt wurde.<br \/>\nW\u00e4hrend viele renommierte Marken von den 1930er bis zu den 1970er Jahren bemerkenswerte Chronographen herstellten, widmet der gebildete Teil der Sammlergemeinde diesen mechanischen Wundern, die von Lehrlingen nach Abschluss ihrer Ausbildung gebaut wurden, mehr Aufmerksamkeit.<br \/>\nDie ersten Uhrendesigns von Fran\u00e7ois Borgel, Fr\u00e9d\u00e9ric Baumgartner und Rolex Oyster waren \u00e4u\u00dferst wasserdicht. Dies \u00e4nderte sich jedoch mit der Einf\u00fchrung des Clamshell-Geh\u00e4uses im Jahr 1937. Sie wurde von Schmitz Fr\u00e8res patentiert und verf\u00fcgte \u00fcber ein wasserfesteres, mit vier Schrauben befestigtes Zweikammergeh\u00e4use. Gallet erwarb kurz darauf die Patentrechte, was zur Entstehung des ersten wasserdichten Chronographen der Welt f\u00fchrte.<br \/>\nClamshell-Chronographen, unabh\u00e4ngig von der Marke, sind selten und in jeder Ausf\u00fchrung cool, aber dieses sch\u00f6ne Exemplar wird sicher jeden Sammler ansprechen, vor allem als ein Paket, das erstaunliches Aussehen, interessante uhrmacherische Abstammung und gut erhaltenen Zustand kombiniert.<br \/>\nBitte lesen Sie den Zustandsbericht sorgf\u00e4ltig durch und betrachten Sie die hochaufl\u00f6senden Bilder, um den Gesamtzustand der Uhr zu beurteilen.<\/p>\n","protected":false},"featured_media":13415,"template":"","meta":{"om_disable_all_campaigns":false,"_monsterinsights_skip_tracking":false,"_monsterinsights_sitenote_active":false,"_monsterinsights_sitenote_note":"","_monsterinsights_sitenote_category":0},"product_brand":[],"product_cat":[71],"product_tag":[],"class_list":{"0":"post-13449","1":"product","2":"type-product","3":"status-publish","4":"has-post-thumbnail","6":"product_cat-verkaufte-uhren","8":"first","9":"instock","10":"taxable","11":"shipping-taxable","12":"purchasable","13":"product-type-simple"},"aioseo_notices":[],"_links":{"self":[{"href":"https:\/\/chrono-scope.ch\/de\/wp-json\/wp\/v2\/product\/13449","targetHints":{"allow":["GET"]}}],"collection":[{"href":"https:\/\/chrono-scope.ch\/de\/wp-json\/wp\/v2\/product"}],"about":[{"href":"https:\/\/chrono-scope.ch\/de\/wp-json\/wp\/v2\/types\/product"}],"version-history":[{"count":0,"href":"https:\/\/chrono-scope.ch\/de\/wp-json\/wp\/v2\/product\/13449\/revisions"}],"wp:featuredmedia":[{"embeddable":true,"href":"https:\/\/chrono-scope.ch\/de\/wp-json\/wp\/v2\/media\/13415"}],"wp:attachment":[{"href":"https:\/\/chrono-scope.ch\/de\/wp-json\/wp\/v2\/media?parent=13449"}],"wp:term":[{"taxonomy":"product_brand","embeddable":true,"href":"https:\/\/chrono-scope.ch\/de\/wp-json\/wp\/v2\/product_brand?post=13449"},{"taxonomy":"product_cat","embeddable":true,"href":"https:\/\/chrono-scope.ch\/de\/wp-json\/wp\/v2\/product_cat?post=13449"},{"taxonomy":"product_tag","embeddable":true,"href":"https:\/\/chrono-scope.ch\/de\/wp-json\/wp\/v2\/product_tag?post=13449"}],"curies":[{"name":"wp","href":"https:\/\/api.w.org\/{rel}","templated":true}]}}