{"id":13412,"date":"2023-12-27T13:18:16","date_gmt":"2023-12-27T13:18:16","guid":{"rendered":"https:\/\/nakyxozy.cyon.site\/product\/cartier-tank-solo-xl-ref-3169\/"},"modified":"2024-12-17T09:42:59","modified_gmt":"2024-12-17T09:42:59","slug":"cartier-tank-solo-xl-ref-3169","status":"publish","type":"product","link":"https:\/\/chrono-scope.ch\/de\/produkt\/cartier-tank-solo-xl-ref-3169\/","title":{"rendered":"SOLD &#8211; Cartier Tank Solo XL, ref. 3169"},"content":{"rendered":"<p style=\"text-align: left\"><strong>MODELL<\/strong> \/ <strong>REFERENZ:<\/strong> Cartier Tank Solo, Ref. 3169, Seriennummer 747890VX<\/p>\n<p style=\"text-align: left\"><strong>SPEZIFIKATIONEN<\/strong>; <strong>ZUSTANDSBERICHT;<\/strong> bitte sehen Sie sich die hochaufl\u00f6senden Bilder an, um den Zustand der Uhr zu beurteilen.<\/p>\n<p style=\"text-align: left\"><strong>ZIFFERBLATT+ZEIGEN:<\/strong> Neuwertiges Zifferblatt und Zeiger.<\/p>\n<p style=\"text-align: left\"><strong>GLAS:<\/strong> Saphirglas in neuwertigem Zustand<\/p>\n<p style=\"text-align: left\"><strong>GEH\u00c4USE:<\/strong> Stahlgeh\u00e4use in sehr gutem Zustand mit nur minimalen Oberfl\u00e4chenspuren. Bitte sehen Sie sich die Bilder an.<\/p>\n<p style=\"text-align: left\"><strong>GEH\u00c4USER\u00dcCKSEITE:<\/strong> Vitrinenboden mit Werksgravuren, leichte Gebrauchsspuren.<\/p>\n<p style=\"text-align: left\"><strong>KRONE:<\/strong> Original Krone mit blauem Cabochon besetzt<\/p>\n<p style=\"text-align: left\"><strong>UHRWERK:<\/strong> Cartier Kal. 690, hochwertiges, in der Schweiz hergestelltes Quarzwerk.<\/p>\n<p style=\"text-align: left\"><strong>BAND:<\/strong> Original Cartier-Krokodillederband, mit Original Cartier-Stahlschlie\u00dfe. Der Gurt ist in einem guten, leicht gebrauchten Zustand &#8211; bitte beachten Sie die Bilder.<\/p>\n<p style=\"text-align: left\"><strong>ACCESSOIRES<\/strong>: Saffiano Leder Uhrenrolle<\/p>\n<p style=\"text-align: left\"><strong>GARANTIE:<\/strong> Wir garantieren die Echtheit der Uhr. Wir gew\u00e4hren au\u00dferdem 12 Monate Garantie auf die korrekte Funktion dieses Zeitmessers. F\u00fcr alle Garantien gelten die Allgemeinen Gesch\u00e4ftsbedingungen.<br \/>\nBitte z\u00f6gern Sie nicht, Fragen zu stellen, wir werden sie gerne beantworten. Eine virtuelle oder pers\u00f6nliche Besichtigung ist nach Vereinbarung m\u00f6glich.<\/p>\n","protected":false},"excerpt":{"rendered":"<p>Wir freuen uns, Ihnen eine wundersch\u00f6ne <strong>Cartier Tank Solo XL, Ref. 3169<\/strong> in sehr gutem, originalem Zustand anzubieten. Diese sch\u00f6ne und klassische Cartier bietet viel Charme und ein gutes Preis-Leistungs-Verh\u00e4ltnis. Die Uhr ist in einem sehr guten gebrauchten Zustand und wird mit einer 12-monatigen Garantie geliefert.<\/p>\n","protected":false},"featured_media":13406,"template":"","meta":{"om_disable_all_campaigns":false,"_monsterinsights_skip_tracking":false,"_monsterinsights_sitenote_active":false,"_monsterinsights_sitenote_note":"","_monsterinsights_sitenote_category":0},"product_brand":[],"product_cat":[71],"product_tag":[],"class_list":{"0":"post-13412","1":"product","2":"type-product","3":"status-publish","4":"has-post-thumbnail","6":"product_cat-verkaufte-uhren","8":"first","9":"instock","10":"taxable","11":"shipping-taxable","12":"purchasable","13":"product-type-simple"},"aioseo_notices":[],"_links":{"self":[{"href":"https:\/\/chrono-scope.ch\/de\/wp-json\/wp\/v2\/product\/13412","targetHints":{"allow":["GET"]}}],"collection":[{"href":"https:\/\/chrono-scope.ch\/de\/wp-json\/wp\/v2\/product"}],"about":[{"href":"https:\/\/chrono-scope.ch\/de\/wp-json\/wp\/v2\/types\/product"}],"version-history":[{"count":2,"href":"https:\/\/chrono-scope.ch\/de\/wp-json\/wp\/v2\/product\/13412\/revisions"}],"predecessor-version":[{"id":21538,"href":"https:\/\/chrono-scope.ch\/de\/wp-json\/wp\/v2\/product\/13412\/revisions\/21538"}],"wp:featuredmedia":[{"embeddable":true,"href":"https:\/\/chrono-scope.ch\/de\/wp-json\/wp\/v2\/media\/13406"}],"wp:attachment":[{"href":"https:\/\/chrono-scope.ch\/de\/wp-json\/wp\/v2\/media?parent=13412"}],"wp:term":[{"taxonomy":"product_brand","embeddable":true,"href":"https:\/\/chrono-scope.ch\/de\/wp-json\/wp\/v2\/product_brand?post=13412"},{"taxonomy":"product_cat","embeddable":true,"href":"https:\/\/chrono-scope.ch\/de\/wp-json\/wp\/v2\/product_cat?post=13412"},{"taxonomy":"product_tag","embeddable":true,"href":"https:\/\/chrono-scope.ch\/de\/wp-json\/wp\/v2\/product_tag?post=13412"}],"curies":[{"name":"wp","href":"https:\/\/api.w.org\/{rel}","templated":true}]}}