{"id":13282,"date":"2023-12-06T13:02:12","date_gmt":"2023-12-06T13:02:12","guid":{"rendered":"https:\/\/nakyxozy.cyon.site\/product\/h-moser-cie-endeavour-small-seconds-bryan-ferry-le-100pcs-endeavour-small-seconds-bryan-ferry-le-100pcs\/"},"modified":"2025-11-24T17:12:40","modified_gmt":"2025-11-24T17:12:40","slug":"h-moser-cie-endeavour-kleine-sekunden-bryan-ferry-le-100pcs","status":"publish","type":"product","link":"https:\/\/chrono-scope.ch\/de\/produkt\/h-moser-cie-endeavour-kleine-sekunden-bryan-ferry-le-100pcs\/","title":{"rendered":"SOLD &#8211; H.Moser &amp; Cie. Endeavour Small Seconds Bryan Ferry LE 100pcs Endeavour Small Seconds Bryan Ferry LE 100pcs"},"content":{"rendered":"<p style=\"text-align: left\">Die Uhr wurde 2018 in der Schweiz verkauft. Es ist voll funktionsf\u00e4hig und hat 12 Monate Garantie.<br \/>\nUmfang der Lieferung: Komplettes Set mit Innen- und Au\u00dfenkarton, Gebrauchsanweisung, Garantiekarte mit Stempel des autorisierten H\u00e4ndlers. Die Uhr wurde in der Schweiz verkauft und stammt von ihrem Erstbesitzer.<\/p>\n<p style=\"text-align: left\"><strong>Spezifikationen:<\/strong><br \/>\nModell: H. Moser &amp; Cie Endeavour Small Seconds Bryan Ferry, LE 100 St\u00fcck<br \/>\nReferenz: 1321-0116<br \/>\nGeh\u00e4use: 18 Karat Ros\u00e9gold; Durchmesser 38,8 mm; H\u00f6he 9,3 mm; Saphirglas auf der Vorderseite und am Geh\u00e4useboden.<br \/>\nFunktionen: Stunden; Minuten; kleine Sekunde; Gangreserveanzeige<br \/>\nUhrwerk: Kaliber HMC 321, Handaufzug; Frequenz 18.000 vph (2,5 Hz); 27 Steine; Gangreserve mindestens 3 Tage.<br \/>\nArmband: Braunes, handgen\u00e4htes und handgefertigtes&#8220; Kalbslederarmband mit massiver Goldschlie\u00dfe<br \/>\nLimitierte Auflage: 100 St\u00fcck<\/p>\n<p style=\"text-align: left\"><strong>GARANTIE:<\/strong> Wir garantieren die Echtheit der Uhr. Wir gew\u00e4hren au\u00dferdem 12 Monate Garantie auf die korrekte Funktion dieses Zeitmessers.<br \/>\nBitte z\u00f6gern Sie nicht, Fragen zu stellen, wir werden sie gerne beantworten. Virtuelle oder pers\u00f6nliche Besichtigung nur nach Vereinbarung.<\/p>\n","protected":false},"excerpt":{"rendered":"<p>Wir sind stolz darauf, Ihnen eine sehr seltene <strong>H. Moser Endeavour Brian Ferry<\/strong> in neuwertigem Zustand, komplett mit Box und Papieren, Erstbesitzer Uhr zu pr\u00e4sentieren.<\/p>\n","protected":false},"featured_media":13262,"template":"","meta":{"om_disable_all_campaigns":false,"_monsterinsights_skip_tracking":false,"_monsterinsights_sitenote_active":false,"_monsterinsights_sitenote_note":"","_monsterinsights_sitenote_category":0},"product_brand":[],"product_cat":[59,71],"product_tag":[],"class_list":{"0":"post-13282","1":"product","2":"type-product","3":"status-publish","4":"has-post-thumbnail","6":"product_cat-contemporary-de","7":"product_cat-verkaufte-uhren","9":"first","10":"instock","11":"taxable","12":"shipping-taxable","13":"purchasable","14":"product-type-simple"},"aioseo_notices":[],"_links":{"self":[{"href":"https:\/\/chrono-scope.ch\/de\/wp-json\/wp\/v2\/product\/13282","targetHints":{"allow":["GET"]}}],"collection":[{"href":"https:\/\/chrono-scope.ch\/de\/wp-json\/wp\/v2\/product"}],"about":[{"href":"https:\/\/chrono-scope.ch\/de\/wp-json\/wp\/v2\/types\/product"}],"version-history":[{"count":2,"href":"https:\/\/chrono-scope.ch\/de\/wp-json\/wp\/v2\/product\/13282\/revisions"}],"predecessor-version":[{"id":32729,"href":"https:\/\/chrono-scope.ch\/de\/wp-json\/wp\/v2\/product\/13282\/revisions\/32729"}],"wp:featuredmedia":[{"embeddable":true,"href":"https:\/\/chrono-scope.ch\/de\/wp-json\/wp\/v2\/media\/13262"}],"wp:attachment":[{"href":"https:\/\/chrono-scope.ch\/de\/wp-json\/wp\/v2\/media?parent=13282"}],"wp:term":[{"taxonomy":"product_brand","embeddable":true,"href":"https:\/\/chrono-scope.ch\/de\/wp-json\/wp\/v2\/product_brand?post=13282"},{"taxonomy":"product_cat","embeddable":true,"href":"https:\/\/chrono-scope.ch\/de\/wp-json\/wp\/v2\/product_cat?post=13282"},{"taxonomy":"product_tag","embeddable":true,"href":"https:\/\/chrono-scope.ch\/de\/wp-json\/wp\/v2\/product_tag?post=13282"}],"curies":[{"name":"wp","href":"https:\/\/api.w.org\/{rel}","templated":true}]}}