{"id":13183,"date":"2023-12-05T14:01:14","date_gmt":"2023-12-05T14:01:14","guid":{"rendered":"https:\/\/nakyxozy.cyon.site\/product\/rolex-rolex-vintage-datejust-ref-1601-rare-blue-sigma-dial-box-1973\/"},"modified":"2024-06-04T09:58:28","modified_gmt":"2024-06-04T09:58:28","slug":"rolex-rolex-vintage-datejust-ref-1601-rare-blaues-sigma-zifferblatt-box-1973","status":"publish","type":"product","link":"https:\/\/chrono-scope.ch\/de\/produkt\/rolex-rolex-vintage-datejust-ref-1601-rare-blaues-sigma-zifferblatt-box-1973\/","title":{"rendered":"SOLD &#8211; Rolex Rolex Vintage Datejust Ref. 1601, rare blue sigma dial, box, 1973"},"content":{"rendered":"<p style=\"text-align: left\"><strong>MODELL<\/strong> \/ <strong>REFERENZ:<\/strong> Rolex Datejust Ref. 1601. Die Seriennummer 3&#8217;464&#8217;xxx datiert die Produktion auf ca. 1973.<\/p>\n<p style=\"text-align: left\"><strong>ZIFFERBLATT+ZEIGER:<\/strong> originales Sigma-Zifferblatt in sehr gutem Zustand, mit leichten Alterungsspuren um die Leuchtstoffpunkte. Die facettierten Indexe sind absolut neuwertig. Alle Leuchtpunkte sind vorhanden und weisen eine sehr sch\u00f6ne beige-braune Patina auf. Der Leuchtkraftpunkt bei 9 zeigt einen gewissen Leuchtkraftverlust. Die Schrift ist klar und deutlich. Das Datumsrad ist sauber.<br \/>\nDer originale H\u00f6rer ist in sehr gutem Zustand. Die Tritiumlumineszenz auf den Zeigern ist intakt und hat einen \u00e4hnlichen Farbton wie die Luminiszenzpunkte angenommen.<br \/>\nBei Aktivierung mit UV-Licht leuchten die Leuchtpunkte und die Zeiger auf und erl\u00f6schen dann.<\/p>\n<p style=\"text-align: left\"><strong>BEZEL:<\/strong> Wei\u00dfgold L\u00fcnette in gutem Zustand mit leichten Gebrauchsspuren im Einklang mit dem Alter der Uhr.<\/p>\n<p style=\"text-align: left\"><strong>GLAS:<\/strong> Plexiglas in sehr gutem Zustand mit nur leichten Oberfl\u00e4chenspuren<\/p>\n<p style=\"text-align: left\"><strong>GEH\u00c4USE:<\/strong> 36-mm-Edelstahlgeh\u00e4use in gutem Zustand mit Gebrauchsspuren, die dem Alter der Uhr entsprechen. Die Nasen sind gut ausgepr\u00e4gt. Die Referenz und die Gravur der Seriennummer zwischen den Bandanst\u00f6\u00dfen sind klar und deutlich.<br \/>\nDer Abstand zwischen den Anst\u00f6\u00dfen betr\u00e4gt 43 mm, die Ansto\u00dfbreite 20 mm, die Dicke einschlie\u00dflich des Glases ungef\u00e4hr. 12 mm.<\/p>\n<p style=\"text-align: left\"><strong>GEH\u00c4USEBODEN:<\/strong> Der Original-Edelstahlboden weist leichte Oberfl\u00e4chenspuren auf. Der innere Geh\u00e4useboden ist werkseitig graviert und tr\u00e4gt die Referenznummer.<\/p>\n<p style=\"text-align: left\"><strong>KRONE:<\/strong> Rolex Twinlock verschraubte Krone<\/p>\n<p style=\"text-align: left\"><strong>UHRWERK und FUNKTION:<\/strong> sauberes und voll funktionsf\u00e4higes Automatikwerk Kal. 1570, 26 Lagersteine, 19800 Umdrehungen pro Minute. Das Uhrwerk wurde gewartet, l\u00e4uft gut und h\u00e4lt die Zeit gut ein.<\/p>\n<p style=\"text-align: left\"><strong>BRACELET:<\/strong> Rolex Jubilee-Armband 6251H mit 55 Endgliedern. Das Armband ist dehnbar, wie bei Vintage-Jubil\u00e4umsarmb\u00e4ndern \u00fcblich. Es passt f\u00fcr ein Handgelenk von ca. 19 cm \/ 7,5 Zoll.<\/p>\n<p style=\"text-align: left\"><strong>ZUBEH\u00d6R:<\/strong> Vintage Rolex Box<\/p>\n<p style=\"text-align: left\"><strong>GARANTIE:<\/strong> Wir garantieren die Echtheit der Uhr. Wir gew\u00e4hren au\u00dferdem 12 Monate Garantie auf die korrekte Funktion dieses Zeitmessers. F\u00fcr alle Garantien gelten die Allgemeinen Gesch\u00e4ftsbedingungen.<br \/>\nBitte z\u00f6gern Sie nicht, Fragen zu stellen, wir werden sie gerne beantworten. Virtuelle oder pers\u00f6nliche Besichtigung nach Vereinbarung.<\/p>\n<p style=\"text-align: left\">Inventarnummer: 231115-2<\/p>\n","protected":false},"excerpt":{"rendered":"<p style=\"text-align: left\">Wir sind stolz darauf, diese sch\u00f6ne <strong>Rolex Vintage Datejust Ref. 1601<\/strong> mit Sigma-Zifferblatt von 1973 in sehr gutem Vintage-Zustand anzubieten. Das Highlight dieser klassischen Sch\u00f6nheit ist das seltene blaue Sigma-Zifferblatt mit Sonnenschliff. Es hat einen warmen violetten Farbton angenommen, der es besonders attraktiv macht.<br \/>\nZifferblatt, Krone, Geh\u00e4useboden, Uhrwerk und Armband signiert. Die Datejust wurde gewartet und kommt mit 12 Monaten Garantie.<\/p>\n<p style=\"text-align: left\">SPEZIFIKATIONEN; ZUSTANDSBERICHT; bitte sehen Sie sich die hochaufl\u00f6senden Bilder an, um den Zustand der Uhr zu beurteilen.<\/p>\n","protected":false},"featured_media":13161,"template":"","meta":{"om_disable_all_campaigns":false,"_monsterinsights_skip_tracking":false,"_monsterinsights_sitenote_active":false,"_monsterinsights_sitenote_note":"","_monsterinsights_sitenote_category":0},"product_brand":[],"product_cat":[71],"product_tag":[],"class_list":{"0":"post-13183","1":"product","2":"type-product","3":"status-publish","4":"has-post-thumbnail","6":"product_cat-verkaufte-uhren","8":"first","9":"instock","10":"taxable","11":"shipping-taxable","12":"purchasable","13":"product-type-simple"},"aioseo_notices":[],"_links":{"self":[{"href":"https:\/\/chrono-scope.ch\/de\/wp-json\/wp\/v2\/product\/13183","targetHints":{"allow":["GET"]}}],"collection":[{"href":"https:\/\/chrono-scope.ch\/de\/wp-json\/wp\/v2\/product"}],"about":[{"href":"https:\/\/chrono-scope.ch\/de\/wp-json\/wp\/v2\/types\/product"}],"version-history":[{"count":0,"href":"https:\/\/chrono-scope.ch\/de\/wp-json\/wp\/v2\/product\/13183\/revisions"}],"wp:featuredmedia":[{"embeddable":true,"href":"https:\/\/chrono-scope.ch\/de\/wp-json\/wp\/v2\/media\/13161"}],"wp:attachment":[{"href":"https:\/\/chrono-scope.ch\/de\/wp-json\/wp\/v2\/media?parent=13183"}],"wp:term":[{"taxonomy":"product_brand","embeddable":true,"href":"https:\/\/chrono-scope.ch\/de\/wp-json\/wp\/v2\/product_brand?post=13183"},{"taxonomy":"product_cat","embeddable":true,"href":"https:\/\/chrono-scope.ch\/de\/wp-json\/wp\/v2\/product_cat?post=13183"},{"taxonomy":"product_tag","embeddable":true,"href":"https:\/\/chrono-scope.ch\/de\/wp-json\/wp\/v2\/product_tag?post=13183"}],"curies":[{"name":"wp","href":"https:\/\/api.w.org\/{rel}","templated":true}]}}