{"id":13099,"date":"2023-11-30T14:44:52","date_gmt":"2023-11-30T14:44:52","guid":{"rendered":"https:\/\/nakyxozy.cyon.site\/product\/rolex-vintage-perpetual-date-ref-1501-grau-shantung-mosaik-zifferblatt-gewartet\/"},"modified":"2023-12-18T10:37:04","modified_gmt":"2023-12-18T10:37:04","slug":"rolex-vintage-perpetual-date-ref-1501-grau-shantung-mosaik-zifferblatt-gewartet","status":"publish","type":"product","link":"https:\/\/chrono-scope.ch\/de\/produkt\/rolex-vintage-perpetual-date-ref-1501-grau-shantung-mosaik-zifferblatt-gewartet\/","title":{"rendered":"SOLD &#8211; Rolex Vintage Perpetual Date Ref. 1501 grey \u201cShantung\u201d mosaic dial, serviced"},"content":{"rendered":"<p style=\"text-align: left\"><strong>MODELL \/ REFERENZ:<\/strong> Rolex Perpetual Date, Ref. 1501. Die Seriennummer 2&#8217;710&#8217;xxx datiert ihn auf etwa 1971.<\/p>\n<p style=\"text-align: left\"><strong>ZIFFERBLATT+ZEICHEN:<\/strong> graues &#8222;Shantung&#8220;- oder &#8222;Mosaik&#8220;-Zifferblatt in nahezu neuwertigem Zustand. Alle Lume Punkte sind vorhanden, intakt und haben zu attraktiven braunen Farbton gealtert. Der Druck ist gestochen scharf.<br \/>\nBei Aktivierung mit UV-Licht leuchten die Leuchtpunkte und die Zeiger auf und erl\u00f6schen dann.<\/p>\n<p style=\"text-align: left\"><strong>DATUM:<\/strong> Das Datumsrad ist sauber und der Druck gestochen scharf.<\/p>\n<p style=\"text-align: left\"><strong>GLAS:<\/strong> Plexiglas in gutem Zustand mit kleinen Oberfl\u00e4chenflecken.<\/p>\n<p style=\"text-align: left\"><strong>BEZEL:<\/strong> Motor gedreht Stahl L\u00fcnette in gutem Zustand mit leichten Gebrauchsspuren<\/p>\n<p style=\"text-align: left\"><strong>GEH\u00c4USE:<\/strong> 34 Edelstahlgeh\u00e4use in gutem Zustand mit leichten Gebrauchsspuren im Einklang mit dem Alter der Uhr. Die Referenz und die Gravur der Seriennummer zwischen den Bandanst\u00f6\u00dfen sind klar und deutlich.<br \/>\nDie Gr\u00f6\u00dfe von Ansatz zu Ansatz betr\u00e4gt 42 mm, Ansatzbreite 19 mm, Dicke ca. 11 mm (einschlie\u00dflich Plexiglas)<\/p>\n<p style=\"text-align: left\"><strong>GEH\u00c4USEBODEN:<\/strong> originaler Edelstahlboden in gutem Zustand mit Gebrauchsspuren. Der innere Geh\u00e4useboden ist werkseitig graviert und tr\u00e4gt die Referenznummer.<\/p>\n<p style=\"text-align: left\"><strong>KRONE:<\/strong> Rolex Twinlock verschraubte Krone<\/p>\n<p style=\"text-align: left\"><strong>UHRWERK<\/strong> und <strong>FUNKTION:<\/strong> sauberes und voll funktionsf\u00e4higes Automatikwerk Rolex Kal. 1570, 26 Lagersteine, 19800 U\/min. Das Uhrwerk wurde gewartet, l\u00e4uft gut und h\u00e4lt die Zeit gut ein.<\/p>\n<p style=\"text-align: left\"><strong>BRACELET:<\/strong> Rolex Oyster 78350-19 Armband mit 557 Endgliedern. Das Armband ist in gutem Zustand und weist eine leichte Dehnung auf. Es passt f\u00fcr ein Handgelenk von ca. 18 bis 19 cm<\/p>\n<p style=\"text-align: left\"><strong>ZUBEH\u00d6R:<\/strong> Saffiano Leder Uhrenrolle.<\/p>\n<p style=\"text-align: left\"><strong>GARANTIE:<\/strong> Wir garantieren die Echtheit der Uhr. Wir gew\u00e4hren au\u00dferdem 12 Monate Garantie auf die korrekte Funktion dieses Zeitmessers. F\u00fcr alle Garantien gelten die Allgemeinen Gesch\u00e4ftsbedingungen.<br \/>\nBitte z\u00f6gern Sie nicht, Fragen zu stellen, wir werden sie gerne beantworten. Virtuelle oder pers\u00f6nliche Besichtigung nach Vereinbarung.<\/p>\n","protected":false},"excerpt":{"rendered":"<p>Wir sind stolz darauf, Ihnen diese Vintage <strong>Rolex Perpetual Date Ref. 1501<\/strong> mit einem grauen &#8222;Shantung&#8220;-Mosaik-Zifferblatt zu pr\u00e4sentieren, eine Version, die sowohl attraktiv als auch selten zu sehen ist. Diese klassische Rolex kommt nie aus der Mode und bietet immer noch ein gutes Preis-Leistungs-Verh\u00e4ltnis.<br \/>\nZifferblatt, Krone, Geh\u00e4useboden, Uhrwerk und Armband signiert. Die Uhr ist in einem ausgezeichneten Vintage-Zustand, wurde gewartet und kommt mit 12 Monaten Garantie.<\/p>\n<p>SPEZIFIKATIONEN; ZUSTANDSBERICHT; bitte sehen Sie sich die hochaufl\u00f6senden Bilder an, um den Zustand der Uhr zu beurteilen.<\/p>\n","protected":false},"featured_media":13077,"template":"","meta":{"om_disable_all_campaigns":false,"_monsterinsights_skip_tracking":false,"_monsterinsights_sitenote_active":false,"_monsterinsights_sitenote_note":"","_monsterinsights_sitenote_category":0},"product_brand":[],"product_cat":[71],"product_tag":[],"class_list":{"0":"post-13099","1":"product","2":"type-product","3":"status-publish","4":"has-post-thumbnail","6":"product_cat-verkaufte-uhren","8":"first","9":"instock","10":"taxable","11":"shipping-taxable","12":"purchasable","13":"product-type-simple"},"aioseo_notices":[],"_links":{"self":[{"href":"https:\/\/chrono-scope.ch\/de\/wp-json\/wp\/v2\/product\/13099","targetHints":{"allow":["GET"]}}],"collection":[{"href":"https:\/\/chrono-scope.ch\/de\/wp-json\/wp\/v2\/product"}],"about":[{"href":"https:\/\/chrono-scope.ch\/de\/wp-json\/wp\/v2\/types\/product"}],"version-history":[{"count":0,"href":"https:\/\/chrono-scope.ch\/de\/wp-json\/wp\/v2\/product\/13099\/revisions"}],"wp:featuredmedia":[{"embeddable":true,"href":"https:\/\/chrono-scope.ch\/de\/wp-json\/wp\/v2\/media\/13077"}],"wp:attachment":[{"href":"https:\/\/chrono-scope.ch\/de\/wp-json\/wp\/v2\/media?parent=13099"}],"wp:term":[{"taxonomy":"product_brand","embeddable":true,"href":"https:\/\/chrono-scope.ch\/de\/wp-json\/wp\/v2\/product_brand?post=13099"},{"taxonomy":"product_cat","embeddable":true,"href":"https:\/\/chrono-scope.ch\/de\/wp-json\/wp\/v2\/product_cat?post=13099"},{"taxonomy":"product_tag","embeddable":true,"href":"https:\/\/chrono-scope.ch\/de\/wp-json\/wp\/v2\/product_tag?post=13099"}],"curies":[{"name":"wp","href":"https:\/\/api.w.org\/{rel}","templated":true}]}}