{"id":12816,"date":"2023-11-23T12:54:57","date_gmt":"2023-11-23T12:54:57","guid":{"rendered":"https:\/\/nakyxozy.cyon.site\/product\/rado-vintage-captain-cook-reference-1177\/"},"modified":"2024-05-28T09:41:43","modified_gmt":"2024-05-28T09:41:43","slug":"rado-alt-kapitan-koch-referenz-1177","status":"publish","type":"product","link":"https:\/\/chrono-scope.ch\/de\/produkt\/rado-alt-kapitan-koch-referenz-1177\/","title":{"rendered":"SOLD &#8211; Rado Vintage Captain Cook, reference 1177"},"content":{"rendered":"<p style=\"text-align: left\"><strong>MODELL<\/strong> \/ <strong>REFERENZ:<\/strong> Rado Captain Cook Referenz 1177.<\/p>\n<p><strong>ZIFFERN+ZEIGER:<\/strong> Das schwarze Zifferblatt ist in jeder Hinsicht makellos, von der sauberen Oberfl\u00e4che bis hin zu einem unber\u00fchrten, scharfen Aufdruck. Dieses besondere Exemplar weist nur minimale Alterungsspuren auf und bietet dank des unauff\u00e4lligen, umrahmten Datumsfensters bei 3 Uhr ein leicht ablesbares Layout, das keine Unklarheiten aufkommen l\u00e4sst.<br \/>\nDie silbernen, rechteckigen Indizes sind wundersch\u00f6n bearbeitet und poliert, um verschiedene Lichtrichtungen zu reflektieren. Jeder angewandte Index wird durch einen intakten Tritium-Plot hervorgehoben.<br \/>\nBlockige, silberne Zeiger mit Tritium-Lumineszenz. Der laufende Sekundenzeiger ist separat mit einem rechteckigen Paddel am Ende markiert.<\/p>\n<p style=\"text-align: left\"><strong>INNERE DREHBARKEIT:<\/strong> Die k\u00fchne innere L\u00fcnette ist mit wei\u00dfen Akzenten verziert, die F\u00fcnf-Minuten-Intervalle markieren, von denen ein Drittel durch rote Markierungen dokumentiert wird, um jede beliebige Zeitspanne von zwanzig Minuten zu kennzeichnen, die von Bedeutung sein k\u00f6nnte. Die drehbare L\u00fcnette l\u00e4sst sich durch Bet\u00e4tigung der Krone bei 3 Uhr leichtg\u00e4ngig drehen.<\/p>\n<p style=\"text-align: left\"><strong>GLAS:<\/strong> Das kastenf\u00f6rmige Plexiglasglas ist sehr dick und originell und verleiht dem Zeitmesser ein gewichtiges Aussehen. Es ist in der Mitte signiert und weist leichte Gebrauchsspuren auf.<\/p>\n<p style=\"text-align: left\"><strong>GEH\u00c4USE<\/strong>: Das tonneauf\u00f6rmige Edelstahlgeh\u00e4use mit verdeckten Bandanst\u00f6\u00dfen und hochglanzpolierter Oberfl\u00e4che verleiht der Uhr einen Retro-Look.<br \/>\nDas Geh\u00e4use hat eine angenehme Gr\u00f6\u00dfe mit einem Durchmesser von 37 mm (ohne Kronen) und einer L\u00e4nge von 41 mm von Ansatz zu Ansatz. Das Geh\u00e4use ist insgesamt noch sehr stabil und hat seine scharfen Linien und sein urspr\u00fcngliches Profil beibehalten. Es sind einige Oberfl\u00e4chenkratzer und kleine Kerben zu sehen, vor allem an den Seiten, die typisch f\u00fcr die normale Abnutzung im Einklang mit dem Alter dieser Werkzeuguhr sind.<\/p>\n<p style=\"text-align: left\"><strong>GEH\u00c4USEBODEN:<\/strong> Der Geh\u00e4useboden besteht aus Edelstahl und weist einige unglaubliche Details auf, wie zum Beispiel die nach innen gerichteten Seepferdchen, eine tief eingravierte Schrift und einen fein schraffierten Hintergrund.<br \/>\nNeben den kleineren Oberfl\u00e4chenkratzern sind einige tiefere Kerben und deutliche Kratzer um die Kerben herum zu erkennen, die wahrscheinlich von einem fr\u00fcheren \u00d6ffnungsversuch stammen.<\/p>\n<p style=\"text-align: left\"><strong>UHRWERK:<\/strong> Im Inneren des Geh\u00e4uses arbeitet ein 25-steiniges Automatikkaliber von A. Schild mit einem sch\u00f6nen vergoldeten Rotor und einer Schlagzahl von 18.000 Halbschwingungen pro Stunde. Alle Funktionen funktionieren wie gew\u00fcnscht.<\/p>\n<p style=\"text-align: left\"><strong>KRONEN:<\/strong> Die originalen Doppelkronen sind beide mit dem Rado Ankerlogo signiert. Die Krone bei drei Uhr dient der reibungslosen Bet\u00e4tigung der Drehl\u00fcnette, w\u00e4hrend die kleinere Push-Pull-Krone bei vier Uhr durch ihre versenkte Position im Geh\u00e4use gesch\u00fctzt ist. Sie funktioniert einwandfrei, l\u00e4sst sich aber etwas schwer herausziehen.<\/p>\n<p style=\"text-align: left\"><strong>BRACELET:<\/strong> schwarzes Lederband mit unsignierter Stahlschlie\u00dfe. Andere Gurtoptionen sind auf Anfrage erh\u00e4ltlich.<\/p>\n<p style=\"text-align: left\"><strong>ZUBEH\u00d6R:<\/strong> Keine<\/p>\n<p style=\"text-align: left\"><strong>GARANTIE:<\/strong> Wir garantieren die Echtheit der Uhr. Auf die einwandfreie Funktion dieses Zeitmessers gew\u00e4hren wir eine 6-monatige Garantie. F\u00fcr alle Garantien gelten die Allgemeinen Gesch\u00e4ftsbedingungen.<br \/>\nBitte z\u00f6gern Sie nicht, Fragen zu stellen, wir werden sie gerne beantworten. Eine virtuelle oder pers\u00f6nliche Besichtigung ist nach Vereinbarung m\u00f6glich.<\/p>\n","protected":false},"excerpt":{"rendered":"<p>Zum Verkauf steht eine attraktive und originelle <strong>Vintage Rado Captain Cook<\/strong>, Referenz 1177.<\/p>\n<p>W\u00e4hrend der Markt mit Neugier und Bewunderung auf professionelle Tieftauch- und Mondlandezeitmesser reagierte, stellte Rado seine erste praktische Taucheruhr vor und benannte sie nach dem erfolgreichen britischen Entdecker des 18: Kapit\u00e4n James Cook.<br \/>\nBitte lesen Sie den Zustandsbericht sorgf\u00e4ltig durch und betrachten Sie die hochaufl\u00f6senden Bilder, um den Gesamtzustand der Uhr zu beurteilen.<\/p>\n","protected":false},"featured_media":12796,"template":"","meta":{"om_disable_all_campaigns":false,"_monsterinsights_skip_tracking":false,"_monsterinsights_sitenote_active":false,"_monsterinsights_sitenote_note":"","_monsterinsights_sitenote_category":0},"product_brand":[],"product_cat":[71],"product_tag":[],"class_list":{"0":"post-12816","1":"product","2":"type-product","3":"status-publish","4":"has-post-thumbnail","6":"product_cat-verkaufte-uhren","8":"first","9":"instock","10":"taxable","11":"shipping-taxable","12":"purchasable","13":"product-type-simple"},"aioseo_notices":[],"_links":{"self":[{"href":"https:\/\/chrono-scope.ch\/de\/wp-json\/wp\/v2\/product\/12816","targetHints":{"allow":["GET"]}}],"collection":[{"href":"https:\/\/chrono-scope.ch\/de\/wp-json\/wp\/v2\/product"}],"about":[{"href":"https:\/\/chrono-scope.ch\/de\/wp-json\/wp\/v2\/types\/product"}],"version-history":[{"count":0,"href":"https:\/\/chrono-scope.ch\/de\/wp-json\/wp\/v2\/product\/12816\/revisions"}],"wp:featuredmedia":[{"embeddable":true,"href":"https:\/\/chrono-scope.ch\/de\/wp-json\/wp\/v2\/media\/12796"}],"wp:attachment":[{"href":"https:\/\/chrono-scope.ch\/de\/wp-json\/wp\/v2\/media?parent=12816"}],"wp:term":[{"taxonomy":"product_brand","embeddable":true,"href":"https:\/\/chrono-scope.ch\/de\/wp-json\/wp\/v2\/product_brand?post=12816"},{"taxonomy":"product_cat","embeddable":true,"href":"https:\/\/chrono-scope.ch\/de\/wp-json\/wp\/v2\/product_cat?post=12816"},{"taxonomy":"product_tag","embeddable":true,"href":"https:\/\/chrono-scope.ch\/de\/wp-json\/wp\/v2\/product_tag?post=12816"}],"curies":[{"name":"wp","href":"https:\/\/api.w.org\/{rel}","templated":true}]}}