{"id":12760,"date":"2023-11-23T11:04:02","date_gmt":"2023-11-23T11:04:02","guid":{"rendered":"https:\/\/nakyxozy.cyon.site\/product\/omega-seedmaster-ultraman-ref-145-012-67-sp-extract-of-archives\/"},"modified":"2024-11-04T10:28:23","modified_gmt":"2024-11-04T10:28:23","slug":"omega-seedmaster-ultraman-ref-145-012-67-sp-auszug-aus-den-archiven","status":"publish","type":"product","link":"https:\/\/chrono-scope.ch\/de\/produkt\/omega-seedmaster-ultraman-ref-145-012-67-sp-auszug-aus-den-archiven\/","title":{"rendered":"SOLD &#8211; Omega Seedmaster Ultraman Ref. 145.012-67 SP \u2013 extract of archives"},"content":{"rendered":"<p style=\"text-align: left\"><strong>MODELL \/ REFERENZ:<\/strong> Omega Speedmaster Professional, ref ST 145.02, Seriennummer 26&#8217;077&#8217;795, hergestellt am 15. Oktober 1968.<\/p>\n<p style=\"text-align: left\"><strong>ZUSTANDSBERICHT:<\/strong> Bitte sehen Sie sich die hochaufl\u00f6senden Bilder an, um den Zustand des Zeitmessers zu beurteilen.<\/p>\n<p style=\"text-align: left\"><strong>ZIFFERN+ZEIGER:<\/strong><\/p>\n<ul>\n<li style=\"text-align: left\">Tiefschwarzes Zifferblatt, passend f\u00fcr die Ultraman. Alle Drucke sind originalgetreu und gestochen scharf<\/li>\n<li style=\"text-align: left\">Die Tritum-Lumines haben einen sch\u00f6nen braunen Farbton angenommen.<\/li>\n<li style=\"text-align: left\">Zeiger: Die Tritiumlumine auf den Stunden- und Minutenzeigern ist intakt und hat einen \u00e4hnlichen Farbton wie die Tritiumindizes auf dem Zifferblatt angenommen. Der orangefarbene Chronographen-Sekundenzeiger weist die korrekte Satinierung auf, wie sie auf Seite 491 des Moonwatch-only-Buches beschrieben ist. Die Zeiger auf dem Hilfszifferblatt weisen eine leichte Oberfl\u00e4chenalterung auf.<\/li>\n<li style=\"text-align: left\">Das Tritium auf den Indexen und Zeigern reagiert auf UV-Licht und verblasst schnell, wenn die Lichtquelle entfernt wird.<\/li>\n<\/ul>\n<p style=\"text-align: left\"><strong>GLAS:<\/strong> Omega signiert Plexiglas mit leichten Spuren auf der Oberfl\u00e4che. . Das Plexiglas wird von meinem Uhrmacher leicht poliert.<\/p>\n<p style=\"text-align: left\"><strong>L\u00dcNETTE:<\/strong> korrekt und original Punkt \u00fcber 90 L\u00fcnette mit Gebrauchsspuren. Bitte sehen Sie sich die Bilder an. Auf Anfrage kann eine originale L\u00fcnette mit geringeren Gebrauchsspuren beschafft werden.<\/p>\n<p style=\"text-align: left\"><strong>GEH\u00c4USE:<\/strong> Edelstahlgeh\u00e4use in gutem Zustand Gebrauchsspuren im Einklang mit dem Alter der Uhr.<\/p>\n<p style=\"text-align: left\"><strong>GEH\u00c4USEBODEN:<\/strong> signierter Edelstahlboden mit korrekter Kennzeichnung auf dem inneren und \u00e4u\u00dferen Boden. Der Geh\u00e4useboden weist einige Kratzer auf, die vom \u00d6ffnen des Geh\u00e4uses herr\u00fchren.<\/p>\n<p style=\"text-align: left\"><strong>KRONE<\/strong> &amp; <strong>DR\u00dcCKER:<\/strong> Omega signiert Krone, (Typ A1 &#8211; schmale flache F\u00fc\u00dfe wie pro die Moonwatch nur Buch). Krone und Dr\u00fccker sind korrekt zu dieser Referenz.<\/p>\n<p style=\"text-align: left\"><strong>UHRWERK:<\/strong> Omega Kal. 321, Seriennummer 26&#8217;077&#8217;795. Das Uhrwerk ist voll funktionsf\u00e4hig. Der Chronograph startet, stoppt und stellt sich auf Null zur\u00fcck. Das Uhrwerk wird derzeit vom Uhrmacher \u00fcberpr\u00fcft und gewartet.<\/p>\n<p style=\"text-align: left\"><strong>BAND:<\/strong> Hochwertiges schwarzes Lederarmband mit Vintage-Omega-Edelstahlschlie\u00dfe. Eine korrekte 1039-Armbinde kann auf Anfrage beschafft werden.<\/p>\n<p style=\"text-align: left\"><strong>ZUBEH\u00d6R:<\/strong> Omega Auszug aus dem Archiv, Omega Vintage Box&#8230;<\/p>\n<p style=\"text-align: left\"><strong>GARANTIE:<\/strong> Wir garantieren die Echtheit der Uhr. Wir gew\u00e4hren au\u00dferdem 12 Monate Garantie auf die korrekte Funktion dieses Zeitmessers. F\u00fcr alle Garantien gelten die Allgemeinen Gesch\u00e4ftsbedingungen.<br \/>\nBitte z\u00f6gern Sie nicht, Fragen zu stellen, wir werden sie gerne beantworten. Eine pers\u00f6nliche oder virtuelle Besichtigung ist nach Vereinbarung m\u00f6glich.<\/p>\n","protected":false},"excerpt":{"rendered":"<p>Omega Speedmaster Professional Ref. 145.012-67 SP &#8222;Ultraman&#8220; &#8211; Auszug aus dem Archiv<br \/>\nWir sind stolz darauf, eine extrem seltene und seltene <strong>Omega Speedmaster ST 145.012-67 SP Ultraman<\/strong> zu pr\u00e4sentieren <strong>.<\/strong><br \/>\nDer Omega-Archivauszug best\u00e4tigt, dass es sich bei der vorliegenden Speedmaster um ein &#8222;Sondermodell mit orangefarbenem Chronographenzeiger&#8220; handelt, also um eine Ultraman. Die Seriennummer und die Merkmale der Uhr entsprechen den Kriterien, die auf Speedmaster 101 beschrieben sind. Das Produktionsdatum vom 15. Oktober, wie durch den Omega-Archivauszug best\u00e4tigt, ist das letzte bisher bekannte produzierte Ultraman.<\/p>\n","protected":false},"featured_media":15669,"template":"","meta":{"om_disable_all_campaigns":false,"_monsterinsights_skip_tracking":false,"_monsterinsights_sitenote_active":false,"_monsterinsights_sitenote_note":"","_monsterinsights_sitenote_category":0},"product_brand":[],"product_cat":[71],"product_tag":[],"class_list":{"0":"post-12760","1":"product","2":"type-product","3":"status-publish","4":"has-post-thumbnail","6":"product_cat-verkaufte-uhren","8":"first","9":"instock","10":"taxable","11":"shipping-taxable","12":"purchasable","13":"product-type-simple"},"aioseo_notices":[],"_links":{"self":[{"href":"https:\/\/chrono-scope.ch\/de\/wp-json\/wp\/v2\/product\/12760","targetHints":{"allow":["GET"]}}],"collection":[{"href":"https:\/\/chrono-scope.ch\/de\/wp-json\/wp\/v2\/product"}],"about":[{"href":"https:\/\/chrono-scope.ch\/de\/wp-json\/wp\/v2\/types\/product"}],"version-history":[{"count":1,"href":"https:\/\/chrono-scope.ch\/de\/wp-json\/wp\/v2\/product\/12760\/revisions"}],"predecessor-version":[{"id":20084,"href":"https:\/\/chrono-scope.ch\/de\/wp-json\/wp\/v2\/product\/12760\/revisions\/20084"}],"wp:featuredmedia":[{"embeddable":true,"href":"https:\/\/chrono-scope.ch\/de\/wp-json\/wp\/v2\/media\/15669"}],"wp:attachment":[{"href":"https:\/\/chrono-scope.ch\/de\/wp-json\/wp\/v2\/media?parent=12760"}],"wp:term":[{"taxonomy":"product_brand","embeddable":true,"href":"https:\/\/chrono-scope.ch\/de\/wp-json\/wp\/v2\/product_brand?post=12760"},{"taxonomy":"product_cat","embeddable":true,"href":"https:\/\/chrono-scope.ch\/de\/wp-json\/wp\/v2\/product_cat?post=12760"},{"taxonomy":"product_tag","embeddable":true,"href":"https:\/\/chrono-scope.ch\/de\/wp-json\/wp\/v2\/product_tag?post=12760"}],"curies":[{"name":"wp","href":"https:\/\/api.w.org\/{rel}","templated":true}]}}