{"id":12378,"date":"2023-11-02T10:47:35","date_gmt":"2023-11-02T10:47:35","guid":{"rendered":"https:\/\/nakyxozy.cyon.site\/product\/rodania-vintage-geometer-albino-chronograph-reference-5621h\/"},"modified":"2024-07-08T15:04:52","modified_gmt":"2024-07-08T15:04:52","slug":"rodania-altertumliches-geometer-albino-chronograph-referenz-5621h","status":"publish","type":"product","link":"https:\/\/chrono-scope.ch\/de\/produkt\/rodania-altertumliches-geometer-albino-chronograph-referenz-5621h\/","title":{"rendered":"Rodania Vintage Geometer \u201cAlbino\u201d chronograph reference 5621H"},"content":{"rendered":"<p style=\"text-align: left\"><strong>MODELL<\/strong> \/ <strong>REFERENZ:<\/strong> Rodania Geometer Chronograph mit &#8222;Albino&#8220;-Zifferblatt, Referenz 5621H.<\/p>\n<p style=\"text-align: left\"><strong>ZIFFERN+ZEIGER:<\/strong><\/p>\n<ul>\n<li style=\"text-align: left\">Das silberne Zifferblatt konnte seine Originalit\u00e4t und Faszination bewahren und hat durch die nat\u00fcrliche Alterung eine leichte und gleichm\u00e4\u00dfige Blasenpatina auf der gesamten Oberfl\u00e4che erhalten. Der scharfe Aufdruck ist noch vollst\u00e4ndig, vom Text bis zur \u00e4u\u00dferen Sekundenspur.<\/li>\n<li style=\"text-align: left\">Die versenkten, motorisierten Hilfszifferbl\u00e4tter sind ebenfalls knackig und weisen einige Spuren und Flecken auf. Die breiten, mit Radium beschichteten Dauphine-Zeiger sind in gutem \u00e4sthetischen Zustand und korrekt zu dieser Referenz. Das Lumenmaterial ist konserviert und zu einem karamellisierten Ton gegerbt.<\/li>\n<li style=\"text-align: left\">Die Radium-Indizes sind gr\u00f6\u00dftenteils erhalten, mit Ausnahme der Indizes bei 3, 6, 7, 8 und 9 Uhr, die einen Luminanzverlust aufweisen. Ein Teil des Radiums ist nachgedunkelt, was den Charakter der Uhr unterstreicht, aber an anderen Stellen hat es eine karamellfarbene Patina angenommen, die zur Patina des Zeigers passt.<\/li>\n<li style=\"text-align: left\">Die Chronographen-Sekunden-, -Minuten- und -Stundenzeiger scheinen sp\u00e4ter ersetzt worden zu sein. Wir sind derzeit auf der Suche nach einem korrekten Chronographenzeigersatz.<\/li>\n<\/ul>\n<p style=\"text-align: left\"><strong>GLAS:<\/strong> Der Acrylkristall ist in sehr gutem Zustand und weist weder Chips noch gr\u00f6\u00dfere Kratzer auf.<\/p>\n<p style=\"text-align: left\"><strong>GEH\u00c4USE:<\/strong> Das Geometer-Geh\u00e4use aus Edelstahl hat einen Durchmesser von 38 mm und leicht nach unten gebogene Bandanst\u00f6\u00dfe, die sich sanft an das Handgelenk anschmiegen und einen hohen Tragekomfort bieten.<br \/>\nDie L\u00e4nge von Ansatz zu Ansatz betr\u00e4gt 45 mm.<br \/>\nWir k\u00f6nnen mit Sicherheit sagen, dass diese Uhr gut genutzt wurde, wie man an den zahlreichen &#8222;Kampfspuren&#8220; erkennen kann. Er hat ein starkes Profil und gleichm\u00e4\u00dfige Stollen.<\/p>\n<p style=\"text-align: left\"><strong>GEH\u00c4USEBODEN:<\/strong> Der verschraubte Geh\u00e4useboden aus Edelstahl hat eine charakteristische tetra-dekagonale Form und einige sichtbare Kratzer, aber keine gr\u00f6\u00dferen Sch\u00e4den. Genau wie das Geh\u00e4use scheint es zuvor leicht poliert worden zu sein. Das Medaillon von Rodania in der Mitte ist noch intakt und sehr gut ausgepr\u00e4gt. Die Innenseite ist sauber, mit einem konzentrischen Muster verziert und tr\u00e4gt die Briefmarken.<\/p>\n<p style=\"text-align: left\"><strong>KRONE<\/strong> + <strong>DR\u00dcCKER:<\/strong> Die gew\u00f6lbte Krone ist korrekt f\u00fcr diese &#8222;Albino&#8220;-Variante und tr\u00e4gt in der Mitte die Signatur von Rodania. Sie funktioniert tadellos, vom Aufziehen bis zur Zeiteinstellung. Die Pump-Chronographendr\u00fccker sind ebenfalls original, sie starten, stoppen und setzen das Chronographenmodul knackig zur\u00fcck.<\/p>\n<p style=\"text-align: left\"><strong>UHRWERK:<\/strong> Das Geh\u00e4use beherbergt ein modifiziertes Valjoux 72, das in drei Positionen justiert werden kann &#8211; ein Kunstst\u00fcck, das in den 1950er Jahren au\u00dferhalb von Rolex selten zu sehen war.<br \/>\nDas rhodinierte Kaliber mit Handaufzug verf\u00fcgt \u00fcber ein Chronographenlayout mit zwei Dr\u00fcckern und drei Registern sowie ein S\u00e4ulenrad. Sie verf\u00fcgt \u00fcber eine laufende kleine Sekunde bei 9 Uhr, einen zentralen Sekundenzeiger und zwei Hilfszifferbl\u00e4tter f\u00fcr die Aufzeichnung bei 3 bzw. 6 Uhr.<br \/>\nDieses gewaltige Uhrwerk ist signiert und wurde gepr\u00fcft. Sie l\u00e4uft gut, h\u00e4lt die Zeit gut und die Chronographenfunktionen funktionieren wie vorgesehen.<\/p>\n<p style=\"text-align: left\"><strong>BAND:<\/strong> Die Uhr ist mit einem handgefertigten 20-mm-Karamellarmband mit wei\u00dfen N\u00e4hten und einer unsignierten Dornschlie\u00dfe aus Edelstahl versehen.<\/p>\n<p style=\"text-align: left\"><strong>ZUBEH\u00d6R<\/strong>: Saffiano Leder Uhrenrolle.<\/p>\n<p style=\"text-align: left\"><strong>GARANTIE:<\/strong> Wir garantieren die Echtheit der Uhr. Au\u00dferdem gew\u00e4hren wir eine 12-monatige Garantie auf die einwandfreie Funktion dieses Zeitmessers. F\u00fcr alle Garantien gelten die Allgemeinen Gesch\u00e4ftsbedingungen.<br \/>\nBitte z\u00f6gern Sie nicht, Fragen zu stellen, wir werden sie gerne beantworten. Eine virtuelle oder pers\u00f6nliche Besichtigung ist nach Vereinbarung m\u00f6glich.<\/p>\n","protected":false},"excerpt":{"rendered":"<p style=\"text-align: left\"><strong>Rodania Geometer &#8222;Albino&#8220; Chronograph Referenz 5621H.<\/strong><br \/>\nWir sind stolz darauf, diesen sehr seltenen und raffinierten Geometer-Chronographen von Rodania anbieten zu k\u00f6nnen, ein Modell, das in der Uhrensammlergemeinde einen wohlverdienten Kultstatus genie\u00dft.<\/p>\n<p style=\"text-align: left\">Die Geometer wurde erstmals um 1954 vorgestellt, also drei Jahre vor der Einf\u00fchrung der urspr\u00fcnglichen Speedmaster 2915. In dieser chronologischen Perspektive m\u00f6gen einige Sammler argumentieren, dass der legend\u00e4re Geometer als die einflussreiche treibende Kraft hinter dem Designkonzept angesehen wird.<br \/>\nLeider wurde Rodania au\u00dferhalb der Geometer-Reihe nie ber\u00fchmt, w\u00e4hrend Omega mit der Speedmaster 2915 sehr erfolgreich war. Die Gesamtproduktion des Rodania Geometers wird von Wissenschaftlern auf weniger als tausend Exemplare gesch\u00e4tzt.<br \/>\nBitte lesen Sie den Zustandsbericht sorgf\u00e4ltig durch und betrachten Sie die hochaufl\u00f6senden Bilder, um den Gesamtzustand der Uhr zu beurteilen.<\/p>\n","protected":false},"featured_media":29477,"template":"","meta":{"om_disable_all_campaigns":false,"_monsterinsights_skip_tracking":false,"_monsterinsights_sitenote_active":false,"_monsterinsights_sitenote_note":"","_monsterinsights_sitenote_category":0},"product_brand":[],"product_cat":[74],"product_tag":[],"class_list":{"0":"post-12378","1":"product","2":"type-product","3":"status-publish","4":"has-post-thumbnail","6":"product_cat-vintage-de","8":"first","9":"instock","10":"taxable","11":"shipping-taxable","12":"purchasable","13":"product-type-simple"},"aioseo_notices":[],"_links":{"self":[{"href":"https:\/\/chrono-scope.ch\/de\/wp-json\/wp\/v2\/product\/12378","targetHints":{"allow":["GET"]}}],"collection":[{"href":"https:\/\/chrono-scope.ch\/de\/wp-json\/wp\/v2\/product"}],"about":[{"href":"https:\/\/chrono-scope.ch\/de\/wp-json\/wp\/v2\/types\/product"}],"version-history":[{"count":0,"href":"https:\/\/chrono-scope.ch\/de\/wp-json\/wp\/v2\/product\/12378\/revisions"}],"wp:featuredmedia":[{"embeddable":true,"href":"https:\/\/chrono-scope.ch\/de\/wp-json\/wp\/v2\/media\/29477"}],"wp:attachment":[{"href":"https:\/\/chrono-scope.ch\/de\/wp-json\/wp\/v2\/media?parent=12378"}],"wp:term":[{"taxonomy":"product_brand","embeddable":true,"href":"https:\/\/chrono-scope.ch\/de\/wp-json\/wp\/v2\/product_brand?post=12378"},{"taxonomy":"product_cat","embeddable":true,"href":"https:\/\/chrono-scope.ch\/de\/wp-json\/wp\/v2\/product_cat?post=12378"},{"taxonomy":"product_tag","embeddable":true,"href":"https:\/\/chrono-scope.ch\/de\/wp-json\/wp\/v2\/product_tag?post=12378"}],"curies":[{"name":"wp","href":"https:\/\/api.w.org\/{rel}","templated":true}]}}