{"id":12141,"date":"2023-10-19T12:26:44","date_gmt":"2023-10-19T12:26:44","guid":{"rendered":"https:\/\/nakyxozy.cyon.site\/product\/enicar-grapho-matic-chronograph-ref-134-01-01\/"},"modified":"2024-02-23T12:16:33","modified_gmt":"2024-02-23T12:16:33","slug":"enicar-grapho-matic-chronograph-ref-134-01-01","status":"publish","type":"product","link":"https:\/\/chrono-scope.ch\/de\/produkt\/enicar-grapho-matic-chronograph-ref-134-01-01\/","title":{"rendered":"SOLD &#8211; Enicar Grapho-Matic Chronograph Ref. 134.01.01"},"content":{"rendered":"<p style=\"text-align: left\"><strong>MODELL<\/strong> \/ <strong>REFERENZ:<\/strong> Enicar Automatik Chronograph ref. 134.01.01, Seriennummer 3&#8217;218&#8217;462<\/p>\n<p style=\"text-align: left\"><strong>ZIFFERBLATT:<\/strong> Schwarzes Zifferblatt in neuwertigem Zustand. Applied Enicar Saturn Log. Die Schrift ist klar und deutlich. Das Datenrad ist sauber.<br \/>\nDie aufgetragene Leuchtmasse auf den Indexen ist intakt. Das Tritium leuchtet, wenn es unter UV-Licht aktiviert wird, und verblasst dann.<\/p>\n<p style=\"text-align: left\"><strong>ZEIGER:<\/strong> Diese Version der Grapo-Matic verf\u00fcgt \u00fcber wei\u00dfe Chronographenzeiger und nicht \u00fcber die sonst \u00fcblichen orangefarbenen Zeiger. Der H\u00f6rer scheint korrekt zu sein, da andere Exemplare mit demselben H\u00f6rer in Sammlerkreisen gesehen wurden.<br \/>\nDie Tritiumstreifen der wei\u00dfen Stunden- und Minutenzeiger sind intakt und passen perfekt zur Farbe der Luminanzindexe.<\/p>\n<p style=\"text-align: left\"><strong>GEH\u00c4USE<\/strong>: Die siebziger Jahre bescherten uns eine gro\u00dfe Auswahl an flippigen Geh\u00e4usedesigns in allen Formen und Gr\u00f6\u00dfen. Die vorliegende Uhr ist da keine Ausnahme. Das zweiteilige, wasserdichte Stahlgeh\u00e4use in Tonneau-Form misst moderne 39 mm im Durchmesser und 43 mm von Ansatz zu Ansatz. Diese Sch\u00f6nheit schmiegt sich an das Handgelenk und l\u00e4sst sich bequem tragen, ohne die Pr\u00e4senz am Handgelenk zu beeintr\u00e4chtigen. Sie weist leichte Gebrauchsspuren auf, die dem Alter der Uhr entsprechen.<\/p>\n<p style=\"text-align: left\"><strong>GEH\u00c4USEBODEN:<\/strong> Der verschraubte Edelstahlboden mit 6 Kerben ist sehr gut erhalten und zeigt das Enicar &#8222;Flipper&#8220;-Medaillon. Die Innenseite ist mit Enicar und &#8222;2342&#8220; signiert.<\/p>\n<p style=\"text-align: left\"><strong>GLAS:<\/strong> Das Plexiglas ist gut erhalten und weist nur kleine Oberfl\u00e4chenkratzer auf.<\/p>\n<p style=\"text-align: left\"><strong>KRONE+DR\u00dcCKER:<\/strong> Die Enicar signiert Krone ist richtig, um die Uhr und funktioniert einwandfrei.die Pumpe Dr\u00fccker sind in gutem Zustand, ordnungsgem\u00e4\u00df funktioniert, vom Starten, Stoppen bis zum Zur\u00fccksetzen auf Null ohne irgendwelche Probleme.<\/p>\n<p style=\"text-align: left\"><strong>UHRWERK:<\/strong> Die Uhr wird von einem 17-steinigen Lemania-Kaliber 1341 angetrieben, einem Automatik-Chronographen mit Nockenhebel und Datumsschnellverstellung.<br \/>\nAlle Funktionen funktionieren einwandfrei, sowohl der Sekunden- als auch der Minutenzeiger stellen sich auf Null. Das Uhrwerk l\u00e4uft kr\u00e4ftig und h\u00e4lt die Zeit gut ein.<\/p>\n<p style=\"text-align: left\"><strong>BRACELET:<\/strong> Die Uhr wird an einem braunen Lederband mit signierter Enicar-Stahlschlie\u00dfe geliefert.<\/p>\n<p style=\"text-align: left\"><strong>ZUBEH\u00d6R:<\/strong> Saffiano Leder Uhrenrolle<\/p>\n<p><strong>GARANTIE:<\/strong> Wir garantieren die Echtheit der Uhr. Wir gew\u00e4hren au\u00dferdem 12 Monate Garantie auf die korrekte Funktion dieses Vintage-Zeitmessers. F\u00fcr alle Garantien gelten die Allgemeinen Gesch\u00e4ftsbedingungen.<br \/>\nBitte z\u00f6gern Sie nicht, Fragen zu stellen, wir werden sie gerne beantworten. Eine virtuelle oder pers\u00f6nliche Besichtigung ist nach Vereinbarung m\u00f6glich.<\/p>\n","protected":false},"excerpt":{"rendered":"<p style=\"text-align: left\">Wir sind stolz darauf, einen coolen <strong>Enicar Grapho-Matic<\/strong> Chronographen aus den 1970er Jahren mit Cal. Lemania 1341.<br \/>\nDas Highlight dieses flippigen Chronographen aus den 1970er Jahren ist das neuwertige Zifferblatt und das Lemania Cal. 1341 Uhrwerk. Die Uhr ist voll funktionsf\u00e4hig und wird mit 12 Monaten Garantie geliefert.<\/p>\n<p style=\"text-align: left\">Bitte lesen Sie den Zustandsbericht sorgf\u00e4ltig durch und betrachten Sie die hochaufl\u00f6senden Bilder, um den Gesamtzustand der Uhr zu beurteilen.<\/p>\n","protected":false},"featured_media":12127,"template":"","meta":{"om_disable_all_campaigns":false,"_monsterinsights_skip_tracking":false,"_monsterinsights_sitenote_active":false,"_monsterinsights_sitenote_note":"","_monsterinsights_sitenote_category":0},"product_brand":[],"product_cat":[71],"product_tag":[],"class_list":{"0":"post-12141","1":"product","2":"type-product","3":"status-publish","4":"has-post-thumbnail","6":"product_cat-verkaufte-uhren","8":"first","9":"instock","10":"taxable","11":"shipping-taxable","12":"purchasable","13":"product-type-simple"},"aioseo_notices":[],"_links":{"self":[{"href":"https:\/\/chrono-scope.ch\/de\/wp-json\/wp\/v2\/product\/12141","targetHints":{"allow":["GET"]}}],"collection":[{"href":"https:\/\/chrono-scope.ch\/de\/wp-json\/wp\/v2\/product"}],"about":[{"href":"https:\/\/chrono-scope.ch\/de\/wp-json\/wp\/v2\/types\/product"}],"version-history":[{"count":0,"href":"https:\/\/chrono-scope.ch\/de\/wp-json\/wp\/v2\/product\/12141\/revisions"}],"wp:featuredmedia":[{"embeddable":true,"href":"https:\/\/chrono-scope.ch\/de\/wp-json\/wp\/v2\/media\/12127"}],"wp:attachment":[{"href":"https:\/\/chrono-scope.ch\/de\/wp-json\/wp\/v2\/media?parent=12141"}],"wp:term":[{"taxonomy":"product_brand","embeddable":true,"href":"https:\/\/chrono-scope.ch\/de\/wp-json\/wp\/v2\/product_brand?post=12141"},{"taxonomy":"product_cat","embeddable":true,"href":"https:\/\/chrono-scope.ch\/de\/wp-json\/wp\/v2\/product_cat?post=12141"},{"taxonomy":"product_tag","embeddable":true,"href":"https:\/\/chrono-scope.ch\/de\/wp-json\/wp\/v2\/product_tag?post=12141"}],"curies":[{"name":"wp","href":"https:\/\/api.w.org\/{rel}","templated":true}]}}