{"id":11841,"date":"2023-10-12T11:56:34","date_gmt":"2023-10-12T11:56:34","guid":{"rendered":"https:\/\/nakyxozy.cyon.site\/product\/heuer-multiscale-gilt-dial-chronograph-ref-2403-14k-gold\/"},"modified":"2024-10-09T10:15:09","modified_gmt":"2024-10-09T10:15:09","slug":"heuer-multiscale-gilt-dial-chronograph-ref-2403-14k-gold","status":"publish","type":"product","link":"https:\/\/chrono-scope.ch\/de\/produkt\/heuer-multiscale-gilt-dial-chronograph-ref-2403-14k-gold\/","title":{"rendered":"SOLD &#8211; Heuer Multiscale gilt dial chronograph Ref. 2403, 14k gold"},"content":{"rendered":"<p style=\"text-align: left\"><strong>MODELL \/ REFERENZ:<\/strong> Heuer Multiskalen-Chronograph mit vergoldetem Zifferblatt aus 14k Gelbgold, Referenz 2403. Die Seriennummer lautet 37&#8217;177.<\/p>\n<p style=\"text-align: left\"><strong>ZIFFERN+ZEIGER:<\/strong> Das wundersch\u00f6ne schwarze Zifferblatt ist sch\u00f6n gestaltet, ohne die Ablesbarkeit zu beeintr\u00e4chtigen, dank der intakten, kontrastreichen Goldpr\u00e4gung und der &#8222;gro\u00dfen Augen&#8220;, die auf die \u00fcbergro\u00dfen Hilfszifferbl\u00e4tter bei drei und neun Uhr verweisen.<br \/>\nIrgendwie bleibt das Zifferblatt nicht nur unglaublich intakt ohne Kratzer oder Flecken; Es hat eine reiche und charmante &#8222;tropische&#8220; Flecken Patina entwickelt, die mit seinem Alter \u00fcbereinstimmt.<br \/>\nDie 1\/5-Minuteneinteilung in der Mitte ist mit auff\u00e4lligen arabischen Ziffern versehen und von einer Telemeter- bzw. Tachymeterskala umgeben, die die Messung der Entfernung zwischen zwei Ereignissen und der Geschwindigkeit \u00fcber eine bekannte Strecke erm\u00f6glicht. Sie sind wundersch\u00f6n inszeniert und ihre Ausf\u00fchrung ist geradezu spektakul\u00e4r.<br \/>\nDie vergoldeten Blattzeiger scheinen zur Uhr zu passen, heben sich sch\u00f6n von der schwarzen Farbe des Zifferblatts ab und weisen leichte Altersspuren auf.<\/p>\n<p style=\"text-align: left\"><strong>GLAS:<\/strong> Das unsignierte Acrylglas ist neu eingesetzt und ein originalgetreuer Ersatz f\u00fcr das Original. Es ist in einem ausgezeichneten \u00e4sthetischen Zustand. Alle Flecken, die Sie auf den Bildern sehen k\u00f6nnen, wurden vor dem Austausch des Glases aufgenommen.<\/p>\n<p style=\"text-align: left\"><strong>GEH\u00c4USE:<\/strong> Das dreiteilige Geh\u00e4use aus 14-kar\u00e4tigem Gelbgold hat eine elegante Pr\u00e4senz am Handgelenk mit einem Durchmesser von 38 mm von Ansatz zu Ansatz und einem Sweet-Spot-Durchmesser von 33 mm f\u00fcr jeden Baby-Chronographen-Liebhaber.<br \/>\nDas Geh\u00e4use ist in Anbetracht seines Alters immer noch in einem erstaunlichen Zustand und weist keine Anzeichen von \u00dcberpolitur auf, mit starken Profillinien, sogar nach unten gebogenen Bandanst\u00f6\u00dfen und einer abgeschr\u00e4gten L\u00fcnette. Es gibt eine unauff\u00e4llige Markierung bei 7 Uhr auf der L\u00fcnette und einige Sch\u00e4den an der rechten unteren Lasche. Bitte sehen Sie sich die Bilder an.<\/p>\n<p style=\"text-align: left\"><strong>GEH\u00c4USEBODEN:<\/strong> Der aufschnappbare Geh\u00e4useboden aus massivem 14-kar\u00e4tigem Gelbgold wurde leicht poliert und befindet sich daher in einem guten \u00e4sthetischen Zustand, der keine auff\u00e4lligen Kratzer oder Spuren aufweist.<br \/>\nDie Innenseite ist sauber und tr\u00e4gt einige auff\u00e4llige Gebrauchsspuren sowie die zeitgem\u00e4\u00dfen Punzen und Stempel wie die Seriennummer des Geh\u00e4uses und einen Hammerkopf &#8222;Poin\u00e7on de Ma\u00eetre&#8220;, der den Hersteller des Geh\u00e4uses angibt: Baumann, Benguerel &amp; Co.<\/p>\n<p style=\"text-align: left\"><strong>KRONE + DR\u00dcCKER:<\/strong> Die geriffelte, flache Krone ist unsigniert und scheint ein zeitgem\u00e4\u00dfer Ersatz zu sein. Sie ist in gutem Zustand und funktioniert einwandfrei, vom Aufziehen bis zur Zeiteinstellung.<br \/>\nDie goldfarbenen Olivendr\u00fccker funktionieren wie vorgesehen, indem sie die Chronographenfunktionen starten, stoppen und zur\u00fccksetzen.<\/p>\n<p style=\"text-align: left\"><strong>UHRWERK:<\/strong> Das hochwertige Kaliber Landeron 13 mit Handaufzug und S\u00e4ulenrad verf\u00fcgt \u00fcber einen Chronographen mit zwei Registern und zwei Dr\u00fcckern, einer konstanten Sekunde bei 9 Uhr und einem 30-Minuten-Totalisator bei 3 Uhr.<br \/>\nSie wurde vor kurzem von unserem Uhrmacher gewartet, daher tickt sie stark, h\u00e4lt die Zeit gut und das Chronographenmodul funktioniert einwandfrei.<\/p>\n<p><strong>BAND:<\/strong> Dieser Chronograph wird mit einem 18 mm breiten, echten Eidechsenarmband in Schwarz und einer unsignierten goldenen Dornschlie\u00dfe ausgeliefert. Bitte beachten Sie, dass einige Bilder ein altes Lederband zeigen, das inzwischen ersetzt wurde.<\/p>\n<p style=\"text-align: left\"><strong>ZUBEH\u00d6R<\/strong>: Saffiano Leder Uhrenrolle.<\/p>\n<p style=\"text-align: left\"><strong>GARANTIE:<\/strong> Wir garantieren die Echtheit der Uhr. Au\u00dferdem gew\u00e4hren wir 12 Monate Garantie auf die einwandfreie Funktion dieses Zeitmessers. F\u00fcr alle Garantien gelten die Allgemeinen Gesch\u00e4ftsbedingungen<br \/>\nBitte z\u00f6gern Sie nicht, Fragen zu stellen, wir werden sie gerne beantworten. Eine virtuelle oder pers\u00f6nliche Besichtigung ist nach Vereinbarung m\u00f6glich.<\/p>\n","protected":false},"excerpt":{"rendered":"<p style=\"text-align: left\"><strong>14k Gelbgold Heuer &#8211; Multiskala vergoldetes Zifferblatt Chronograph Ref. 2403.<\/strong><\/p>\n<p style=\"text-align: left\">Wir sind stolz darauf, Ihnen diesen originalen Chronographen im milit\u00e4rischen Stil aus dem Hause Heuer pr\u00e4sentieren zu k\u00f6nnen. Dieser Chronograph im Milit\u00e4rstil aus der Mitte der 1930er Jahre mit vergoldetem, schwarzem Zifferblatt und massivem Goldgeh\u00e4use ist ein Beispiel f\u00fcr den Einfluss sportlicher Z\u00fcge auf edlere Metalle &#8211; ein Trend, der nach dem Zweiten Weltkrieg von zahlreichen Herstellern aufgegriffen wurde.<\/p>\n<p style=\"text-align: left\">Dank seiner \u00fcberzeugenden Merkmale aus den 1930er Jahren und seines hervorragenden Zustands hat es sowohl \u00e4sthetisch als auch technisch viel zu bieten. Dar\u00fcber hinaus macht die extreme Seltenheit dieser Konfiguration diesen Chronographen schon sehr interessant.<br \/>\nDieses sch\u00f6ne und seltene Relikt aus dem goldenen Zeitalter der Chronographenproduktion hat den Test der Zeit bestanden und zeugt von Heuers erfolgreichem Versuch, sch\u00f6ne \u00c4sthetik und technisches K\u00f6nnen auf eine Art und Weise zu verbinden, die mit Sicherheit begeistern wird.<br \/>\nBitte lesen Sie den Zustandsbericht sorgf\u00e4ltig durch und betrachten Sie die hochaufl\u00f6senden Bilder, um den Gesamtzustand der Uhr zu beurteilen. Bitte beachten Sie, dass einige Bilder die Uhr vor dem Polieren des Plexiglases zeigen.<\/p>\n","protected":false},"featured_media":15784,"template":"","meta":{"om_disable_all_campaigns":false,"_monsterinsights_skip_tracking":false,"_monsterinsights_sitenote_active":false,"_monsterinsights_sitenote_note":"","_monsterinsights_sitenote_category":0},"product_brand":[],"product_cat":[71],"product_tag":[],"class_list":{"0":"post-11841","1":"product","2":"type-product","3":"status-publish","4":"has-post-thumbnail","6":"product_cat-verkaufte-uhren","8":"first","9":"instock","10":"taxable","11":"shipping-taxable","12":"purchasable","13":"product-type-simple"},"aioseo_notices":[],"_links":{"self":[{"href":"https:\/\/chrono-scope.ch\/de\/wp-json\/wp\/v2\/product\/11841","targetHints":{"allow":["GET"]}}],"collection":[{"href":"https:\/\/chrono-scope.ch\/de\/wp-json\/wp\/v2\/product"}],"about":[{"href":"https:\/\/chrono-scope.ch\/de\/wp-json\/wp\/v2\/types\/product"}],"version-history":[{"count":1,"href":"https:\/\/chrono-scope.ch\/de\/wp-json\/wp\/v2\/product\/11841\/revisions"}],"predecessor-version":[{"id":19329,"href":"https:\/\/chrono-scope.ch\/de\/wp-json\/wp\/v2\/product\/11841\/revisions\/19329"}],"wp:featuredmedia":[{"embeddable":true,"href":"https:\/\/chrono-scope.ch\/de\/wp-json\/wp\/v2\/media\/15784"}],"wp:attachment":[{"href":"https:\/\/chrono-scope.ch\/de\/wp-json\/wp\/v2\/media?parent=11841"}],"wp:term":[{"taxonomy":"product_brand","embeddable":true,"href":"https:\/\/chrono-scope.ch\/de\/wp-json\/wp\/v2\/product_brand?post=11841"},{"taxonomy":"product_cat","embeddable":true,"href":"https:\/\/chrono-scope.ch\/de\/wp-json\/wp\/v2\/product_cat?post=11841"},{"taxonomy":"product_tag","embeddable":true,"href":"https:\/\/chrono-scope.ch\/de\/wp-json\/wp\/v2\/product_tag?post=11841"}],"curies":[{"name":"wp","href":"https:\/\/api.w.org\/{rel}","templated":true}]}}