{"id":11560,"date":"2023-10-05T11:47:17","date_gmt":"2023-10-05T11:47:17","guid":{"rendered":"https:\/\/nakyxozy.cyon.site\/product\/universal-geneve-onyx-zifferblatt-18k-dress-watch-ref-110820\/"},"modified":"2023-10-11T11:31:26","modified_gmt":"2023-10-11T11:31:26","slug":"universal-geneve-onyx-dial-18k-dress-watch-ref-110820","status":"publish","type":"product","link":"https:\/\/chrono-scope.ch\/de\/produkt\/universal-geneve-onyx-dial-18k-dress-watch-ref-110820\/","title":{"rendered":"Universal Gen\u00e8ve Onyx dial 18k Dress Watch ref. 110820"},"content":{"rendered":"<p style=\"text-align: left\"><strong>MODELL<\/strong> \/ <strong>REFERENZ:<\/strong> Universal Gen\u00e8ve 18k Gelbgold Dress Watch Referenz 110820.<\/p>\n<p style=\"text-align: left\"><strong>ZIFFERN+ZEIGER:<\/strong> Die saubere, gl\u00e4nzende Oberfl\u00e4che wird durch einen gestochen scharfen, wei\u00dfen Text erg\u00e4nzt. Zusammen mit den korrekten wei\u00dfen Zeigern in sch\u00f6nem Zustand bildet das Ensemble einen sch\u00f6nen Kontrast zur schwarzen Farbe des Zifferblattes.<\/p>\n<p style=\"text-align: left\"><strong>GLAS:<\/strong> Das Mineralglas ist makellos ohne sichtbare Kratzer.<\/p>\n<p style=\"text-align: left\"><strong>GEH\u00c4USE:<\/strong> Das schlanke Geh\u00e4use aus massivem Gold misst 22 mm im Durchmesser und 32 mm von Bandansto\u00df zu Bandansto\u00df. Die hochgezogene L\u00fcnette tr\u00e4gt zu einem hervorragenden Design bei, das Generationen \u00fcberdauert. Die Oberfl\u00e4che weist durchg\u00e4ngig leichte Gebrauchsspuren auf, die dem Alter und dem sorgf\u00e4ltigen Gebrauch entsprechen, aber keine Anzeichen f\u00fcr eine \u00fcberm\u00e4\u00dfige Politur aufweisen, da sie ihre vertikale, geb\u00fcrstete Oberfl\u00e4che, eine scharfe Punzierung an der Seite und gut definierte Fasen an den Seiten behalten hat.<\/p>\n<p style=\"text-align: left\"><strong>GEH\u00c4USEBODEN:<\/strong> Der Druckgussboden ist in gutem Zustand, was man an den R\u00fcckst\u00e4nden des Aufklebers und dem sch\u00f6nen, vertikal geb\u00fcrsteten Finish erkennen kann. Die gestempelte Referenznummer ist etwas verblasst. Die verzierte Innenseite ist sauber und tr\u00e4gt die korrekten Stempel der Zeit. Die Poin\u00e7on de Ma\u00eetre tr\u00e4gt die Nummer 38, die auf den Hersteller des Geh\u00e4uses hinweist: Max Fuchs S.A.<\/p>\n<p style=\"text-align: left\"><strong>KRONE:<\/strong> Die Originalkrone tr\u00e4gt die Signatur der Marke und funktioniert einwandfrei.<\/p>\n<p style=\"text-align: left\"><strong>UHRWERK:<\/strong> Das hauseigene Kaliber 1-42 ist ein zuverl\u00e4ssiges Uhrwerk mit Handaufzug, 17 Steinen und einer Incabloc-Sto\u00dfsicherung. Das nummerierte Kaliber befindet sich in einem ausgezeichneten mechanischen Zustand, l\u00e4sst sich problemlos aufziehen und h\u00e4lt die Zeit gut ein.<\/p>\n<p style=\"text-align: left\"><strong>BAND:<\/strong> Das schwarze Krokodillederband ist mit Universal Gen\u00e8ve signiert. Es wurde kaum getragen und wird mit einer originalen, goldenen Dornschlie\u00dfe geliefert.<\/p>\n<p style=\"text-align: left\"><strong>ZUBEH\u00d6R:<\/strong> Saffiano Leder Uhrenrolle.<\/p>\n<p style=\"text-align: left\">Diese Universal Gen\u00e8ve Dress Watch ist eine gute Wahl f\u00fcr alle, die etwas Seltenes und Zeitloses suchen. Das Zifferblatt, die Krone, der Geh\u00e4useboden, das Uhrwerk und die Schlie\u00dfe sind mit Universal Gen\u00e8ve signiert. Die Uhr ist voll funktionsf\u00e4hig und kann sofort getragen werden.<\/p>\n<p style=\"text-align: left\"><strong>GARANTIE:<\/strong> Wir garantieren die Echtheit der Uhr. Au\u00dferdem gew\u00e4hren wir 12 Monate Garantie auf die einwandfreie Funktion dieses Zeitmessers. F\u00fcr alle Garantien gelten die Allgemeinen Gesch\u00e4ftsbedingungen. Bitte z\u00f6gern Sie nicht, Fragen zu stellen, wir werden sie gerne beantworten. Eine virtuelle oder pers\u00f6nliche Besichtigung ist nach Vereinbarung m\u00f6glich.<\/p>\n<p style=\"text-align: left\">Inventarnummer: MD-S6<\/p>\n","protected":false},"excerpt":{"rendered":"<p>Wir sind stolz darauf, Ihnen diese elegante Armbanduhr von Universal Gen\u00e8ve mit einem seltenen Onyx-Zifferblatt anbieten zu k\u00f6nnen. Dieses Beispiel verk\u00f6rpert die F\u00e4higkeit von UG, attraktives Design mit unkonventionellen Materialien zu kombinieren. Diese Uhr ist Teil eines Sets von sechs Universal Geneve Uhren mit Steinzifferblatt und wird als Set angeboten. Bitte fragen Sie uns nach Preisen und Details.<\/p>\n<p>Bitte lesen Sie den Zustandsbericht sorgf\u00e4ltig durch und betrachten Sie die hochaufl\u00f6senden Bilder, um den Gesamtzustand der Uhr zu beurteilen.<\/p>\n","protected":false},"featured_media":11528,"template":"","meta":{"om_disable_all_campaigns":false,"_monsterinsights_skip_tracking":false,"_monsterinsights_sitenote_active":false,"_monsterinsights_sitenote_note":"","_monsterinsights_sitenote_category":0},"product_brand":[],"product_cat":[113,112,74],"product_tag":[],"class_list":{"0":"post-11560","1":"product","2":"type-product","3":"status-publish","4":"has-post-thumbnail","6":"product_cat-stonedials-de","7":"product_cat-universal-geneve-de","8":"product_cat-vintage-de","10":"first","11":"instock","12":"taxable","13":"shipping-taxable","14":"purchasable","15":"product-type-simple"},"aioseo_notices":[],"_links":{"self":[{"href":"https:\/\/chrono-scope.ch\/de\/wp-json\/wp\/v2\/product\/11560","targetHints":{"allow":["GET"]}}],"collection":[{"href":"https:\/\/chrono-scope.ch\/de\/wp-json\/wp\/v2\/product"}],"about":[{"href":"https:\/\/chrono-scope.ch\/de\/wp-json\/wp\/v2\/types\/product"}],"version-history":[{"count":0,"href":"https:\/\/chrono-scope.ch\/de\/wp-json\/wp\/v2\/product\/11560\/revisions"}],"wp:featuredmedia":[{"embeddable":true,"href":"https:\/\/chrono-scope.ch\/de\/wp-json\/wp\/v2\/media\/11528"}],"wp:attachment":[{"href":"https:\/\/chrono-scope.ch\/de\/wp-json\/wp\/v2\/media?parent=11560"}],"wp:term":[{"taxonomy":"product_brand","embeddable":true,"href":"https:\/\/chrono-scope.ch\/de\/wp-json\/wp\/v2\/product_brand?post=11560"},{"taxonomy":"product_cat","embeddable":true,"href":"https:\/\/chrono-scope.ch\/de\/wp-json\/wp\/v2\/product_cat?post=11560"},{"taxonomy":"product_tag","embeddable":true,"href":"https:\/\/chrono-scope.ch\/de\/wp-json\/wp\/v2\/product_tag?post=11560"}],"curies":[{"name":"wp","href":"https:\/\/api.w.org\/{rel}","templated":true}]}}