{"id":11425,"date":"2023-10-05T10:34:33","date_gmt":"2023-10-05T10:34:33","guid":{"rendered":"https:\/\/nakyxozy.cyon.site\/product\/universal-geneve-malachit-zifferblatt-18k-panzeruhr-ref-1404m\/"},"modified":"2024-11-04T09:58:22","modified_gmt":"2024-11-04T09:58:22","slug":"universal-geneve-malachit-zifferblatt-18k-tankuhr-ref-1404m","status":"publish","type":"product","link":"https:\/\/chrono-scope.ch\/de\/produkt\/universal-geneve-malachit-zifferblatt-18k-tankuhr-ref-1404m\/","title":{"rendered":"SOLD &#8211; Universal Gen\u00e8ve Malachite dial 18K tank watch ref. 1404M"},"content":{"rendered":"<p style=\"text-align: left\"><strong>MODELL<\/strong> \/ REFERENZ: Universal Gen\u00e8ve massives Gelbgold Tankuhr Ref. 1404M.<\/p>\n<p style=\"text-align: left\"><strong>ZIFFERN+ZEIGER:<\/strong> Das Zifferblatt dieser Uhr besticht durch sein klares Gesamtbild. Er ist elegant und minimalistisch gehalten, um die Sch\u00f6nheit des Malachits hervorzuheben. Sie ist im Originalzustand erhalten, weist keine Risse oder Besch\u00e4digungen auf und hat eine warme Alterspatina, die von einem sehr scharfen und vollst\u00e4ndigen wei\u00dfen Aufdruck gekr\u00f6nt wird. Zusammen mit den wei\u00dfen Zeigern bildet das Ensemble einen sch\u00f6nen Kontrast zu den verschiedenen Gr\u00fcnt\u00f6nen des Hartsteins.<\/p>\n<p style=\"text-align: left\"><strong>GLAS:<\/strong> Das Mineralglas ist in einwandfreiem Zustand ohne erkennbare M\u00e4ngel.<\/p>\n<p style=\"text-align: left\"><strong>GEH\u00c4USE:<\/strong> Das tonneau Geh\u00e4use aus massivem Gelbgold ist 22 mm breit und misst 30 mm von Ansatz zu Ansatz. Wahrscheinlich ist es unpoliert, da es ein starkes Profil mit einer gut definierten Oberfl\u00e4che und intakten Schrauben an der Seite aufweist. Die Oberfl\u00e4che weist f\u00fcr das Alter minimale Gebrauchsspuren auf, die einem sorgf\u00e4ltigen Gebrauch entsprechen.<\/p>\n<p style=\"text-align: left\"><strong>GEH\u00c4USEBODEN:<\/strong> Der Geh\u00e4useboden besteht aus massivem Gelbgold und ist sehr gut erhalten, da die vertikale, geb\u00fcrstete Oberfl\u00e4che und die klar eingepr\u00e4gte Referenznummer unver\u00e4ndert zu sein scheinen. Die Oberfl\u00e4che weist jedoch durchg\u00e4ngig einige kleine Haarkratzer sowie Kleber\u00fcckst\u00e4nde des Schutzaufklebers auf. Die Innenseite ist sauber und tr\u00e4gt alle zeitgem\u00e4\u00dfen Stempel. Die Poin\u00e7on de Ma\u00eetre tr\u00e4gt die Nummer 38, die auf den Hersteller des Geh\u00e4uses hinweist: Max Fuchs S.A.<\/p>\n<p style=\"text-align: left\"><strong>KRONE:<\/strong> Die Originalkrone tr\u00e4gt die Signatur der Marke und funktioniert einwandfrei.<\/p>\n<p style=\"text-align: left\"><strong>UHRWERK:<\/strong> Das hauseigene Kaliber 1-43 ist ein zuverl\u00e4ssiges Uhrwerk mit Handaufzug, 17 Steinen und einer Incabloc-Sto\u00dfsicherung. Das nummerierte Kaliber befindet sich in einem ausgezeichneten mechanischen Zustand, l\u00e4sst sich problemlos aufziehen und h\u00e4lt die Zeit gut.<\/p>\n<p style=\"text-align: left\"><strong>ARMBAND:<\/strong> Das echte braune Eidechsenlederband ist mit Universal Gen\u00e8ve signiert. Sie ist leicht abgenutzt und wird mit einer originalen, goldenen Dornschlie\u00dfe geliefert.<\/p>\n<p style=\"text-align: left\"><strong>ZUBEH\u00d6R:<\/strong> Saffiano Leder Uhrenrolle. Das Zifferblatt, die Krone, der Geh\u00e4useboden, das Uhrwerk und die Schlie\u00dfe sind signiert. Die Uhr ist voll funktionsf\u00e4hig und kann sofort getragen werden.<\/p>\n<p style=\"text-align: left\"><strong>GARANTIE:<\/strong> Wir garantieren die Echtheit der Uhr. Au\u00dferdem gew\u00e4hren wir 12 Monate Garantie auf die einwandfreie Funktion dieses Zeitmessers. F\u00fcr alle Garantien gelten die Allgemeinen Gesch\u00e4ftsbedingungen. Bitte z\u00f6gern Sie nicht, Fragen zu stellen, wir werden sie gerne beantworten. Eine virtuelle oder pers\u00f6nliche Besichtigung ist nach Vereinbarung m\u00f6glich. Inventarnummer: MD-S3<\/p>\n","protected":false},"excerpt":{"rendered":"<p style=\"text-align: left\">Wir sind stolz darauf, Ihnen diesen charismatischen Tank aus massivem Gold mit einem verf\u00fchrerischen Malachit-Zifferblatt anbieten zu k\u00f6nnen, der von einer der renommiertesten Schweizer Manufakturen des 20: Universal Gen\u00e8ve. Diese Uhr ist Teil eines Sets von sechs Universal Geneve Uhren mit Steinzifferblatt und wird als Set angeboten. Bitte fragen Sie uns nach Preisen und Details.<\/p>\n<p style=\"text-align: left\">Es sind nicht nur Marken wie Piaget und Cartier, die im letzten halben Jahrhundert ausgefallene und skurril geformte Uhren hergestellt haben. Die vorliegende Universal Gen\u00e8ve aus den 1970er-Jahren ist eine der \u00fcberzeugendsten und ehrlichsten Konfigurationen, die je geschaffen wurden. Mit ihrem massiven Goldgeh\u00e4use und dem Malachit-Zifferblatt gibt es nichts Besseres.<\/p>\n<p style=\"text-align: left\">Bitte lesen Sie den Zustandsbericht sorgf\u00e4ltig durch und betrachten Sie die hochaufl\u00f6senden Bilder, um den Gesamtzustand der Uhr zu beurteilen.<\/p>\n","protected":false},"featured_media":11411,"template":"","meta":{"om_disable_all_campaigns":false,"_monsterinsights_skip_tracking":false,"_monsterinsights_sitenote_active":false,"_monsterinsights_sitenote_note":"","_monsterinsights_sitenote_category":0},"product_brand":[],"product_cat":[71],"product_tag":[],"class_list":{"0":"post-11425","1":"product","2":"type-product","3":"status-publish","4":"has-post-thumbnail","6":"product_cat-verkaufte-uhren","8":"first","9":"instock","10":"taxable","11":"shipping-taxable","12":"purchasable","13":"product-type-simple"},"aioseo_notices":[],"_links":{"self":[{"href":"https:\/\/chrono-scope.ch\/de\/wp-json\/wp\/v2\/product\/11425","targetHints":{"allow":["GET"]}}],"collection":[{"href":"https:\/\/chrono-scope.ch\/de\/wp-json\/wp\/v2\/product"}],"about":[{"href":"https:\/\/chrono-scope.ch\/de\/wp-json\/wp\/v2\/types\/product"}],"version-history":[{"count":3,"href":"https:\/\/chrono-scope.ch\/de\/wp-json\/wp\/v2\/product\/11425\/revisions"}],"predecessor-version":[{"id":20082,"href":"https:\/\/chrono-scope.ch\/de\/wp-json\/wp\/v2\/product\/11425\/revisions\/20082"}],"wp:featuredmedia":[{"embeddable":true,"href":"https:\/\/chrono-scope.ch\/de\/wp-json\/wp\/v2\/media\/11411"}],"wp:attachment":[{"href":"https:\/\/chrono-scope.ch\/de\/wp-json\/wp\/v2\/media?parent=11425"}],"wp:term":[{"taxonomy":"product_brand","embeddable":true,"href":"https:\/\/chrono-scope.ch\/de\/wp-json\/wp\/v2\/product_brand?post=11425"},{"taxonomy":"product_cat","embeddable":true,"href":"https:\/\/chrono-scope.ch\/de\/wp-json\/wp\/v2\/product_cat?post=11425"},{"taxonomy":"product_tag","embeddable":true,"href":"https:\/\/chrono-scope.ch\/de\/wp-json\/wp\/v2\/product_tag?post=11425"}],"curies":[{"name":"wp","href":"https:\/\/api.w.org\/{rel}","templated":true}]}}