{"id":11235,"date":"2023-09-28T12:36:13","date_gmt":"2023-09-28T12:36:13","guid":{"rendered":"https:\/\/nakyxozy.cyon.site\/product\/rolex-vintage-datejust-ref-1601-sigma-dial-1975-box\/"},"modified":"2023-11-03T12:22:59","modified_gmt":"2023-11-03T12:22:59","slug":"rolex-vintage-datejust-ref-1601-sigma-dial-1975-box","status":"publish","type":"product","link":"https:\/\/chrono-scope.ch\/de\/produkt\/rolex-vintage-datejust-ref-1601-sigma-dial-1975-box\/","title":{"rendered":"SOLD &#8211; Rolex Vintage Datejust Ref. 1601 \u201csigma\u201d dial, 1975, box"},"content":{"rendered":"<p style=\"text-align: left\"><strong>SPEZIFIKATIONEN; ZUSTANDSBERICHT;<\/strong> bitte sehen Sie sich die hochaufl\u00f6senden Bilder an, um den Zustand der Uhr zu beurteilen.<\/p>\n<p style=\"text-align: left\"><strong>MODELL<\/strong> \/ <strong>REFERENZ:<\/strong> Rolex Datejust Ref. 1601. Die Seriennummer 3\u2019988\u2019XXX datiert die Produktion der Uhr auf ca. 1975.<\/p>\n<p style=\"text-align: left\"><strong>ZIFFERBLATT+ZEIGER:<\/strong> silbernes \u201eSigma\u201c-Zifferblatt in neuwertigem Zustand. Die Tritiumpunkte sind alle vorhanden und intakt. Die Schrift ist klar und deutlich. Das Datumsrad ist sauber. Die Leuchtmasse hat einen sch\u00f6nen braunen Farbton angenommen.<\/p>\n<p style=\"text-align: left\">Der Zeiger hat die urspr\u00fcngliche<em> Tritium-Lampe<\/em> behalten, die einen gelben Farbton angenommen hat.<\/p>\n<p style=\"text-align: left\">Bei Aktivierung eines UV-Lichts leuchten die Tritiumpunkte und die Zeiger auf und erl\u00f6schen dann.<\/p>\n<p style=\"text-align: left\"><strong>DATUM:<\/strong> Das Datumsrad ist sauber und der Druck gestochen scharf.<\/p>\n<p style=\"text-align: left\"><strong>BEZEL:<\/strong> Wei\u00dfgold-L\u00fcnette in gutem Zustand mit nur leichten Gebrauchsspuren<\/p>\n<p style=\"text-align: left\"><strong>GLAS:<\/strong> Plexiglas in gutem Zustand mit leichten Oberfl\u00e4chenkratzern..<\/p>\n<p style=\"text-align: left\"><strong>GEH\u00c4USE:<\/strong> 36 mm (ca.) Edelstahlgeh\u00e4use in gutem Zustand mit Gebrauchsspuren, die dem Alter der Uhr entsprechen. <em>Die Nasen sind knackig<\/em>. Die Referenz und die Gravur der Seriennummer zwischen den Bandanst\u00f6\u00dfen sind absolut scharf.<\/p>\n<p style=\"text-align: left\">Die Gr\u00f6\u00dfe von Bandanstoss zu Bandanstoss betr\u00e4gt 42 mm, Ansatzbreite 20 mm, Dicke ca. 11 mm.<\/p>\n<p style=\"text-align: left\"><strong>GEH\u00c4USEBODEN:<\/strong> Originaler Edelstahlboden in gutem Zustand. Der innere Geh\u00e4useboden ist werkseitig graviert und tr\u00e4gt die Referenznummer<\/p>\n<p style=\"text-align: left\"><strong>KRONE:<\/strong> Rolex Twinlock verschraubte Krone<\/p>\n<p style=\"text-align: left\"><strong>UHRWERK<\/strong> und <strong>FUNKTION:<\/strong> sauberes und voll funktionsf\u00e4higes Automatikwerk Kal. 1570, 26 Lagersteine, 19800 Umdrehungen pro Minute. Das Uhrwerk l\u00e4uft kr\u00e4ftig und h\u00e4lt die Zeit gut ein. Uhrwerk Seriennummer D699365.<\/p>\n<p style=\"text-align: left\"><strong>BRACELET:<\/strong> Rolex Jubilee-Armband 62510H mit 55 Endgliedern. Das Armband ist in zeigt Stretch wie \u00fcblich mit Stahlarmb\u00e4nder aus dieser Zeit. Es passt derzeit ein Handgelenk von ca. 18,5 cm.<\/p>\n<p style=\"text-align: left\"><strong>ZUBEH\u00d6R:<\/strong> Rolex Vintage Box<\/p>\n<p style=\"text-align: left\"><strong>GARANTIE:<\/strong> Wir garantieren die Echtheit der Uhr. Wir gew\u00e4hren au\u00dferdem 12 Monate Garantie auf die korrekte Funktion dieses Zeitmessers. Alle Garantien unterliegen den Allgemeinen Gesch\u00e4ftsbedingungen von ChronoScope Collector Watches, Schweiz.<\/p>\n<p style=\"text-align: left\">Bitte z\u00f6gern Sie nicht, Fragen zu stellen, wir werden sie gerne beantworten.<\/p>\n","protected":false},"excerpt":{"rendered":"<p>Zu verkaufen <strong>Rolex Datejust Ref. 1601 von 1975<\/strong> in ausgezeichnetem Vintage-Zustand. Das Highlight dieser klassischen Sch\u00f6nheit ist das silberne \u201eSigma\u201c-Zifferblatt in originalem und nahezu neuwertigem Zustand. Diese klassische Rolex kommt nie aus der Mode und bietet immer noch ein gutes Preis-Leistungs-Verh\u00e4ltnis.<\/p>\n<p>Zifferblatt, Krone, Geh\u00e4useboden, Uhrwerk und Armband sind signiert. Die Uhr ist in einem ausgezeichneten Vintage-Zustand, voll funktionsf\u00e4hig und wird mit einer 12-monatigen Garantie geliefert.<\/p>\n","protected":false},"featured_media":11217,"template":"","meta":{"om_disable_all_campaigns":false,"_monsterinsights_skip_tracking":false,"_monsterinsights_sitenote_active":false,"_monsterinsights_sitenote_note":"","_monsterinsights_sitenote_category":0},"product_brand":[],"product_cat":[71],"product_tag":[],"class_list":{"0":"post-11235","1":"product","2":"type-product","3":"status-publish","4":"has-post-thumbnail","6":"product_cat-verkaufte-uhren","8":"first","9":"instock","10":"taxable","11":"shipping-taxable","12":"purchasable","13":"product-type-simple"},"aioseo_notices":[],"_links":{"self":[{"href":"https:\/\/chrono-scope.ch\/de\/wp-json\/wp\/v2\/product\/11235","targetHints":{"allow":["GET"]}}],"collection":[{"href":"https:\/\/chrono-scope.ch\/de\/wp-json\/wp\/v2\/product"}],"about":[{"href":"https:\/\/chrono-scope.ch\/de\/wp-json\/wp\/v2\/types\/product"}],"version-history":[{"count":0,"href":"https:\/\/chrono-scope.ch\/de\/wp-json\/wp\/v2\/product\/11235\/revisions"}],"wp:featuredmedia":[{"embeddable":true,"href":"https:\/\/chrono-scope.ch\/de\/wp-json\/wp\/v2\/media\/11217"}],"wp:attachment":[{"href":"https:\/\/chrono-scope.ch\/de\/wp-json\/wp\/v2\/media?parent=11235"}],"wp:term":[{"taxonomy":"product_brand","embeddable":true,"href":"https:\/\/chrono-scope.ch\/de\/wp-json\/wp\/v2\/product_brand?post=11235"},{"taxonomy":"product_cat","embeddable":true,"href":"https:\/\/chrono-scope.ch\/de\/wp-json\/wp\/v2\/product_cat?post=11235"},{"taxonomy":"product_tag","embeddable":true,"href":"https:\/\/chrono-scope.ch\/de\/wp-json\/wp\/v2\/product_tag?post=11235"}],"curies":[{"name":"wp","href":"https:\/\/api.w.org\/{rel}","templated":true}]}}