{"id":11101,"date":"2023-09-26T11:37:48","date_gmt":"2023-09-26T11:37:48","guid":{"rendered":"https:\/\/nakyxozy.cyon.site\/product\/tudor-prince-date-chronograph-ref-79280p-tritium-dial-serviced\/"},"modified":"2023-10-11T13:42:41","modified_gmt":"2023-10-11T13:42:41","slug":"tudor-prinz-datum-chronograph-ref-79280p-tritium-zifferblatt-gewartet","status":"publish","type":"product","link":"https:\/\/chrono-scope.ch\/de\/produkt\/tudor-prinz-datum-chronograph-ref-79280p-tritium-zifferblatt-gewartet\/","title":{"rendered":"SOLD &#8211; Tudor Prince Date Chronograph Ref. 79280P, tritium dial, serviced"},"content":{"rendered":"<p style=\"text-align: left\"><strong>MODELL<\/strong> \/ <strong>REFERENZ:<\/strong> Tudor 79280P, Seriennummer B826992<\/p>\n<p style=\"text-align: left\">\u00a0<strong>ZUSTANDSBERICHT_<\/strong> Bitte sehen Sie sich die hochaufl\u00f6senden, unver\u00e4nderten Bilder an, um den Zustand des Zeitmessers zu beurteilen.<\/p>\n<p style=\"text-align: left\"><strong>ZIFFERN+ZEIGER:<\/strong> \u2013 Schwarzes \u201ePanda\u201c-Zifferblatt in neuwertigem Zustand. Druck: originalgetreu und gestochen scharf \u2013 Das Datumsrad ist sauber. Die Leuchtmasse-Markierungen sind alle vorhanden und intakt. \u2013<\/p>\n<p style=\"text-align: left\"><strong>Zeiger:<\/strong> Originalzeiger in neuwertigem Zustand,<\/p>\n<p style=\"text-align: left\"><strong>GLAS:<\/strong> Saphirglas in neuem Zustand.<\/p>\n<p style=\"text-align: left\"><strong>L\u00dcNETTE:<\/strong> Edelstahl-L\u00fcnette mit leichten Gebrauchsspuren<\/p>\n<p style=\"text-align: left\"><strong>GEH\u00c4USE:<\/strong> 40-mm-Edelstahlgeh\u00e4use mit leichten Gebrauchsspuren, die dem Alter der Uhr entsprechen. Das Geh\u00e4use misst von Bandanstoss zu Bandanstoss 48 mm. Die Referenz- und Seriennummern zwischen den Bandanst\u00f6\u00dfen sind vollst\u00e4ndig, intakt und klar erkennbar.<\/p>\n<p style=\"text-align: left\"><strong>GEH\u00c4USEBODEN:<\/strong> signierter Edelstahlboden in gutem Zustand mit leichten Gebrauchsspuren.<\/p>\n<p style=\"text-align: left\"><strong>KRONE<\/strong> &amp; <strong>Dr\u00fccker:<\/strong> signierte Triplock-Krone, originale Dr\u00fccker.<\/p>\n<p style=\"text-align: left\"><strong>UHRWERK:<\/strong> Automatikwerk ETA 7550-1 in ausgezeichnetem und voll funktionsf\u00e4higem Zustand. Das Datum \u00e4ndert sich um Mitternacht. Das Uhrwerk wurde k\u00fcrzlich gewartet, l\u00e4uft gut und h\u00e4lt die Zeit ein.<\/p>\n<p style=\"text-align: left\"><strong>BAND:<\/strong> Tudor Edelstahlarmband, Ref. 78400-605, W-Serie, in sehr gutem Zustand mit nur minimalen Gebrauchsspuren. Das Armband weist nur eine sehr leichte Dehnung auf. Tudor signierte Faltschlie\u00dfe mit leichten Gebrauchsspuren. Das Armband passt f\u00fcr ein Handgelenk von ca. 17,5 cm.<\/p>\n<p style=\"text-align: left\"><strong>ACCESSOIRES:<\/strong> Saffiano Leder Uhrenrolle<\/p>\n<p style=\"text-align: left\"><strong>GARANTIE:<\/strong> Wir garantieren die Echtheit der Uhr. Wir gew\u00e4hren au\u00dferdem 12 Monate Garantie auf die korrekte Funktion dieses Zeitmessers. F\u00fcr alle Garantien gelten die Allgemeinen Gesch\u00e4ftsbedingungen. Bitte z\u00f6gern Sie nicht, Fragen zu stellen, wir werden sie gerne beantworten. Pers\u00f6nliche oder virtuelle Besichtigung nach Vereinbarung.<\/p>\n","protected":false},"excerpt":{"rendered":"<p>Zum Verkauf steht ein <strong>Tudor Prince Date Chronograph Ref. 79280P<\/strong> von ca. 1996 in sehr gutem Zustand. Diese Version verf\u00fcgt \u00fcber ein gut erhaltenes Tritium-Zifferblatt und ist mit einer von Rolex signierten Krone ausgestattet. Die Uhr wurde k\u00fcrzlich gewartet und kommt mit 12 Monaten Garantie.<\/p>\n","protected":false},"featured_media":11082,"template":"","meta":{"om_disable_all_campaigns":false,"_monsterinsights_skip_tracking":false,"_monsterinsights_sitenote_active":false,"_monsterinsights_sitenote_note":"","_monsterinsights_sitenote_category":0},"product_brand":[],"product_cat":[71],"product_tag":[],"class_list":{"0":"post-11101","1":"product","2":"type-product","3":"status-publish","4":"has-post-thumbnail","6":"product_cat-verkaufte-uhren","8":"first","9":"instock","10":"taxable","11":"shipping-taxable","12":"purchasable","13":"product-type-simple"},"aioseo_notices":[],"_links":{"self":[{"href":"https:\/\/chrono-scope.ch\/de\/wp-json\/wp\/v2\/product\/11101","targetHints":{"allow":["GET"]}}],"collection":[{"href":"https:\/\/chrono-scope.ch\/de\/wp-json\/wp\/v2\/product"}],"about":[{"href":"https:\/\/chrono-scope.ch\/de\/wp-json\/wp\/v2\/types\/product"}],"version-history":[{"count":0,"href":"https:\/\/chrono-scope.ch\/de\/wp-json\/wp\/v2\/product\/11101\/revisions"}],"wp:featuredmedia":[{"embeddable":true,"href":"https:\/\/chrono-scope.ch\/de\/wp-json\/wp\/v2\/media\/11082"}],"wp:attachment":[{"href":"https:\/\/chrono-scope.ch\/de\/wp-json\/wp\/v2\/media?parent=11101"}],"wp:term":[{"taxonomy":"product_brand","embeddable":true,"href":"https:\/\/chrono-scope.ch\/de\/wp-json\/wp\/v2\/product_brand?post=11101"},{"taxonomy":"product_cat","embeddable":true,"href":"https:\/\/chrono-scope.ch\/de\/wp-json\/wp\/v2\/product_cat?post=11101"},{"taxonomy":"product_tag","embeddable":true,"href":"https:\/\/chrono-scope.ch\/de\/wp-json\/wp\/v2\/product_tag?post=11101"}],"curies":[{"name":"wp","href":"https:\/\/api.w.org\/{rel}","templated":true}]}}