{"id":10966,"date":"2023-09-20T12:37:52","date_gmt":"2023-09-20T12:37:52","guid":{"rendered":"https:\/\/nakyxozy.cyon.site\/product\/omega-speedmaster-professional-tintin-racing-dial-full-set\/"},"modified":"2023-09-20T12:37:52","modified_gmt":"2023-09-20T12:37:52","slug":"omega-speedmaster-professional-tintin-racing-dial-full-set","status":"publish","type":"product","link":"https:\/\/chrono-scope.ch\/de\/produkt\/omega-speedmaster-professional-tintin-racing-dial-full-set\/","title":{"rendered":"Omega Speedmaster Professional &#8222;TinTin&#8220; racing dial, Full Set"},"content":{"rendered":"<p style=\"text-align: left\"><strong>Referenz:<\/strong> 311.30.42.30.01.004<\/p>\n<p style=\"text-align: left\"><strong>Produktionsjahr:<\/strong> 2016<\/p>\n<p style=\"text-align: left\"><strong>Material Geh\u00e4use:<\/strong> Stahl<\/p>\n<p style=\"text-align: left\"><strong>Geh\u00e4usegr\u00f6\u00dfe:<\/strong> 42 mm x 48,2 mm (von Ansatz zu Ansatz)<\/p>\n<p style=\"text-align: left\"><strong>Wasserdicht:<\/strong> 5 ATM<\/p>\n<p style=\"text-align: left\"><strong>Material L\u00fcnette:<\/strong> Aluminium<\/p>\n<p style=\"text-align: left\"><strong>Glas<\/strong>: Plexiglas<\/p>\n<p style=\"text-align: left\"><strong>Uhrwerkstyp und Spezifikationen:<\/strong> Kal. 1861, Chronograph mit Handaufzug<\/p>\n<p style=\"text-align: left\"><strong>Material des Armbands:<\/strong> Stahl<\/p>\n<p style=\"text-align: left\"><strong>Gr\u00f6\u00dfe des Armbands:<\/strong> volle Gr\u00f6\u00dfe (Ersatzglied enthalten)<\/p>\n<p style=\"text-align: left\"><strong>Zustand<\/strong>: sehr gut, mit nur leichten Gebrauchsspuren<\/p>\n<p style=\"text-align: left\"><strong>Umfang der Lieferung:<\/strong> Komplettes Set mit originalem Innen- und Au\u00dfenkarton und allen Dokumenten und Papieren.<\/p>\n","protected":false},"excerpt":{"rendered":"<p style=\"text-align: left\">Zum Verkauf steht eine <strong>Omega Speedmaster Professional &#8222;Tintin&#8220;,<\/strong> ref. 311.30.42.30.01.004.<\/p>\n<p style=\"text-align: left\">Dieser seltene Zeitmesser wird als komplettes Set mit allen Schachteln und Papieren geliefert, wie vom H\u00e4ndler verkauft. Die Speedmaster wurde ein paar Mal vorsichtig getragen und wurde von ihrem ersten Besitzer erworben. Es ist in vollem Originalzustand.<br \/>\nBitte sehen Sie sich die hochaufl\u00f6senden Bilder an, um den Zustand der Uhr zu beurteilen.<\/p>\n<p style=\"text-align: left\">GARANTIE: Wir garantieren die Echtheit der Uhr. Die Uhr ist durch die Herstellergarantie abgedeckt.<\/p>\n<p>Bitte z\u00f6gern Sie nicht, Fragen zu stellen, wir werden sie gerne beantworten.<\/p>\n","protected":false},"featured_media":10962,"template":"","meta":{"om_disable_all_campaigns":false,"_monsterinsights_skip_tracking":false,"_monsterinsights_sitenote_active":false,"_monsterinsights_sitenote_note":"","_monsterinsights_sitenote_category":0},"product_brand":[],"product_cat":[71],"product_tag":[],"class_list":{"0":"post-10966","1":"product","2":"type-product","3":"status-publish","4":"has-post-thumbnail","6":"product_cat-verkaufte-uhren","8":"first","9":"instock","10":"taxable","11":"shipping-taxable","12":"purchasable","13":"product-type-simple"},"aioseo_notices":[],"_links":{"self":[{"href":"https:\/\/chrono-scope.ch\/de\/wp-json\/wp\/v2\/product\/10966","targetHints":{"allow":["GET"]}}],"collection":[{"href":"https:\/\/chrono-scope.ch\/de\/wp-json\/wp\/v2\/product"}],"about":[{"href":"https:\/\/chrono-scope.ch\/de\/wp-json\/wp\/v2\/types\/product"}],"version-history":[{"count":0,"href":"https:\/\/chrono-scope.ch\/de\/wp-json\/wp\/v2\/product\/10966\/revisions"}],"wp:featuredmedia":[{"embeddable":true,"href":"https:\/\/chrono-scope.ch\/de\/wp-json\/wp\/v2\/media\/10962"}],"wp:attachment":[{"href":"https:\/\/chrono-scope.ch\/de\/wp-json\/wp\/v2\/media?parent=10966"}],"wp:term":[{"taxonomy":"product_brand","embeddable":true,"href":"https:\/\/chrono-scope.ch\/de\/wp-json\/wp\/v2\/product_brand?post=10966"},{"taxonomy":"product_cat","embeddable":true,"href":"https:\/\/chrono-scope.ch\/de\/wp-json\/wp\/v2\/product_cat?post=10966"},{"taxonomy":"product_tag","embeddable":true,"href":"https:\/\/chrono-scope.ch\/de\/wp-json\/wp\/v2\/product_tag?post=10966"}],"curies":[{"name":"wp","href":"https:\/\/api.w.org\/{rel}","templated":true}]}}