{"id":10537,"date":"2023-08-15T15:17:00","date_gmt":"2023-08-15T15:17:00","guid":{"rendered":"https:\/\/nakyxozy.cyon.site\/product\/omega-vintage-de-ville-e-emerald-by-grima-18k-gold-ref-5110383\/"},"modified":"2024-11-20T08:19:23","modified_gmt":"2024-11-20T08:19:23","slug":"omega-vintage-de-ville-e-emerald-by-grima-18k-gold-ref-5110383","status":"publish","type":"product","link":"https:\/\/chrono-scope.ch\/de\/produkt\/omega-vintage-de-ville-e-emerald-by-grima-18k-gold-ref-5110383\/","title":{"rendered":"SOLD &#8211; Omega Vintage De Ville e \u201cEmerald\u201d by Grima, 18k gold, ref. 5110383"},"content":{"rendered":"<p style=\"text-align: left\"><strong>MODELL \/ REFERENZ<\/strong>: Omega Deville &#8222;Emeraude&#8220; Referenz 5110383.<\/p>\n<p style=\"text-align: left\"><strong>ZIFFERN+ZEIGER:<\/strong> Die Uhr hat ein vertikal geb\u00fcrstetes braunes Zifferblatt mit einem klaren und vollst\u00e4ndigen wei\u00dfen Aufdruck. Das Zifferblatt hat einige feine Alterungserscheinungen an den R\u00e4ndern, die mit dem Alter der Uhr \u00fcbereinstimmen.<\/p>\n<p style=\"text-align: left\">Zusammen mit dem wei\u00dfen Stabzeiger bildet das Ensemble einen sch\u00f6nen Kontrast zu der braunen Farbe des Zifferblatts und dem goldenen Geh\u00e4use.<\/p>\n<p style=\"text-align: left\"><strong>GLAS<\/strong>: Das facettierte Plexiglasglas ist in hervorragendem Zustand und weist keine sichtbaren Kratzer auf.<\/p>\n<p style=\"text-align: left\"><strong>GEH\u00c4USE<\/strong>: Das rechteckige Geh\u00e4use aus massivem 18-kar\u00e4tigem Gelbgold ist 31 mm breit und 21 mm lang. Es hat eine ziemliche Pr\u00e4senz am Handgelenk und wiegt ca. 24 Gramm.<br \/>\nDas Geh\u00e4use ist tadellos erhalten und wahrscheinlich unpoliert, da es ein starkes Profil mit scharfen Linien und unver\u00e4nderter geb\u00fcrsteter Oberfl\u00e4che aufweist. Es weist f\u00fcr sein Alter minimale Gebrauchsspuren auf, die einer sorgf\u00e4ltigen Abnutzung angemessen sind.<\/p>\n<p style=\"text-align: left\"><strong>GEH\u00c4USEBODEN:<\/strong> Die aufklappbare Geh\u00e4useboden weist eine gut ausgepr\u00e4gte vertikale geb\u00fcrstete Oberfl\u00e4che sowie einige feine Kratzer auf.<br \/>\nDie Innenseite ist sauber und tr\u00e4gt alle zeitgem\u00e4\u00dfen Stempel, darunter einen Genfer Schl\u00fcssel &#8222;Poin\u00e7on de Ma\u00eetre&#8220; mit der Referenznummer.<\/p>\n<p style=\"text-align: left\"><strong>KRONE<\/strong>: Die korrekte Aufzugskrone zeigt das Logo der Marke und funktioniert einwandfrei, vom Aufziehen bis zur Zeiteinstellung.<\/p>\n<p style=\"text-align: left\"><strong>UHRWERK<\/strong>: Diese Omega verf\u00fcgt \u00fcber ein hauseigenes 620er Uhrwerk mit Handaufzug. Dieses kleine, aber beeindruckende Kaliber verf\u00fcgt \u00fcber 17 Steine und schl\u00e4gt mit einer Frequenz von 19800 Halbschwingungen pro Stunde.<br \/>\nSie ist nummeriert, wurde \u00fcberpr\u00fcft und befindet sich in einem ausgezeichneten mechanischen Zustand, so dass sie die Zeit gut h\u00e4lt.<\/p>\n<p><strong>BAND<\/strong>: Die Uhr wird mit ihrem originalen Omega-Lederarmband und einer vergoldeten Stahlschlie\u00dfe geliefert. Ein neuer band kann auf Anfrage bestellt werden.<\/p>\n<p style=\"text-align: left\"><strong>ZUBEH\u00d6R<\/strong>: Saffiano Leder Uhrenrolle.<\/p>\n<p style=\"text-align: left\">Das Zifferblatt, die Krone, der Geh\u00e4useboden, das Uhrwerk und die Schlie\u00dfe sind mit Omega signiert. Die Uhr ist voll funktionsf\u00e4hig und kann sofort getragen werden.<\/p>\n<p style=\"text-align: left\"><strong>GARANTIE<\/strong>: Wir garantieren die Echtheit der Uhr. Wir gew\u00e4hren ausserdem 12 Monate Garantie auf die korrekte Funktion dieses Zeitmessers. F\u00fcr alle Garantien gelten die Allgemeinen Gesch\u00e4ftsbedingungen.<br \/>\nBitte z\u00f6gern Sie nicht, Fragen zu stellen, wir werden sie gerne beantworten. Eine virtuelle oder pers\u00f6nliche Besichtigung ist nach Vereinbarung m\u00f6glich.<\/p>\n","protected":false},"excerpt":{"rendered":"<p style=\"text-align: left\">Unglaubliche<strong> Omega De Ville<\/strong> aus massivem Gold aus den fr\u00fchen 1970er Jahren. Der Spitzname &#8222;Emeraude&#8220; ist eine Anspielung auf den smaragd\u00e4hnlichen Schliff des Kristalls.<\/p>\n<p style=\"text-align: left\">Omega ist zwar vor allem f\u00fcr seine Speedmaster-Chronographen und Seamaster-Taucheruhren bekannt, doch auch die schlanken Dress Watches \u00fcberzeugen durch ihre Kombination aus Eleganz, Glamour und Komfort, w\u00e4hrend sie gleichzeitig mit einzigartigen Designs aufwarten.<br \/>\nEinige der ungew\u00f6hnlichsten und fortschrittlichsten Omega-Kleideruhren wurden exklusiv von dem erfolgreichen englischen Juwelier Andrew Grima entworfen.<br \/>\nIn den 1970er Jahren lancierte Omega eine eigene, von Grimas Werken inspirierte Uhrenreihe, die den Namen der Marke und ein konventionelleres Zifferblattlayout trug. Diese erschwinglichere Kollektion wurde \u00fcber die Produktlinien De Ville, Constellation und Jeux d&#8217;Or vermarktet.<\/p>\n<p style=\"text-align: left\">Bitte lesen Sie den Zustandsbericht sorgf\u00e4ltig durch und betrachten Sie die hochaufl\u00f6senden Bilder, um den Gesamtzustand der Uhr zu beurteilen.<\/p>\n","protected":false},"featured_media":10521,"template":"","meta":{"om_disable_all_campaigns":false,"_monsterinsights_skip_tracking":false,"_monsterinsights_sitenote_active":false,"_monsterinsights_sitenote_note":"","_monsterinsights_sitenote_category":0},"product_brand":[],"product_cat":[61,71],"product_tag":[],"class_list":{"0":"post-10537","1":"product","2":"type-product","3":"status-publish","4":"has-post-thumbnail","6":"product_cat-omega-de","7":"product_cat-verkaufte-uhren","9":"first","10":"instock","11":"taxable","12":"shipping-taxable","13":"purchasable","14":"product-type-simple"},"aioseo_notices":[],"_links":{"self":[{"href":"https:\/\/chrono-scope.ch\/de\/wp-json\/wp\/v2\/product\/10537","targetHints":{"allow":["GET"]}}],"collection":[{"href":"https:\/\/chrono-scope.ch\/de\/wp-json\/wp\/v2\/product"}],"about":[{"href":"https:\/\/chrono-scope.ch\/de\/wp-json\/wp\/v2\/types\/product"}],"version-history":[{"count":1,"href":"https:\/\/chrono-scope.ch\/de\/wp-json\/wp\/v2\/product\/10537\/revisions"}],"predecessor-version":[{"id":19187,"href":"https:\/\/chrono-scope.ch\/de\/wp-json\/wp\/v2\/product\/10537\/revisions\/19187"}],"wp:featuredmedia":[{"embeddable":true,"href":"https:\/\/chrono-scope.ch\/de\/wp-json\/wp\/v2\/media\/10521"}],"wp:attachment":[{"href":"https:\/\/chrono-scope.ch\/de\/wp-json\/wp\/v2\/media?parent=10537"}],"wp:term":[{"taxonomy":"product_brand","embeddable":true,"href":"https:\/\/chrono-scope.ch\/de\/wp-json\/wp\/v2\/product_brand?post=10537"},{"taxonomy":"product_cat","embeddable":true,"href":"https:\/\/chrono-scope.ch\/de\/wp-json\/wp\/v2\/product_cat?post=10537"},{"taxonomy":"product_tag","embeddable":true,"href":"https:\/\/chrono-scope.ch\/de\/wp-json\/wp\/v2\/product_tag?post=10537"}],"curies":[{"name":"wp","href":"https:\/\/api.w.org\/{rel}","templated":true}]}}