{"id":10508,"date":"2023-08-14T15:41:40","date_gmt":"2023-08-14T15:41:40","guid":{"rendered":"https:\/\/nakyxozy.cyon.site\/product\/rolex-vintage-oysterquartz-ref-17014-rolex-service-guaranee-1980\/"},"modified":"2025-02-17T09:55:00","modified_gmt":"2025-02-17T09:55:00","slug":"rolex-alt-oysterquartz-ref-17014-rolex-service-garantie-1980","status":"publish","type":"product","link":"https:\/\/chrono-scope.ch\/de\/produkt\/rolex-alt-oysterquartz-ref-17014-rolex-service-garantie-1980\/","title":{"rendered":"SOLD &#8211; Rolex Vintage Oysterquartz ref. 17014, Rolex Service Guaranee, 1980"},"content":{"rendered":"<p style=\"text-align: left\"><strong>MODELL<\/strong> \/ <strong>REFERENZ:<\/strong> Rolex Datejust Oysterquartz, Ref. 17014. Die Seriennummer 6\u2019501\u2019XXX weist darauf hin, dass die Uhr etwa 1980 produziert wurde<\/p>\n<p style=\"text-align: left\"><strong>ZIFFERN+ ZEIGER:<\/strong> attraktives silbernes Zifferblatt mit Sonnenschliff im Originalzustand. Das Zifferblatt ist in einem neuwertigen Zustand und hat noch die originalen Tritiumpunkte. Alle Drucke sind scharf, das Datumsrad ist sauber. Die Tritiumpunkte sind alle vorhanden und intakt und haben eine attraktive beige\/braune Farbe angenommen. Das applizierte Kr\u00f6nchen sowie die hochglanzpolierten Wei\u00dfgold-Stiftmarkierungen sind unglaublich gut erhalten. Der Zeiger ist in ausgezeichnetem Zustand. Bei Aktivierung eines UV-Lichts leuchten die Zeiger, w\u00e4hrend die Tritiumpunkte nicht reagieren. Daher k\u00f6nnte der Zeiger von Rolex w\u00e4hrend der Wartung ausgetauscht worden sein.<\/p>\n<p style=\"text-align: left\"><strong>GLAS:<\/strong> Das kratzfeste Saphirglas ist mit der ikonischen Lupe Cyclops bei drei Uhr versehen.<\/p>\n<p style=\"text-align: left\"><strong>GEH\u00c4USE<\/strong> und <strong>L\u00dcNETTE:<\/strong> Rolex f\u00fchrte ein v\u00f6llig neues Geh\u00e4use im Stil der 70er Jahre ein, in dem sie ihr neues Kaliber vorstellten. Das 36-mm-Edelstahlgeh\u00e4use wirkt gr\u00f6\u00dfer als das regul\u00e4re Oyster-Geh\u00e4use, ohne aufdringlich zu sein, was zum Teil auf die Integration des Armbands zur\u00fcckzuf\u00fchren ist. Die Kombination der konzentrischen B\u00fcrstung der Bandanst\u00f6\u00dfe, der vertikalen B\u00fcrstung des Bereichs, in dem das Armband auf das Geh\u00e4use trifft, und der polierten Geh\u00e4useseiten bzw. -fasen, die von der 18-kar\u00e4tigen, kannelierten Graugoldl\u00fcnette gekr\u00f6nt wird, f\u00e4ngt das Licht ein, ohne aufdringlich zu wirken. Das Geh\u00e4use weist Gebrauchsspuren auf, die mit dem Alter der Uhr \u00fcbereinstimmen, hat aber noch gut definierte Fasen. Die Referenz und die Seriennummer auf dem Geh\u00e4useboden sind gut lesbar. Die Wei\u00dfgoldl\u00fcnette ist in gutem Zustand mit Gebrauchsspuren. Bitte sehen Sie sich die Bilder an.<\/p>\n<p style=\"text-align: left\"><strong>KRONE:<\/strong> Die Original-Rolex-Krone zeigt ein scharfes Kr\u00f6nchen und eine gerade Linie darunter, die das ber\u00fchmte, von Rolex patentierte Doppelverschlusssystem symbolisiert. Die Krone ist fest verschraubt und l\u00e4sst sich zum Einstellen der Uhrzeit und des Schnelldatums perfekt herausziehen.<\/p>\n<p style=\"text-align: left\"><strong>GEH\u00c4USEBODEN:<\/strong> Der Geh\u00e4useboden aus Edelstahl ist in gutem Zustand, mit Gebrauchsspuren und intakter R\u00e4ndelung. Der innere Geh\u00e4useboden ist sauber und mit allen zeitgem\u00e4\u00dfen Gravuren einschlie\u00dflich der Referenznummer 17000B gestempelt.<\/p>\n<p style=\"text-align: left\"><strong>UHRWERK:<\/strong> Das COSC-zertifizierte hauseigene Kaliber 5035 verf\u00fcgt \u00fcber 11 Lagersteine und einen 32-kHz-Oszillator, der eine h\u00f6here Frequenz aufweist als das Werk Beta 21. Au\u00dferdem verf\u00fcgt sie \u00fcber eine Datumsschnellwahlfunktion und eine Sekundenanzeige f\u00fcr die genaue Zeiteinstellung. Dem Uhrwerk wurde im Juli 2023 von Rolex einer vollst\u00e4ndigen Wartung unterzogen.<\/p>\n<p style=\"text-align: left\"><strong>BAND:<\/strong> Das integrierte Armband mit flachen Gliedern ist 5-reihig und hat eine satinierte Oberfl\u00e4che mit polierten Elementen. Die signierte Rolex-Schlie\u00dfe ist mit den richtigen Stempeln versehen. Dieses Edelstahlarmband tr\u00e4gt die Referenz 17010B und weist nur minimale Dehnungs- und leichte Gebrauchsspuren auf.<\/p>\n<p style=\"text-align: left\"><strong>ZUBEH\u00d6R:<\/strong> Rolex Service-Garantie, Vintage Rolex Box.<\/p>\n<p style=\"text-align: left\"><strong>GARANTIE:<\/strong> Wir garantieren die Echtheit der Uhr. Die Uhr ist bis Juli 2025 durch die Rolex Service Garantie abgedeckt. F\u00fcr alle Garantien gelten die Allgemeinen Gesch\u00e4ftsbedingungen.<\/p>\n<p style=\"text-align: left\">Bitte z\u00f6gern Sie nicht, Fragen zu stellen, wir werden sie gerne beantworten. Eine virtuelle oder pers\u00f6nliche Besichtigung ist nach Vereinbarung m\u00f6glich.<\/p>\n<p style=\"text-align: left\">\n","protected":false},"excerpt":{"rendered":"<p>Zu verkaufen <strong>Rolex Datejust Oysterquartz ref. 17014<\/strong>, Rolex Service Guarantee, Sammlerqualit\u00e4t, 1980 Diese attraktive Oysterquartz aus dem Jahr 1980 ist im Originalzustand mit einem fast neuwertigen silbernen Zifferblatt. Sie kommt frisch von einem kompletten Rolex Service und ist durch die Rolex Service Garantie bis Juli 2025 abgedeckt. Bitte lesen Sie den Zustandsbericht sorgf\u00e4ltig durch und betrachten Sie die hochaufl\u00f6senden Bilder, um den Gesamtzustand der Uhr zu beurteilen.<\/p>\n","protected":false},"featured_media":10486,"template":"","meta":{"om_disable_all_campaigns":false,"_monsterinsights_skip_tracking":false,"_monsterinsights_sitenote_active":false,"_monsterinsights_sitenote_note":"","_monsterinsights_sitenote_category":0},"product_brand":[],"product_cat":[71],"product_tag":[],"class_list":{"0":"post-10508","1":"product","2":"type-product","3":"status-publish","4":"has-post-thumbnail","6":"product_cat-verkaufte-uhren","8":"first","9":"instock","10":"taxable","11":"shipping-taxable","12":"purchasable","13":"product-type-simple"},"aioseo_notices":[],"_links":{"self":[{"href":"https:\/\/chrono-scope.ch\/de\/wp-json\/wp\/v2\/product\/10508","targetHints":{"allow":["GET"]}}],"collection":[{"href":"https:\/\/chrono-scope.ch\/de\/wp-json\/wp\/v2\/product"}],"about":[{"href":"https:\/\/chrono-scope.ch\/de\/wp-json\/wp\/v2\/types\/product"}],"version-history":[{"count":2,"href":"https:\/\/chrono-scope.ch\/de\/wp-json\/wp\/v2\/product\/10508\/revisions"}],"predecessor-version":[{"id":23962,"href":"https:\/\/chrono-scope.ch\/de\/wp-json\/wp\/v2\/product\/10508\/revisions\/23962"}],"wp:featuredmedia":[{"embeddable":true,"href":"https:\/\/chrono-scope.ch\/de\/wp-json\/wp\/v2\/media\/10486"}],"wp:attachment":[{"href":"https:\/\/chrono-scope.ch\/de\/wp-json\/wp\/v2\/media?parent=10508"}],"wp:term":[{"taxonomy":"product_brand","embeddable":true,"href":"https:\/\/chrono-scope.ch\/de\/wp-json\/wp\/v2\/product_brand?post=10508"},{"taxonomy":"product_cat","embeddable":true,"href":"https:\/\/chrono-scope.ch\/de\/wp-json\/wp\/v2\/product_cat?post=10508"},{"taxonomy":"product_tag","embeddable":true,"href":"https:\/\/chrono-scope.ch\/de\/wp-json\/wp\/v2\/product_tag?post=10508"}],"curies":[{"name":"wp","href":"https:\/\/api.w.org\/{rel}","templated":true}]}}