{"id":10414,"date":"2023-08-02T13:05:47","date_gmt":"2023-08-02T13:05:47","guid":{"rendered":"https:\/\/nakyxozy.cyon.site\/product\/omega-vintage-speedmaster-mark-4-5-collectors-grade-serviced-approx-1979\/"},"modified":"2023-09-29T10:36:25","modified_gmt":"2023-09-29T10:36:25","slug":"omega-vintage-speedmaster-mark-4-5-sammler-grad-gewartet-etwa-1979","status":"publish","type":"product","link":"https:\/\/chrono-scope.ch\/de\/produkt\/omega-vintage-speedmaster-mark-4-5-sammler-grad-gewartet-etwa-1979\/","title":{"rendered":"SOLD &#8211; Omega Vintage Speedmaster Mark 4.5 Collectors Grade, serviced, approx. 1979"},"content":{"rendered":"<p style=\"text-align: left\"><strong>SPEZIFIKATIONEN und ZUSTANDSBERICHT<\/strong><br \/>\nBitte sehen Sie sich die Bilder an, da sie ein wichtiger Bestandteil des Angebots sind.<\/p>\n<p style=\"text-align: left\"><strong>MODELL \/ REFERENZ:<\/strong> Omega Speedmaster Automatic , &#8222;Mark 4.5&#8220;, Ref. 176.0012. Die Seriennummer 39&#8217;193&#8217;xxx datiert die Speedmaster auf etwa. 1979<\/p>\n<p style=\"text-align: left\"><strong>ZIFFERN+ZEIGER:<\/strong><br \/>\n&#8211; Original-Zifferblatt und -H\u00f6rer<br \/>\n&#8211; schwarzes Zifferblatt in fast neuwertigem Zustand<br \/>\n&#8211; Druck: original und gestochen scharf<br \/>\n&#8211; Die Datums- und Tagesr\u00e4der sind sauber. Das Datumsrad zeigt leichte Alterung<br \/>\n&#8211; Lume: Die Tritium-Anzeiger sind alle vorhanden und intakt und weisen eine attraktive gr\u00fcnliche Patina auf. Bei Aktivierung mit UV-Licht leuchten die Leuchtmasse auf dem Ziffern und den Zeigern kurz auf und erl\u00f6schen dann.<br \/>\n&#8211; Zeiger: Die urspr\u00fcngliche Tritiumlume auf dem Stunden-, Minuten- und Sekundenzeiger ist intakt und hat einen angenehmen gr\u00fcnlichen Farbton angenommen, der zur Patina auf dem Zifferblatt passt.<\/p>\n<p style=\"text-align: left\"><strong>GLASS<\/strong>: Omega Mineralglas in sehr gutem Zustand ohne Flecken.<\/p>\n<p style=\"text-align: left\"><strong>UHRWERK:<\/strong> Omega Kaliber 1045 Automatik-Chronometerwerk in voll funktionsf\u00e4higem Zustand. Das Uhrwerk wurde k\u00fcrzlich gewartet, l\u00e4uft gut und h\u00e4lt die Zeit ein.<\/p>\n<p style=\"text-align: left\"><strong>GEH\u00c4USE:<\/strong> 42 x 44 mm gro\u00dfes Edelstahlgeh\u00e4use in ausgezeichnetem Zustand, mit der urspr\u00fcnglichen Werkslackierung.<\/p>\n<p style=\"text-align: left\"><strong>GEH\u00c4USEBODEN:<\/strong> Edelstahl-Schraubboden mit Seepferdchen-Logo in gutem Zustand, mit leichten Gebrauchsspuren.<\/p>\n<p style=\"text-align: left\"><strong>KRONE<\/strong>: Original signierte Krone und originale Dr\u00fccker.<\/p>\n<p style=\"text-align: left\"><strong>BAND<\/strong>: Die Uhr wird mit zwei Armbandoptionen geliefert: gr\u00fcnes Qualit\u00e4tsarmband, wie abgebildet, und das originale Omega-Edelstahlarmband mit Faltschlie\u00dfe. Das Armband weist Gebrauchsspuren und eine gewisse Dehnung auf.<\/p>\n<p style=\"text-align: left\"><strong>ZUBEH\u00d6R<\/strong>: Saffiano Leder Uhrenrolle.<\/p>\n<p style=\"text-align: left\"><strong>GARANTIE<\/strong>: Wir garantieren die Echtheit der Uhr. Au\u00dferdem gew\u00e4hren wir eine 12-monatige Garantie auf die Funktionalit\u00e4t der Uhr. F\u00fcr alle Garantien gelten die Allgemeinen Gesch\u00e4ftsbedingungen.<\/p>\n<p style=\"text-align: left\">Sie k\u00f6nnen uns gerne Fragen stellen, wir beantworten sie gerne. Virtuelle oder pers\u00f6nliche Besichtigung nach Vereinbarung.<\/p>\n","protected":false},"excerpt":{"rendered":"<p>Zu verkaufen vintage <strong>Speedmaster Mark 4.5<\/strong> Collectors Grade, gewartet, ca. 1979<br \/>\nDas Highlight dieser coolen Speedmaster ist das mintschwarze Zifferblatt und das Edelstahlgeh\u00e4use in nahezu perfektem Zustand. Die Uhr wurde gewartet und kommt mit 12 Monaten Garantie.<\/p>\n","protected":false},"featured_media":10396,"template":"","meta":{"om_disable_all_campaigns":false,"_monsterinsights_skip_tracking":false,"_monsterinsights_sitenote_active":false,"_monsterinsights_sitenote_note":"","_monsterinsights_sitenote_category":0},"product_brand":[],"product_cat":[71],"product_tag":[],"class_list":{"0":"post-10414","1":"product","2":"type-product","3":"status-publish","4":"has-post-thumbnail","6":"product_cat-verkaufte-uhren","8":"first","9":"instock","10":"taxable","11":"shipping-taxable","12":"purchasable","13":"product-type-simple"},"aioseo_notices":[],"_links":{"self":[{"href":"https:\/\/chrono-scope.ch\/de\/wp-json\/wp\/v2\/product\/10414","targetHints":{"allow":["GET"]}}],"collection":[{"href":"https:\/\/chrono-scope.ch\/de\/wp-json\/wp\/v2\/product"}],"about":[{"href":"https:\/\/chrono-scope.ch\/de\/wp-json\/wp\/v2\/types\/product"}],"version-history":[{"count":0,"href":"https:\/\/chrono-scope.ch\/de\/wp-json\/wp\/v2\/product\/10414\/revisions"}],"wp:featuredmedia":[{"embeddable":true,"href":"https:\/\/chrono-scope.ch\/de\/wp-json\/wp\/v2\/media\/10396"}],"wp:attachment":[{"href":"https:\/\/chrono-scope.ch\/de\/wp-json\/wp\/v2\/media?parent=10414"}],"wp:term":[{"taxonomy":"product_brand","embeddable":true,"href":"https:\/\/chrono-scope.ch\/de\/wp-json\/wp\/v2\/product_brand?post=10414"},{"taxonomy":"product_cat","embeddable":true,"href":"https:\/\/chrono-scope.ch\/de\/wp-json\/wp\/v2\/product_cat?post=10414"},{"taxonomy":"product_tag","embeddable":true,"href":"https:\/\/chrono-scope.ch\/de\/wp-json\/wp\/v2\/product_tag?post=10414"}],"curies":[{"name":"wp","href":"https:\/\/api.w.org\/{rel}","templated":true}]}}