{"id":10251,"date":"2023-07-07T11:15:43","date_gmt":"2023-07-07T11:15:43","guid":{"rendered":"https:\/\/nakyxozy.cyon.site\/product\/tissot-tissot-navigator-ref-45501-kal-1341-chronograph-serviced\/"},"modified":"2025-02-24T08:59:29","modified_gmt":"2025-02-24T08:59:29","slug":"tissot-tissot-navigator-ref-45501-cal-1341-chronograph-uberwacht","status":"publish","type":"product","link":"https:\/\/chrono-scope.ch\/de\/produkt\/tissot-tissot-navigator-ref-45501-cal-1341-chronograph-uberwacht\/","title":{"rendered":"Tissot Tissot Navigator Ref. 45501 Kal. 1341 Chronograph SERVICED"},"content":{"rendered":"<p style=\"text-align: left\"><strong>MODELL \/ REFERENZ:<\/strong> Tissot Navigator Ref. 45501, Seriennummer 17&#8217;901&#8217;172<\/p>\n<p style=\"text-align: left\"><strong>ZIFFERN+ZEIGER:<\/strong> Das Zifferblatt ist in nahezu perfektem Zustand. Alle Drucke sind gestochen scharf. Die Ziffernbl\u00e4tter sind sauber, es gibt eine kleine Besch\u00e4digung auf dem 6-Uhr-Zifferblatt. Das Datumsrad ist sauber. Die Tritiumleuchtmasse ist v\u00f6llig intakt und hat sich sch\u00f6n gealtert. Die Stunden- und Minutenzeiger behalten die urspr\u00fcngliche Tritiumluminierung bei. Alle Chronographenzeiger sind orange lackiert und ebenfalls in sehr gutem Zustand. Der Stundenzeiger des Chronographen bei sechs Uhr weist an der Zeigerspitze einen leichten Farbverlust auf. Bei Aktivierung mit UV-Licht leuchtet das Tritium auf den Indexen und Zeigern kurz auf und erlischt dann.<\/p>\n<p style=\"text-align: left\"><strong>GLAS:<\/strong> Plexiglas in gutem Zustand mit kleinen Oberfl\u00e4chenflecken<\/p>\n<p style=\"text-align: left\"><strong>UHRWERK &amp; FUNKTION:<\/strong> Automatik-Chronographenwerk Tissot 2170 auf Basis des Kalibers Lemania. 1341 in voll funktionsf\u00e4higem Zustand. Der Chronograph startet, stoppt und stellt sich auf Null zur\u00fcck. Das Uhrwerk wurde vollst\u00e4ndig gewartet, l\u00e4uft gut und h\u00e4lt die Zeit ein.<\/p>\n<p style=\"text-align: left\"><strong>GEH\u00c4USE<\/strong>: 39-mm-Edelstahlgeh\u00e4use in unpoliertem Zustand. Das Geh\u00e4use weist dem Alter der Uhr entsprechende Gebrauchsspuren auf und beh\u00e4lt die urspr\u00fcngliche Werkslackierung. Lug zu Lug, misst es 44 mm, Dicke ca.. 15 mm.<\/p>\n<p style=\"text-align: left\"><strong>GEH\u00c4USEBODEN<\/strong>: Der verschraubte Original-Edelstahlboden tr\u00e4gt innen die Referenznummer. Der Geh\u00e4useboden ist in gutem Zustand mit Gebrauchsspuren und die Fabrik beenden gut vorhanden.<\/p>\n<p style=\"text-align: left\"><strong>KRONE &amp; DR\u00dcCKER:<\/strong> unsigniert, originale Krone und Dr\u00fccker.<\/p>\n<p style=\"text-align: left\"><strong>BAND:<\/strong> Die Uhr kommt mit dem originalen Tissot-Edelstahlarmband in gutem Zustand mit leichter Dehnung. Es passt an ein Handgelenk von ca. 19 cm.<\/p>\n<p style=\"text-align: left\"><strong>ZUBEH\u00d6R:<\/strong> Saffiano Leder Uhrenrolle.<\/p>\n<p style=\"text-align: left\"><strong>GARANTIE:<\/strong> Wir garantieren die Echtheit der Uhr. Wir bieten auch 12 Monate Garantie auf die korrekte Funktion dieses Zeitmessers. F\u00fcr alle Garantien gelten die Allgemeinen Gesch\u00e4ftsbedingungen.<br \/>\nBitte z\u00f6gern Sie nicht, Fragen zu stellen, wir werden sie gerne beantworten. Eine virtuelle oder pers\u00f6nliche Besichtigung ist nach Vereinbarung m\u00f6glich.<\/p>\n","protected":false},"excerpt":{"rendered":"<p style=\"text-align: left\"><strong>Tissot Navigator Ref. 45501 Kal. 1341<\/strong> Chronograph in ausgezeichnetem und originalem Zustand, SERVICED.<br \/>\nDas Highlight dieses attraktiven Chronographen aus den 1970er Jahren ist das schwarze Originalzifferblatt und das Chronographenwerk Tissot Kal. 2170 \/ Lemania 1341 mit zentralem Minutenz\u00e4hler. Die Uhr wird mit dem originalen Tissot-Armband und einer 12-monatigen Garantie geliefert.<br \/>\n<strong>ZUSTANDSBERICHT<\/strong><br \/>\nBitte sehen Sie sich die hochaufl\u00f6senden Bilder an, um den Zustand der Uhr zu beurteilen.<\/p>\n","protected":false},"featured_media":10231,"template":"","meta":{"om_disable_all_campaigns":false,"_monsterinsights_skip_tracking":false,"_monsterinsights_sitenote_active":false,"_monsterinsights_sitenote_note":"","_monsterinsights_sitenote_category":0},"product_brand":[],"product_cat":[74],"product_tag":[],"class_list":{"0":"post-10251","1":"product","2":"type-product","3":"status-publish","4":"has-post-thumbnail","6":"product_cat-vintage-de","8":"first","9":"instock","10":"taxable","11":"shipping-taxable","12":"purchasable","13":"product-type-simple"},"aioseo_notices":[],"_links":{"self":[{"href":"https:\/\/chrono-scope.ch\/de\/wp-json\/wp\/v2\/product\/10251","targetHints":{"allow":["GET"]}}],"collection":[{"href":"https:\/\/chrono-scope.ch\/de\/wp-json\/wp\/v2\/product"}],"about":[{"href":"https:\/\/chrono-scope.ch\/de\/wp-json\/wp\/v2\/types\/product"}],"version-history":[{"count":2,"href":"https:\/\/chrono-scope.ch\/de\/wp-json\/wp\/v2\/product\/10251\/revisions"}],"predecessor-version":[{"id":24386,"href":"https:\/\/chrono-scope.ch\/de\/wp-json\/wp\/v2\/product\/10251\/revisions\/24386"}],"wp:featuredmedia":[{"embeddable":true,"href":"https:\/\/chrono-scope.ch\/de\/wp-json\/wp\/v2\/media\/10231"}],"wp:attachment":[{"href":"https:\/\/chrono-scope.ch\/de\/wp-json\/wp\/v2\/media?parent=10251"}],"wp:term":[{"taxonomy":"product_brand","embeddable":true,"href":"https:\/\/chrono-scope.ch\/de\/wp-json\/wp\/v2\/product_brand?post=10251"},{"taxonomy":"product_cat","embeddable":true,"href":"https:\/\/chrono-scope.ch\/de\/wp-json\/wp\/v2\/product_cat?post=10251"},{"taxonomy":"product_tag","embeddable":true,"href":"https:\/\/chrono-scope.ch\/de\/wp-json\/wp\/v2\/product_tag?post=10251"}],"curies":[{"name":"wp","href":"https:\/\/api.w.org\/{rel}","templated":true}]}}