{"id":10009,"date":"2023-07-04T14:16:02","date_gmt":"2023-07-04T14:16:02","guid":{"rendered":"https:\/\/nakyxozy.cyon.site\/product\/omega-speedmaster-reduziert\/"},"modified":"2023-11-16T11:03:52","modified_gmt":"2023-11-16T11:03:52","slug":"omega-speedmaster-reduziert","status":"publish","type":"product","link":"https:\/\/chrono-scope.ch\/de\/produkt\/omega-speedmaster-reduziert\/","title":{"rendered":"SOLD &#8211; Omega Speedmaster Reduziert"},"content":{"rendered":"<p style=\"text-align: left\"><strong>MODELL \/ REFERENZ:<\/strong> Omega Speedmaster reduziert. 3510.50.00, Seriennummer 57&#8217;918&#8217;xxx.<\/p>\n<p style=\"text-align: left\"><strong>ZUSTANDSBERICHT_<\/strong> Bitte sehen Sie sich die hochaufl\u00f6senden, unver\u00e4nderten Bilder an, um den Zustand des Zeitmessers zu beurteilen.<br \/>\n&#8211; Zifferblatt und Zeiger sind in neuwertigem Zustand.<br \/>\n&#8211; Omega signiert Plexiglas ist in sehr gutem Zustand mit kleinen Oberfl\u00e4chen Kratzer.<br \/>\n&#8211; Die L\u00fcnette ist in sehr gutem Zustand<br \/>\n&#8211; Das Geh\u00e4use ist in gutem Zustand mit leichten Gebrauchsspuren<br \/>\n&#8211; Der Geh\u00e4useboden aus Edelstahl tr\u00e4gt das Seahorse-Logo und die Seriennummer.<br \/>\n&#8211; Das Uhrwerk wurde \u00fcberpr\u00fcft, l\u00e4uft gut und h\u00e4lt die Zeit ein.<br \/>\n&#8211; Der Chronograph startet, stoppt und stellt sich korrekt auf Null zur\u00fcck<br \/>\n&#8211; Original Omega-Edelstahlarmband Ref. 1469\/32 mit 811 Endgliedern. Das Armband ist in gutem Zustand mit geringen Gebrauchsspuren und nur minimaler Dehnung. Es passt f\u00fcr ein Handgelenk von ca. 19 cm.<br \/>\n&#8211; Zifferblatt, Glas, Krone, Geh\u00e4use, Uhrwerk, Armband und Schlie\u00dfe signiert Omega.<\/p>\n<p style=\"text-align: left\"><strong>ZUBEH\u00d6R<\/strong>: Die Uhr kommt mit einem Omega Service-Etui.<\/p>\n<p style=\"text-align: left\"><strong>GARANTIE<\/strong>: Wir garantieren die Echtheit der Uhr. Wir gew\u00e4hren au\u00dferdem 12 Monate Garantie auf die korrekte Funktion dieses Zeitmessers. F\u00fcr alle Garantien gelten die Allgemeinen Gesch\u00e4ftsbedingungen<\/p>\n<p style=\"text-align: left\">Bitte z\u00f6gern Sie nicht, Fragen zu stellen, wir werden sie gerne beantworten. Virtuelle oder pers\u00f6nliche Besichtigung nach Vereinbarung m\u00f6glich ist<\/p>\n","protected":false},"excerpt":{"rendered":"<p style=\"text-align: left\"><strong>Omega Speedmaster<\/strong> reduziert in ausgezeichnetem gebrauchtem Zustand. Die Speedmaster l\u00e4uft stark und h\u00e4lt die Zeit gut ein. Alle Funktionen funktionieren einwandfrei und die Uhr wird mit einer 12-monatigen Garantie geliefert.<\/p>\n","protected":false},"featured_media":9989,"template":"","meta":{"om_disable_all_campaigns":false,"_monsterinsights_skip_tracking":false,"_monsterinsights_sitenote_active":false,"_monsterinsights_sitenote_note":"","_monsterinsights_sitenote_category":0},"product_brand":[],"product_cat":[71],"product_tag":[],"class_list":{"0":"post-10009","1":"product","2":"type-product","3":"status-publish","4":"has-post-thumbnail","6":"product_cat-verkaufte-uhren","8":"first","9":"instock","10":"taxable","11":"shipping-taxable","12":"purchasable","13":"product-type-simple"},"aioseo_notices":[],"_links":{"self":[{"href":"https:\/\/chrono-scope.ch\/de\/wp-json\/wp\/v2\/product\/10009","targetHints":{"allow":["GET"]}}],"collection":[{"href":"https:\/\/chrono-scope.ch\/de\/wp-json\/wp\/v2\/product"}],"about":[{"href":"https:\/\/chrono-scope.ch\/de\/wp-json\/wp\/v2\/types\/product"}],"version-history":[{"count":0,"href":"https:\/\/chrono-scope.ch\/de\/wp-json\/wp\/v2\/product\/10009\/revisions"}],"wp:featuredmedia":[{"embeddable":true,"href":"https:\/\/chrono-scope.ch\/de\/wp-json\/wp\/v2\/media\/9989"}],"wp:attachment":[{"href":"https:\/\/chrono-scope.ch\/de\/wp-json\/wp\/v2\/media?parent=10009"}],"wp:term":[{"taxonomy":"product_brand","embeddable":true,"href":"https:\/\/chrono-scope.ch\/de\/wp-json\/wp\/v2\/product_brand?post=10009"},{"taxonomy":"product_cat","embeddable":true,"href":"https:\/\/chrono-scope.ch\/de\/wp-json\/wp\/v2\/product_cat?post=10009"},{"taxonomy":"product_tag","embeddable":true,"href":"https:\/\/chrono-scope.ch\/de\/wp-json\/wp\/v2\/product_tag?post=10009"}],"curies":[{"name":"wp","href":"https:\/\/api.w.org\/{rel}","templated":true}]}}