{"id":7373,"date":"2022-09-23T09:56:38","date_gmt":"2022-09-23T09:56:38","guid":{"rendered":"https:\/\/nakyxozy.cyon.site\/ueber-uns\/"},"modified":"2023-02-07T10:25:32","modified_gmt":"2023-02-07T10:25:32","slug":"ueber-uns","status":"publish","type":"page","link":"https:\/\/chrono-scope.ch\/de\/ueber-uns\/","title":{"rendered":"\u00dcber uns"},"content":{"rendered":"\t\t<div data-elementor-type=\"wp-page\" data-elementor-id=\"7373\" class=\"elementor elementor-7373 elementor-44\" data-elementor-post-type=\"page\">\n\t\t\t\t\t\t<section class=\"elementor-section elementor-top-section elementor-element elementor-element-044436d elementor-section-height-min-height elementor-section-items-stretch elementor-section-content-top elementor-section-full_width elementor-section-height-default\" data-id=\"044436d\" data-element_type=\"section\" data-e-type=\"section\" data-settings=\"{&quot;background_background&quot;:&quot;classic&quot;}\">\n\t\t\t\t\t\t\t<div class=\"elementor-background-overlay\"><\/div>\n\t\t\t\t\t\t\t<div class=\"elementor-container elementor-column-gap-no\">\n\t\t\t\t\t<div class=\"elementor-column elementor-col-100 elementor-top-column elementor-element elementor-element-78330f9\" data-id=\"78330f9\" data-element_type=\"column\" data-e-type=\"column\" data-settings=\"{&quot;background_background&quot;:&quot;classic&quot;}\">\n\t\t\t<div class=\"elementor-widget-wrap elementor-element-populated\">\n\t\t\t\t\t<div class=\"elementor-background-overlay\"><\/div>\n\t\t\t\t\t\t<section class=\"elementor-section elementor-inner-section elementor-element elementor-element-5f5d184 elementor-section-boxed elementor-section-height-default elementor-section-height-default\" data-id=\"5f5d184\" data-element_type=\"section\" data-e-type=\"section\" data-settings=\"{&quot;background_background&quot;:&quot;classic&quot;}\">\n\t\t\t\t\t\t<div class=\"elementor-container elementor-column-gap-no\">\n\t\t\t\t\t<div class=\"elementor-column elementor-col-100 elementor-inner-column elementor-element elementor-element-efce3d9\" data-id=\"efce3d9\" data-element_type=\"column\" data-e-type=\"column\" data-settings=\"{&quot;background_background&quot;:&quot;classic&quot;}\">\n\t\t\t<div class=\"elementor-widget-wrap elementor-element-populated\">\n\t\t\t\t\t<div class=\"elementor-background-overlay\"><\/div>\n\t\t\t\t\t\t<div class=\"elementor-element elementor-element-7135358 elementor-widget elementor-widget-spacer\" data-id=\"7135358\" data-element_type=\"widget\" data-e-type=\"widget\" data-widget_type=\"spacer.default\">\n\t\t\t\t<div class=\"elementor-widget-container\">\n\t\t\t\t\t\t\t<div class=\"elementor-spacer\">\n\t\t\t<div class=\"elementor-spacer-inner\"><\/div>\n\t\t<\/div>\n\t\t\t\t\t\t<\/div>\n\t\t\t\t<\/div>\n\t\t\t\t<div class=\"elementor-element elementor-element-e1f60cf elementor-invisible elementor-widget elementor-widget-heading\" data-id=\"e1f60cf\" data-element_type=\"widget\" data-e-type=\"widget\" data-settings=\"{&quot;_animation&quot;:&quot;fadeIn&quot;}\" data-widget_type=\"heading.default\">\n\t\t\t\t<div class=\"elementor-widget-container\">\n\t\t\t\t\t<h1 class=\"elementor-heading-title elementor-size-default\">\u00dcber<br>uns<\/h1>\t\t\t\t<\/div>\n\t\t\t\t<\/div>\n\t\t\t\t<div class=\"elementor-element elementor-element-8aff3a3 elementor-widget-divider--view-line elementor-invisible elementor-widget elementor-widget-divider\" data-id=\"8aff3a3\" data-element_type=\"widget\" data-e-type=\"widget\" data-settings=\"{&quot;_animation&quot;:&quot;fadeIn&quot;,&quot;_animation_delay&quot;:&quot;200&quot;}\" data-widget_type=\"divider.default\">\n\t\t\t\t<div class=\"elementor-widget-container\">\n\t\t\t\t\t\t\t<div class=\"elementor-divider\">\n\t\t\t<span class=\"elementor-divider-separator\">\n\t\t\t\t\t\t<\/span>\n\t\t<\/div>\n\t\t\t\t\t\t<\/div>\n\t\t\t\t<\/div>\n\t\t\t\t<div class=\"elementor-element elementor-element-12b5cdd elementor-invisible elementor-widget elementor-widget-heading\" data-id=\"12b5cdd\" data-element_type=\"widget\" data-e-type=\"widget\" data-settings=\"{&quot;_animation&quot;:&quot;fadeIn&quot;,&quot;_animation_delay&quot;:&quot;400&quot;}\" data-widget_type=\"heading.default\">\n\t\t\t\t<div class=\"elementor-widget-container\">\n\t\t\t\t\t<h2 class=\"elementor-heading-title elementor-size-default\">Chronoscope ist ein Instrument zur pr\u00e4zisen Messung kleiner Zeitintervalle  <\/h2>\t\t\t\t<\/div>\n\t\t\t\t<\/div>\n\t\t\t\t<div class=\"elementor-element elementor-element-66e9b2d elementor-widget elementor-widget-text-editor\" data-id=\"66e9b2d\" data-element_type=\"widget\" data-e-type=\"widget\" data-widget_type=\"text-editor.default\">\n\t\t\t\t<div class=\"elementor-widget-container\">\n\t\t\t\t\t\t\t\t\t<p>Wir verkaufen, tauschen und kaufen Sammleruhren, sowohl alte als auch neue. Bei teuren Zeitmessern k\u00f6nnen wir Ihnen anbieten, sie in Ihrem Namen auf Provisionsbasis zu verkaufen.<\/p>\n<p>Wir haben kein Ladengesch\u00e4ft und die Uhren werden nicht im B\u00fcro aufbewahrt. Nach vorheriger Absprache vereinbaren wir gerne eine pers\u00f6nliche oder virtuelle\/online Besichtigung.<\/p>\n\t\t\t\t\t\t\t\t<\/div>\n\t\t\t\t<\/div>\n\t\t\t\t\t<\/div>\n\t\t<\/div>\n\t\t\t\t\t<\/div>\n\t\t<\/section>\n\t\t\t\t<div class=\"elementor-element elementor-element-3eeab6f elementor-widget__width-initial elementor-widget-tablet__width-initial elementor-widget-mobile__width-inherit elementor-absolute elementor-invisible elementor-widget elementor-widget-image\" data-id=\"3eeab6f\" data-element_type=\"widget\" data-e-type=\"widget\" data-settings=\"{&quot;_animation&quot;:&quot;slideInRight&quot;,&quot;_position&quot;:&quot;absolute&quot;}\" data-widget_type=\"image.default\">\n\t\t\t\t<div class=\"elementor-widget-container\">\n\t\t\t\t\t\t\t\t\t\t\t\t\t\t\t<img fetchpriority=\"high\" decoding=\"async\" width=\"800\" height=\"606\" src=\"https:\/\/chrono-scope.ch\/wp-content\/uploads\/2022\/10\/Glycine-Vintage-Ariman-SST-10-1slider-1024x776.jpg\" class=\"attachment-large size-large wp-image-4883\" alt=\"\" srcset=\"https:\/\/chrono-scope.ch\/wp-content\/uploads\/2022\/10\/Glycine-Vintage-Ariman-SST-10-1slider-1024x776.jpg 1024w, https:\/\/chrono-scope.ch\/wp-content\/uploads\/2022\/10\/Glycine-Vintage-Ariman-SST-10-1slider-600x455.jpg 600w, https:\/\/chrono-scope.ch\/wp-content\/uploads\/2022\/10\/Glycine-Vintage-Ariman-SST-10-1slider-64x49.jpg 64w, https:\/\/chrono-scope.ch\/wp-content\/uploads\/2022\/10\/Glycine-Vintage-Ariman-SST-10-1slider-300x227.jpg 300w, https:\/\/chrono-scope.ch\/wp-content\/uploads\/2022\/10\/Glycine-Vintage-Ariman-SST-10-1slider-768x582.jpg 768w, https:\/\/chrono-scope.ch\/wp-content\/uploads\/2022\/10\/Glycine-Vintage-Ariman-SST-10-1slider-1536x1164.jpg 1536w, https:\/\/chrono-scope.ch\/wp-content\/uploads\/2022\/10\/Glycine-Vintage-Ariman-SST-10-1slider-2048x1552.jpg 2048w\" sizes=\"(max-width: 800px) 100vw, 800px\" \/>\t\t\t\t\t\t\t\t\t\t\t\t\t\t\t<\/div>\n\t\t\t\t<\/div>\n\t\t\t\t\t<\/div>\n\t\t<\/div>\n\t\t\t\t\t<\/div>\n\t\t<\/section>\n\t\t\t\t<section class=\"elementor-section elementor-top-section elementor-element elementor-element-314b7d1c elementor-section-height-min-height elementor-section-content-middle elementor-section-full_width elementor-section-items-stretch elementor-section-height-default\" data-id=\"314b7d1c\" data-element_type=\"section\" data-e-type=\"section\" id=\"perfectresults\">\n\t\t\t\t\t\t<div class=\"elementor-container elementor-column-gap-no\">\n\t\t\t\t\t<div class=\"elementor-column elementor-col-50 elementor-top-column elementor-element elementor-element-11c43b43\" data-id=\"11c43b43\" data-element_type=\"column\" data-e-type=\"column\" data-settings=\"{&quot;background_background&quot;:&quot;classic&quot;}\">\n\t\t\t<div class=\"elementor-widget-wrap elementor-element-populated\">\n\t\t\t\t\t<div class=\"elementor-background-overlay\"><\/div>\n\t\t\t\t\t\t<div class=\"elementor-element elementor-element-583d6c3b elementor-widget elementor-widget-spacer\" data-id=\"583d6c3b\" data-element_type=\"widget\" data-e-type=\"widget\" data-widget_type=\"spacer.default\">\n\t\t\t\t<div class=\"elementor-widget-container\">\n\t\t\t\t\t\t\t<div class=\"elementor-spacer\">\n\t\t\t<div class=\"elementor-spacer-inner\"><\/div>\n\t\t<\/div>\n\t\t\t\t\t\t<\/div>\n\t\t\t\t<\/div>\n\t\t\t\t\t<\/div>\n\t\t<\/div>\n\t\t\t\t<div class=\"elementor-column elementor-col-50 elementor-top-column elementor-element elementor-element-5ba94b23\" data-id=\"5ba94b23\" data-element_type=\"column\" data-e-type=\"column\">\n\t\t\t<div class=\"elementor-widget-wrap elementor-element-populated\">\n\t\t\t\t\t\t<div class=\"elementor-element elementor-element-5d6f0ab3 elementor-invisible elementor-widget elementor-widget-heading\" data-id=\"5d6f0ab3\" data-element_type=\"widget\" data-e-type=\"widget\" data-settings=\"{&quot;_animation&quot;:&quot;fadeIn&quot;}\" data-widget_type=\"heading.default\">\n\t\t\t\t<div class=\"elementor-widget-container\">\n\t\t\t\t\t<h2 class=\"elementor-heading-title elementor-size-default\">Wer wir sind<\/h2>\t\t\t\t<\/div>\n\t\t\t\t<\/div>\n\t\t\t\t<div class=\"elementor-element elementor-element-751449dc elementor-widget-divider--view-line elementor-invisible elementor-widget elementor-widget-divider\" data-id=\"751449dc\" data-element_type=\"widget\" data-e-type=\"widget\" data-settings=\"{&quot;_animation&quot;:&quot;slideInRight&quot;}\" data-widget_type=\"divider.default\">\n\t\t\t\t<div class=\"elementor-widget-container\">\n\t\t\t\t\t\t\t<div class=\"elementor-divider\">\n\t\t\t<span class=\"elementor-divider-separator\">\n\t\t\t\t\t\t<\/span>\n\t\t<\/div>\n\t\t\t\t\t\t<\/div>\n\t\t\t\t<\/div>\n\t\t\t\t<div class=\"elementor-element elementor-element-4414ab82 elementor-widget elementor-widget-text-editor\" data-id=\"4414ab82\" data-element_type=\"widget\" data-e-type=\"widget\" data-widget_type=\"text-editor.default\">\n\t\t\t\t<div class=\"elementor-widget-container\">\n\t\t\t\t\t\t\t\t\t<p>ChronoScope ist in erster Linie ein leidenschaftliches Projekt, geboren aus dem Sammeln von Uhren. In meinem Berufsleben bin ich Manager und Berater f\u00fcr internationale Unternehmen.<\/p>\n\t\t\t\t\t\t\t\t<\/div>\n\t\t\t\t<\/div>\n\t\t\t\t<div class=\"elementor-element elementor-element-27e60d7f elementor-invisible elementor-widget elementor-widget-heading\" data-id=\"27e60d7f\" data-element_type=\"widget\" data-e-type=\"widget\" data-settings=\"{&quot;_animation&quot;:&quot;fadeIn&quot;,&quot;_animation_delay&quot;:&quot;400&quot;}\" data-widget_type=\"heading.default\">\n\t\t\t\t<div class=\"elementor-widget-container\">\n\t\t\t\t\t<h4 class=\"elementor-heading-title elementor-size-default\">\"Ich biete nur Uhren an, f\u00fcr die ich mich interessiere und die ich selbst mit Stolz trage.  <\/h4>\t\t\t\t<\/div>\n\t\t\t\t<\/div>\n\t\t\t\t<div class=\"elementor-element elementor-element-14748035 elementor-widget elementor-widget-text-editor\" data-id=\"14748035\" data-element_type=\"widget\" data-e-type=\"widget\" data-widget_type=\"text-editor.default\">\n\t\t\t\t<div class=\"elementor-widget-container\">\n\t\t\t\t\t\t\t\t\t<p><em>Stefan Traber, Gr\u00fcnder von ChronoScope<\/em><\/p>\n\t\t\t\t\t\t\t\t<\/div>\n\t\t\t\t<\/div>\n\t\t\t\t\t<\/div>\n\t\t<\/div>\n\t\t\t\t\t<\/div>\n\t\t<\/section>\n\t\t\t\t<section class=\"elementor-section elementor-top-section elementor-element elementor-element-1c9e6fc7 elementor-section-height-min-height elementor-section-items-top elementor-section-content-top elementor-section-boxed elementor-section-height-default\" data-id=\"1c9e6fc7\" data-element_type=\"section\" data-e-type=\"section\" data-settings=\"{&quot;background_background&quot;:&quot;classic&quot;}\">\n\t\t\t\t\t\t\t<div class=\"elementor-background-overlay\"><\/div>\n\t\t\t\t\t\t\t<div class=\"elementor-container elementor-column-gap-no\">\n\t\t\t\t\t<div class=\"elementor-column elementor-col-100 elementor-top-column elementor-element elementor-element-1754d41c\" data-id=\"1754d41c\" data-element_type=\"column\" data-e-type=\"column\">\n\t\t\t<div class=\"elementor-widget-wrap elementor-element-populated\">\n\t\t\t\t\t\t<div class=\"elementor-element elementor-element-7beaee5c elementor-invisible elementor-widget elementor-widget-heading\" data-id=\"7beaee5c\" data-element_type=\"widget\" data-e-type=\"widget\" data-settings=\"{&quot;_animation&quot;:&quot;fadeIn&quot;}\" data-widget_type=\"heading.default\">\n\t\t\t\t<div class=\"elementor-widget-container\">\n\t\t\t\t\t<h2 class=\"elementor-heading-title elementor-size-default\">Das Team<\/h2>\t\t\t\t<\/div>\n\t\t\t\t<\/div>\n\t\t\t\t<div class=\"elementor-element elementor-element-2cda269 elementor-widget-divider--view-line elementor-invisible elementor-widget elementor-widget-divider\" data-id=\"2cda269\" data-element_type=\"widget\" data-e-type=\"widget\" data-settings=\"{&quot;_animation&quot;:&quot;fadeIn&quot;,&quot;_animation_delay&quot;:&quot;200&quot;}\" data-widget_type=\"divider.default\">\n\t\t\t\t<div class=\"elementor-widget-container\">\n\t\t\t\t\t\t\t<div class=\"elementor-divider\">\n\t\t\t<span class=\"elementor-divider-separator\">\n\t\t\t\t\t\t<\/span>\n\t\t<\/div>\n\t\t\t\t\t\t<\/div>\n\t\t\t\t<\/div>\n\t\t\t\t<section class=\"elementor-section elementor-inner-section elementor-element elementor-element-71f77c6c elementor-section-full_width elementor-section-height-default elementor-section-height-default\" data-id=\"71f77c6c\" data-element_type=\"section\" data-e-type=\"section\">\n\t\t\t\t\t\t<div class=\"elementor-container elementor-column-gap-no\">\n\t\t\t\t\t<div class=\"elementor-column elementor-col-25 elementor-inner-column elementor-element elementor-element-1dbf5df0\" data-id=\"1dbf5df0\" data-element_type=\"column\" data-e-type=\"column\">\n\t\t\t<div class=\"elementor-widget-wrap elementor-element-populated\">\n\t\t\t\t\t\t<div class=\"elementor-element elementor-element-6e56bffe elementor-position-top elementor-widget elementor-widget-image-box\" data-id=\"6e56bffe\" data-element_type=\"widget\" data-e-type=\"widget\" data-widget_type=\"image-box.default\">\n\t\t\t\t<div class=\"elementor-widget-container\">\n\t\t\t\t\t<div class=\"elementor-image-box-wrapper\"><figure class=\"elementor-image-box-img\"><img decoding=\"async\" width=\"2484\" height=\"2484\" src=\"https:\/\/chrono-scope.ch\/wp-content\/uploads\/2022\/11\/DSC6191.jpg\" class=\"attachment-full size-full wp-image-5731\" alt=\"\" srcset=\"https:\/\/chrono-scope.ch\/wp-content\/uploads\/2022\/11\/DSC6191.jpg 2484w, https:\/\/chrono-scope.ch\/wp-content\/uploads\/2022\/11\/DSC6191-340x340.jpg 340w, https:\/\/chrono-scope.ch\/wp-content\/uploads\/2022\/11\/DSC6191-100x100.jpg 100w, https:\/\/chrono-scope.ch\/wp-content\/uploads\/2022\/11\/DSC6191-600x600.jpg 600w, https:\/\/chrono-scope.ch\/wp-content\/uploads\/2022\/11\/DSC6191-64x64.jpg 64w, https:\/\/chrono-scope.ch\/wp-content\/uploads\/2022\/11\/DSC6191-300x300.jpg 300w, https:\/\/chrono-scope.ch\/wp-content\/uploads\/2022\/11\/DSC6191-1024x1024.jpg 1024w, https:\/\/chrono-scope.ch\/wp-content\/uploads\/2022\/11\/DSC6191-150x150.jpg 150w, https:\/\/chrono-scope.ch\/wp-content\/uploads\/2022\/11\/DSC6191-768x768.jpg 768w, https:\/\/chrono-scope.ch\/wp-content\/uploads\/2022\/11\/DSC6191-1536x1536.jpg 1536w, https:\/\/chrono-scope.ch\/wp-content\/uploads\/2022\/11\/DSC6191-2048x2048.jpg 2048w\" sizes=\"(max-width: 2484px) 100vw, 2484px\" \/><\/figure><div class=\"elementor-image-box-content\"><h4 class=\"elementor-image-box-title\">Stefan Traber<\/h4><p class=\"elementor-image-box-description\">Eigent\u00fcmer und Gr\u00fcnder<\/p><\/div><\/div>\t\t\t\t<\/div>\n\t\t\t\t<\/div>\n\t\t\t\t\t<\/div>\n\t\t<\/div>\n\t\t\t\t<div class=\"elementor-column elementor-col-25 elementor-inner-column elementor-element elementor-element-617293f2\" data-id=\"617293f2\" data-element_type=\"column\" data-e-type=\"column\">\n\t\t\t<div class=\"elementor-widget-wrap elementor-element-populated\">\n\t\t\t\t\t\t<div class=\"elementor-element elementor-element-1ab6ef47 elementor-position-top elementor-widget elementor-widget-image-box\" data-id=\"1ab6ef47\" data-element_type=\"widget\" data-e-type=\"widget\" data-widget_type=\"image-box.default\">\n\t\t\t\t<div class=\"elementor-widget-container\">\n\t\t\t\t\t<div class=\"elementor-image-box-wrapper\"><figure class=\"elementor-image-box-img\"><img decoding=\"async\" width=\"340\" height=\"340\" src=\"https:\/\/chrono-scope.ch\/wp-content\/uploads\/Untitled-design-4-340x340.png\" class=\"attachment-woocommerce_thumbnail size-woocommerce_thumbnail wp-image-7261\" alt=\"\" srcset=\"https:\/\/chrono-scope.ch\/wp-content\/uploads\/Untitled-design-4-340x340.png 340w, https:\/\/chrono-scope.ch\/wp-content\/uploads\/Untitled-design-4-100x100.png 100w, https:\/\/chrono-scope.ch\/wp-content\/uploads\/Untitled-design-4-150x150.png 150w\" sizes=\"(max-width: 340px) 100vw, 340px\" \/><\/figure><div class=\"elementor-image-box-content\"><h4 class=\"elementor-image-box-title\">Sasha<\/h4><p class=\"elementor-image-box-description\">Verwaltung und Finanzen<\/p><\/div><\/div>\t\t\t\t<\/div>\n\t\t\t\t<\/div>\n\t\t\t\t\t<\/div>\n\t\t<\/div>\n\t\t\t\t<div class=\"elementor-column elementor-col-25 elementor-inner-column elementor-element elementor-element-19a691ac\" data-id=\"19a691ac\" data-element_type=\"column\" data-e-type=\"column\">\n\t\t\t<div class=\"elementor-widget-wrap elementor-element-populated\">\n\t\t\t\t\t\t<div class=\"elementor-element elementor-element-808839f elementor-position-top elementor-widget elementor-widget-image-box\" data-id=\"808839f\" data-element_type=\"widget\" data-e-type=\"widget\" data-widget_type=\"image-box.default\">\n\t\t\t\t<div class=\"elementor-widget-container\">\n\t\t\t\t\t<div class=\"elementor-image-box-wrapper\"><figure class=\"elementor-image-box-img\"><img loading=\"lazy\" decoding=\"async\" width=\"340\" height=\"340\" src=\"https:\/\/chrono-scope.ch\/wp-content\/uploads\/MicrosoftTeams-image-16-340x340.jpg\" class=\"attachment-woocommerce_thumbnail size-woocommerce_thumbnail wp-image-7262\" alt=\"\" srcset=\"https:\/\/chrono-scope.ch\/wp-content\/uploads\/MicrosoftTeams-image-16-340x340.jpg 340w, https:\/\/chrono-scope.ch\/wp-content\/uploads\/MicrosoftTeams-image-16-100x100.jpg 100w, https:\/\/chrono-scope.ch\/wp-content\/uploads\/MicrosoftTeams-image-16-150x150.jpg 150w\" sizes=\"(max-width: 340px) 100vw, 340px\" \/><\/figure><div class=\"elementor-image-box-content\"><h4 class=\"elementor-image-box-title\">Anastasia<\/h4><p class=\"elementor-image-box-description\">Marketing und soziale Medien<\/p><\/div><\/div>\t\t\t\t<\/div>\n\t\t\t\t<\/div>\n\t\t\t\t\t<\/div>\n\t\t<\/div>\n\t\t\t\t<div class=\"elementor-column elementor-col-25 elementor-inner-column elementor-element elementor-element-8223bbd\" data-id=\"8223bbd\" data-element_type=\"column\" data-e-type=\"column\">\n\t\t\t<div class=\"elementor-widget-wrap elementor-element-populated\">\n\t\t\t\t\t\t<div class=\"elementor-element elementor-element-bbf7160 elementor-position-top elementor-widget elementor-widget-image-box\" data-id=\"bbf7160\" data-element_type=\"widget\" data-e-type=\"widget\" data-widget_type=\"image-box.default\">\n\t\t\t\t<div class=\"elementor-widget-container\">\n\t\t\t\t\t<div class=\"elementor-image-box-wrapper\"><figure class=\"elementor-image-box-img\"><img loading=\"lazy\" decoding=\"async\" width=\"340\" height=\"340\" src=\"https:\/\/chrono-scope.ch\/wp-content\/uploads\/2022\/12\/WhatsApp-Image-2022-11-29-at-17.11.02-340x340.jpeg\" class=\"attachment-woocommerce_thumbnail size-woocommerce_thumbnail wp-image-6098\" alt=\"\" srcset=\"https:\/\/chrono-scope.ch\/wp-content\/uploads\/2022\/12\/WhatsApp-Image-2022-11-29-at-17.11.02-340x340.jpeg 340w, https:\/\/chrono-scope.ch\/wp-content\/uploads\/2022\/12\/WhatsApp-Image-2022-11-29-at-17.11.02-100x100.jpeg 100w, https:\/\/chrono-scope.ch\/wp-content\/uploads\/2022\/12\/WhatsApp-Image-2022-11-29-at-17.11.02-600x598.jpeg 600w, https:\/\/chrono-scope.ch\/wp-content\/uploads\/2022\/12\/WhatsApp-Image-2022-11-29-at-17.11.02-64x64.jpeg 64w, https:\/\/chrono-scope.ch\/wp-content\/uploads\/2022\/12\/WhatsApp-Image-2022-11-29-at-17.11.02-300x300.jpeg 300w, https:\/\/chrono-scope.ch\/wp-content\/uploads\/2022\/12\/WhatsApp-Image-2022-11-29-at-17.11.02-1024x1021.jpeg 1024w, https:\/\/chrono-scope.ch\/wp-content\/uploads\/2022\/12\/WhatsApp-Image-2022-11-29-at-17.11.02-150x150.jpeg 150w, https:\/\/chrono-scope.ch\/wp-content\/uploads\/2022\/12\/WhatsApp-Image-2022-11-29-at-17.11.02-768x765.jpeg 768w, https:\/\/chrono-scope.ch\/wp-content\/uploads\/2022\/12\/WhatsApp-Image-2022-11-29-at-17.11.02.jpeg 1202w\" sizes=\"(max-width: 340px) 100vw, 340px\" \/><\/figure><div class=\"elementor-image-box-content\"><h4 class=\"elementor-image-box-title\">Oussama<\/h4><p class=\"elementor-image-box-description\">Sch\u00f6pfer und Berater von Inhalten<\/p><\/div><\/div>\t\t\t\t<\/div>\n\t\t\t\t<\/div>\n\t\t\t\t\t<\/div>\n\t\t<\/div>\n\t\t\t\t\t<\/div>\n\t\t<\/section>\n\t\t\t\t\t<\/div>\n\t\t<\/div>\n\t\t\t\t\t<\/div>\n\t\t<\/section>\n\t\t\t\t<section class=\"elementor-section elementor-top-section elementor-element elementor-element-b1f94ad elementor-section-height-min-height elementor-section-content-middle elementor-section-full_width elementor-section-items-stretch elementor-section-height-default\" data-id=\"b1f94ad\" data-element_type=\"section\" data-e-type=\"section\">\n\t\t\t\t\t\t<div class=\"elementor-container elementor-column-gap-no\">\n\t\t\t\t\t<div class=\"elementor-column elementor-col-50 elementor-top-column elementor-element elementor-element-933fba1\" data-id=\"933fba1\" data-element_type=\"column\" data-e-type=\"column\" data-settings=\"{&quot;background_background&quot;:&quot;classic&quot;}\">\n\t\t\t<div class=\"elementor-widget-wrap elementor-element-populated\">\n\t\t\t\t\t\t<div class=\"elementor-element elementor-element-d08ac1e elementor-widget elementor-widget-spacer\" data-id=\"d08ac1e\" data-element_type=\"widget\" data-e-type=\"widget\" data-widget_type=\"spacer.default\">\n\t\t\t\t<div class=\"elementor-widget-container\">\n\t\t\t\t\t\t\t<div class=\"elementor-spacer\">\n\t\t\t<div class=\"elementor-spacer-inner\"><\/div>\n\t\t<\/div>\n\t\t\t\t\t\t<\/div>\n\t\t\t\t<\/div>\n\t\t\t\t\t<\/div>\n\t\t<\/div>\n\t\t\t\t<div class=\"elementor-column elementor-col-50 elementor-top-column elementor-element elementor-element-f11f376\" data-id=\"f11f376\" data-element_type=\"column\" data-e-type=\"column\">\n\t\t\t<div class=\"elementor-widget-wrap elementor-element-populated\">\n\t\t\t\t\t\t<div class=\"elementor-element elementor-element-0f7ad05 elementor-widget-divider--view-line elementor-invisible elementor-widget elementor-widget-divider\" data-id=\"0f7ad05\" data-element_type=\"widget\" data-e-type=\"widget\" data-settings=\"{&quot;_animation&quot;:&quot;slideInRight&quot;}\" data-widget_type=\"divider.default\">\n\t\t\t\t<div class=\"elementor-widget-container\">\n\t\t\t\t\t\t\t<div class=\"elementor-divider\">\n\t\t\t<span class=\"elementor-divider-separator\">\n\t\t\t\t\t\t<\/span>\n\t\t<\/div>\n\t\t\t\t\t\t<\/div>\n\t\t\t\t<\/div>\n\t\t\t\t<div class=\"elementor-element elementor-element-65185b3 elementor-invisible elementor-widget elementor-widget-heading\" data-id=\"65185b3\" data-element_type=\"widget\" data-e-type=\"widget\" data-settings=\"{&quot;_animation&quot;:&quot;fadeIn&quot;,&quot;_animation_delay&quot;:&quot;400&quot;}\" data-widget_type=\"heading.default\">\n\t\t\t\t<div class=\"elementor-widget-container\">\n\t\t\t\t\t<h3 class=\"elementor-heading-title elementor-size-default\">Wenn Sie Fragen haben, k\u00f6nnen Sie diese gerne in Ihrer Muttersprache stellen. Wir werden einen Weg finden, um zu antworten.<\/h3>\t\t\t\t<\/div>\n\t\t\t\t<\/div>\n\t\t\t\t<div class=\"elementor-element elementor-element-15ea10f elementor-widget elementor-widget-text-editor\" data-id=\"15ea10f\" data-element_type=\"widget\" data-e-type=\"widget\" data-widget_type=\"text-editor.default\">\n\t\t\t\t<div class=\"elementor-widget-container\">\n\t\t\t\t\t\t\t\t\t<p>Ich arbeite nach den folgenden Grunds\u00e4tzen<\/p>\n<p>1) Ehrliche und transparente Beschreibung der Uhren<\/p>\n<p>2) Faire Angebote<\/p>\n<p>3) Freundlicher und pers\u00f6nlicher Kontakt mit den Kunden<\/p>\n<p>Viele meiner Kunden wurden zu Freunden in der Uhrengemeinschaft. Ich w\u00fcrde mich freuen, wenn Sie unserer Gemeinschaft beitreten w\u00fcrden.<\/p>\n\t\t\t\t\t\t\t\t<\/div>\n\t\t\t\t<\/div>\n\t\t\t\t<div class=\"elementor-element elementor-element-d140314 elementor-mobile-align-center elementor-widget elementor-widget-button\" data-id=\"d140314\" data-element_type=\"widget\" data-e-type=\"widget\" data-widget_type=\"button.default\">\n\t\t\t\t<div class=\"elementor-widget-container\">\n\t\t\t\t\t\t\t\t\t<div class=\"elementor-button-wrapper\">\n\t\t\t\t\t<a class=\"elementor-button elementor-button-link elementor-size-sm\" href=\"https:\/\/chrono-scope.ch\/de\/kontakt\/\">\n\t\t\t\t\t\t<span class=\"elementor-button-content-wrapper\">\n\t\t\t\t\t\t\t\t\t<span class=\"elementor-button-text\">Kontakt<\/span>\n\t\t\t\t\t<\/span>\n\t\t\t\t\t<\/a>\n\t\t\t\t<\/div>\n\t\t\t\t\t\t\t\t<\/div>\n\t\t\t\t<\/div>\n\t\t\t\t\t<\/div>\n\t\t<\/div>\n\t\t\t\t\t<\/div>\n\t\t<\/section>\n\t\t\t\t<\/div>\n\t\t","protected":false},"excerpt":{"rendered":"<p>\u00dcberuns Chronoscope ist ein Instrument zur pr\u00e4zisen Messung kleiner Zeitintervalle Wir verkaufen, tauschen und kaufen Sammleruhren, sowohl alte als auch neue. Bei teuren Zeitmessern k\u00f6nnen wir Ihnen anbieten, sie in Ihrem Namen auf Provisionsbasis zu verkaufen. Wir haben kein Ladengesch\u00e4ft und die Uhren werden nicht im B\u00fcro aufbewahrt. Nach vorheriger Absprache vereinbaren wir gerne eine [&hellip;]<\/p>\n","protected":false},"author":4,"featured_media":0,"parent":0,"menu_order":0,"comment_status":"closed","ping_status":"closed","template":"","meta":{"om_disable_all_campaigns":false,"_monsterinsights_skip_tracking":false,"_monsterinsights_sitenote_active":false,"_monsterinsights_sitenote_note":"","_monsterinsights_sitenote_category":0,"footnotes":""},"class_list":["post-7373","page","type-page","status-publish","hentry"],"aioseo_notices":[],"_links":{"self":[{"href":"https:\/\/chrono-scope.ch\/de\/wp-json\/wp\/v2\/pages\/7373","targetHints":{"allow":["GET"]}}],"collection":[{"href":"https:\/\/chrono-scope.ch\/de\/wp-json\/wp\/v2\/pages"}],"about":[{"href":"https:\/\/chrono-scope.ch\/de\/wp-json\/wp\/v2\/types\/page"}],"author":[{"embeddable":true,"href":"https:\/\/chrono-scope.ch\/de\/wp-json\/wp\/v2\/users\/4"}],"replies":[{"embeddable":true,"href":"https:\/\/chrono-scope.ch\/de\/wp-json\/wp\/v2\/comments?post=7373"}],"version-history":[{"count":0,"href":"https:\/\/chrono-scope.ch\/de\/wp-json\/wp\/v2\/pages\/7373\/revisions"}],"wp:attachment":[{"href":"https:\/\/chrono-scope.ch\/de\/wp-json\/wp\/v2\/media?parent=7373"}],"curies":[{"name":"wp","href":"https:\/\/api.w.org\/{rel}","templated":true}]}}